{"id":34042,"date":"2023-06-19T17:47:14","date_gmt":"2023-06-19T15:47:14","guid":{"rendered":"https:\/\/www.betaminic.com\/?page_id=34042"},"modified":"2023-06-19T17:47:20","modified_gmt":"2023-06-19T15:47:20","slug":"hilfe","status":"publish","type":"page","link":"https:\/\/www.betaminic.com\/de\/betamin-builder\/hilfe\/","title":{"rendered":"Hilfe"},"content":{"rendered":"<section class=\"wpb-content-wrapper\">[vc_row offset_top=&#8220;180&#8243; css=&#8220;.vc_custom_1506945318907{padding-top: 50px !important;padding-bottom: 50px !important;}&#8220;][vc_column][vc_row_inner][vc_column_inner width=&#8220;1\/2&#8243; class=&#8220;home_video_banner&#8220;][vc_single_image image=&#8220;34059&#8243; link=&#8220;https:\/\/www.betaminic.com\/de\/wie-sie-mit-betamin-builder-profitable-strategien-erstellen\/&#8220; onclick=&#8220;custom_link&#8220;][\/vc_column_inner][vc_column_inner width=&#8220;1\/2&#8243;]<h2 class=\"block-title text-dark text-center front-heading-title\">Wie Sie mit Betamin Builder profitable Strategien erstellen<\/h2>[vc_column_text]<span style=\"font-size: 12pt;\">Lernen Sie alle notwendigen Schritte, um profitable Strategien wie die von uns gezeigte mit Hilfe des Betamin Builders zu erstellen. W\u00e4hlen Sie die gew\u00fcnschten Filter, analysieren Sie die Charts und \u00fcberpr\u00fcfen Sie die zusammengefassten Daten der Strategie, bevor Sie sie speichern.<\/span><\/p>\n<p><span style=\"font-size: 12pt;\">Erstellen Sie Strategien in wenigen Minuten, indem Sie nach Trends suchen, die sich in der Vergangenheit bew\u00e4hrt haben, den maximalen Drawdown \u00fcberpr\u00fcfen, um das Risiko zu minimieren, und die Entwicklung des Rdo anhand von drei verschiedenen Diagrammen verfolgen.<\/span><\/p>\n\n<p><a href=\"https:\/\/www.betaminic.com\/de\/wie-sie-mit-betamin-builder-profitable-strategien-erstellen\/\" target=\"_blank\" rel=\"noopener\">[Mehr Informationen]<\/a><\/p>\n<div id=\"mouseposition-extension-element-full-container\" style=\"position: fixed; inset: 0px; pointer-events: none; z-index: 2147483647; font-weight: 400;\">\n<div id=\"mouseposition-extension-element-rect-display\" style=\"display: none; position: absolute; background: rgba(255, 255, 255, 0.7); outline: black solid 1px; font-size: 12px; z-index: 2147483647; justify-content: center; align-items: center; user-select: none; cursor: default; color: #000000; font-family: 'Helvetica Neue', Helvetica, Arial, sans-serif; width: 0px; height: 0px;\">\n<pre style=\"flex: 1 1 0%; text-align: center; background-color: rgba(255, 255, 255, 0.7); color: #000000; min-width: 42px; min-height: 12px; transition: all 1s ease 0s;\"><\/pre>\n<\/div>\n<pre id=\"mouseposition-extension-element-coordinate-display\" style=\"position: absolute; display: none; background: #ffffff; font-size: 12px; line-height: 14px; border-radius: 3px; border-width: 1px; border-color: #222222 black #333333; border-style: solid; padding: 3px; z-index: 2147483647; color: #222222; user-select: none; cursor: default; font-family: 'Helvetica Neue', Helvetica, Arial, sans-serif;\"><\/pre>\n<\/div>\n[\/vc_column_text][\/vc_column_inner][\/vc_row_inner][\/vc_column][\/vc_row][vc_row offset_top=&#8220;180&#8243; css=&#8220;.vc_custom_1506945318907{padding-top: 50px !important;padding-bottom: 50px !important;}&#8220;][vc_column][vc_row_inner class=&#8220;home_video_banner&#8220;][vc_column_inner width=&#8220;1\/2&#8243; class=&#8220;home_video_banner&#8220;]<h2 class=\"block-title text-dark text-center front-heading-title\">Wie man Picks von den Strategien erh\u00e4lt<\/h2>[vc_column_text]<span style=\"font-size: 12pt;\">Dieses Tutorial zeigt Ihnen auf einfache Weise, wie Sie die Picks der Strategien erhalten, damit Sie keine einzige Meldung verpassen und jedes Mal sofort benachrichtigt werden, wenn es einen neuen Pick gibt.<\/span><\/p>\n<p><span style=\"font-size: 12pt;\">Sie k\u00f6nnen die Picks direkt in Ihrem E-Mail-Konto empfangen, und sie werden auch in der Rubrik &#8222;Meine Picks&#8220; innerhalb des Tools verf\u00fcgbar sein.<\/span><\/p>\n<p><a href=\"https:\/\/www.betaminic.com\/de\/wie-man-die-picks-der-strategien-erhaelt\/\" target=\"_blank\" rel=\"noopener\">[Mehr Informationen]<\/a><\/p>\n<div id=\"mouseposition-extension-element-full-container\" style=\"position: fixed; inset: 0px; pointer-events: none; z-index: 2147483647; font-weight: 400;\">\n<div id=\"mouseposition-extension-element-rect-display\" style=\"display: none; position: absolute; background: rgba(255, 255, 255, 0.7); outline: black solid 1px; font-size: 12px; z-index: 2147483647; justify-content: center; align-items: center; user-select: none; cursor: default; color: #000000; font-family: 'Helvetica Neue', Helvetica, Arial, sans-serif; width: 0px; height: 0px;\">\n<pre style=\"flex: 1 1 0%; text-align: center; background-color: rgba(255, 255, 255, 0.7); color: #000000; min-width: 42px; min-height: 12px; transition: all 1s ease 0s;\"><\/pre>\n<\/div>\n<pre id=\"mouseposition-extension-element-coordinate-display\" style=\"position: absolute; display: none; background: #ffffff; font-size: 12px; line-height: 14px; border-radius: 3px; border-width: 1px; border-color: #222222 black #333333; border-style: solid; padding: 3px; z-index: 2147483647; color: #222222; user-select: none; cursor: default; font-family: 'Helvetica Neue', Helvetica, Arial, sans-serif;\"><\/pre>\n<\/div>\n[\/vc_column_text][\/vc_column_inner][vc_column_inner width=&#8220;1\/2&#8243;][vc_single_image image=&#8220;34060&#8243; link=&#8220;https:\/\/www.betaminic.com\/de\/wie-man-die-picks-der-strategien-erhaelt\/&#8220; onclick=&#8220;custom_link&#8220;][\/vc_column_inner][\/vc_row_inner][\/vc_column][\/vc_row][vc_row offset_top=&#8220;180&#8243; css=&#8220;.vc_custom_1506945318907{padding-top: 50px !important;padding-bottom: 50px !important;}&#8220;][vc_column][vc_row_inner][vc_column_inner width=&#8220;1\/2&#8243; class=&#8220;home_video_banner&#8220;][vc_single_image image=&#8220;34061&#8243; link=&#8220;https:\/\/www.betaminic.com\/de\/wie-man-strategien-zusammenfasst\/&#8220; onclick=&#8220;custom_link&#8220;][\/vc_column_inner][vc_column_inner width=&#8220;1\/2&#8243;]<h2 class=\"block-title text-dark text-center front-heading-title\">Wie man Strategien zusammenfasst<\/h2>[vc_column_text]<span style=\"font-size: 12pt;\">Hier finden Sie eine sehr n\u00fctzliche Funktion, die Ihnen hilft, eine Entscheidung zu treffen, wenn Sie mehr als eine Strategie verfolgen. Mit dem Strategie-AGGREGATOR k\u00f6nnen Sie mehrere Systeme kombinieren, um Ihr eigenes Strategieportfolio zu erstellen, das Risiko zu diversifizieren und die Gewinne zu optimieren.<\/span><\/p>\n<p><span style=\"font-size: 12pt;\">Wir empfehlen Ihnen, verschiedene Wettm\u00e4rkte zu kombinieren, um Pechstr\u00e4hnen auszugleichen und die Gewinne langfristig zu steigern.<\/span><\/p>\n<p><a href=\"https:\/\/www.betaminic.com\/de\/wie-man-strategien-zusammenfasst\/\" target=\"_blank\" rel=\"noopener\">[Mehr Informationen]<\/a><\/p>\n<div id=\"mouseposition-extension-element-full-container\" style=\"position: fixed; inset: 0px; pointer-events: none; z-index: 2147483647; font-weight: 400;\">\n<div id=\"mouseposition-extension-element-rect-display\" style=\"display: none; position: absolute; background: rgba(255, 255, 255, 0.7); outline: black solid 1px; font-size: 12px; z-index: 2147483647; justify-content: center; align-items: center; user-select: none; cursor: default; color: #000000; font-family: 'Helvetica Neue', Helvetica, Arial, sans-serif; width: 0px; height: 0px;\">\n<pre style=\"flex: 1 1 0%; text-align: center; background-color: rgba(255, 255, 255, 0.7); color: #000000; min-width: 42px; min-height: 12px; transition: all 1s ease 0s;\"><\/pre>\n<\/div>\n<pre id=\"mouseposition-extension-element-coordinate-display\" style=\"position: absolute; display: none; background: #ffffff; font-size: 12px; line-height: 14px; border-radius: 3px; border-width: 1px; border-color: #222222 black #333333; border-style: solid; padding: 3px; z-index: 2147483647; color: #222222; user-select: none; cursor: default; font-family: 'Helvetica Neue', Helvetica, Arial, sans-serif;\"><\/pre>\n<\/div>\n[\/vc_column_text][\/vc_column_inner][\/vc_row_inner][\/vc_column][\/vc_row][vc_row offset_top=&#8220;180&#8243; css=&#8220;.vc_custom_1506945318907{padding-top: 50px !important;padding-bottom: 50px !important;}&#8220;][vc_column][vc_row_inner class=&#8220;home_video_banner&#8220;][vc_column_inner width=&#8220;1\/2&#8243; class=&#8220;home_video_banner&#8220;]<h2 class=\"block-title text-dark text-center front-heading-title\">Lernen Sie mit Wettsystemen zu gewinnen<\/h2>[vc_column_text]<span style=\"font-size: 12pt;\">Im folgenden Video zeigen wir Ihnen, wie Sie die Vorteile von Big Data nutzen k\u00f6nnen, um bei Sportwetten zu gewinnen. Lernen Sie die Grundlagen in weniger als 10 Minuten.<\/span><\/p>\n<p><a href=\"https:\/\/www.youtube.com\/watch?v=pPWhI-2Ft0Q\" target=\"_blank\" rel=\"noopener\">[Vollst\u00e4ndiges Video ansehen]<\/a><\/p>\n<div id=\"mouseposition-extension-element-full-container\" style=\"position: fixed; inset: 0px; pointer-events: none; z-index: 2147483647; font-weight: 400;\">\n<div id=\"mouseposition-extension-element-rect-display\" style=\"display: none; position: absolute; background: rgba(255, 255, 255, 0.7); outline: black solid 1px; font-size: 12px; z-index: 2147483647; justify-content: center; align-items: center; user-select: none; cursor: default; color: #000000; font-family: 'Helvetica Neue', Helvetica, Arial, sans-serif; width: 0px; height: 0px;\">\n<pre style=\"flex: 1 1 0%; text-align: center; background-color: rgba(255, 255, 255, 0.7); color: #000000; min-width: 42px; min-height: 12px; transition: all 1s ease 0s;\"><\/pre>\n<\/div>\n<pre id=\"mouseposition-extension-element-coordinate-display\" style=\"position: absolute; display: none; background: #ffffff; font-size: 12px; line-height: 14px; border-radius: 3px; border-width: 1px; border-color: #222222 black #333333; border-style: solid; padding: 3px; z-index: 2147483647; color: #222222; user-select: none; cursor: default; font-family: 'Helvetica Neue', Helvetica, Arial, sans-serif;\"><\/pre>\n<\/div>\n[\/vc_column_text][\/vc_column_inner][vc_column_inner width=&#8220;1\/2&#8243;][vc_single_image image=&#8220;34062&#8243; link=&#8220;https:\/\/www.youtube.com\/watch?v=pPWhI-2Ft0Q&#8220; onclick=&#8220;custom_link&#8220;]<div class=\"video-popup text-dark text-center play_btns_link\"><a href=\"https:\/\/www.youtube.com\/watch?v=pPWhI-2Ft0Q\" class=\"video-popup-btn\"><i class=\"material-icons play_circle_filled\"><\/i><\/a><\/div>[\/vc_column_inner][\/vc_row_inner][\/vc_column][\/vc_row][vc_row offset_top=&#8220;180&#8243; css=&#8220;.vc_custom_1507112873293{padding-top: 50px !important;padding-bottom: 50px !important;background-color: #f5f5f5 !important;}&#8220;][vc_column][vc_row_inner][vc_column_inner][vc_column_text]\n<div class=\"text-center\"><img decoding=\"async\" class=\"alignnone size-medium wp-image-687\" style=\"vertical-align: middle; margin: 0px 11px 0px 0px;\" src=\"https:\/\/www.betaminic.com\/wp-content\/uploads\/2016\/10\/Logo-Betamin-Builder-1-300x80.png\" alt=\"\" width=\"200\" height=\"80\" \/><a class=\"btn btn-solid btn-rounded btn-light btn-nl\" href=\"https:\/\/www.betaminic.com\/system\/login\" target=\"_blank\" rel=\"noopener\">Jetzt kostenlos loslegen<\/a><\/div>\n<div id=\"mouseposition-extension-element-full-container\" style=\"position: fixed; inset: 0px; pointer-events: none; z-index: 2147483647; font-weight: 400;\">\n<div id=\"mouseposition-extension-element-rect-display\" style=\"display: none; position: absolute; background: rgba(255, 255, 255, 0.7); outline: black solid 1px; font-size: 12px; z-index: 2147483647; justify-content: center; align-items: center; user-select: none; cursor: default; color: #000000; font-family: 'Helvetica Neue', Helvetica, Arial, sans-serif; width: 0px; height: 0px;\">\n<pre style=\"flex: 1 1 0%; text-align: center; background-color: rgba(255, 255, 255, 0.7); color: #000000; min-width: 42px; min-height: 12px; transition: all 1s ease 0s;\"><\/pre>\n<\/div>\n<pre id=\"mouseposition-extension-element-coordinate-display\" style=\"position: absolute; display: none; background: #ffffff; font-size: 12px; line-height: 14px; border-radius: 3px; border-width: 1px; border-color: #222222 black #333333; border-style: solid; padding: 3px; z-index: 2147483647; color: #222222; user-select: none; cursor: default; font-family: 'Helvetica Neue', Helvetica, Arial, sans-serif;\"><\/pre>\n<\/div>\n[\/vc_column_text][\/vc_column_inner][\/vc_row_inner][\/vc_column][\/vc_row][vc_row][vc_column][vc_column_text]\n<div id=\"mouseposition-extension-element-full-container\" style=\"position: fixed; inset: 0px; pointer-events: none; z-index: 2147483647; font-weight: 400;\">\n<div id=\"mouseposition-extension-element-rect-display\" style=\"display: none; position: absolute; background: rgba(255, 255, 255, 0.7); outline: black solid 1px; font-size: 12px; z-index: 2147483647; justify-content: center; align-items: center; user-select: none; cursor: default; color: #000000; font-family: 'Helvetica Neue', Helvetica, Arial, sans-serif; width: 0px; height: 0px;\">\n<pre style=\"flex: 1 1 0%; text-align: center; background-color: rgba(255, 255, 255, 0.7); color: #000000; min-width: 42px; min-height: 12px; transition: all 1s ease 0s;\"><\/pre>\n<\/div>\n<pre id=\"mouseposition-extension-element-coordinate-display\" style=\"position: absolute; display: none; background: #ffffff; font-size: 12px; line-height: 14px; border-radius: 3px; border-width: 1px; border-color: #222222 black #333333; border-style: solid; padding: 3px; z-index: 2147483647; color: #222222; user-select: none; cursor: default; font-family: 'Helvetica Neue', Helvetica, Arial, sans-serif;\"><\/pre>\n<\/div>\n[\/vc_column_text][\/vc_column][\/vc_row]\n<\/section>","protected":false},"excerpt":{"rendered":"<p class=\"post-excerpt\">[vc_row offset_top=&#8220;180&#8243; css=&#8220;.vc_custom_1506945318907{padding-top: 50px !important;padding-bottom: 50px !important;}&#8220;][vc_column][vc_row_inner][vc_column_inner width=&#8220;1\/2&#8243; class=&#8220;home_video_banner&#8220;][vc_single_image image=&#8220;34059&#8243; link=&#8220;https:\/\/www.betaminic.com\/de\/wie-sie-mit-betamin-builder-profitable-strategien-erstellen\/&#8220; onclick=&#8220;custom_link&#8220;][\/vc_column_inner][vc_column_inner width=&#8220;1\/2&#8243;][vc_column_text]Lernen Sie alle notwendigen Schritte, um profitable Strategien wie die von uns gezeigte mit Hilfe des Betamin Builders zu erstellen. W\u00e4hlen Sie die gew\u00fcnschten Filter, analysieren Sie die Charts und \u00fcberpr\u00fcfen Sie die zusammengefassten Daten der Strategie, bevor Sie sie speichern. Erstellen Sie&#8230;\n<\/p>","protected":false},"author":37,"featured_media":0,"parent":34032,"menu_order":0,"comment_status":"closed","ping_status":"closed","template":"","meta":{"footnotes":""},"class_list":["post-34042","page","type-page","status-publish","hentry"],"yoast_head":"<!-- This site is optimized with the Yoast SEO plugin v27.4 - https:\/\/yoast.com\/product\/yoast-seo-wordpress\/ -->\n<title>Hilfe - Betaminic.com<\/title>\n<meta name=\"robots\" content=\"index, follow, max-snippet:-1, max-image-preview:large, max-video-preview:-1\" \/>\n<link rel=\"canonical\" href=\"https:\/\/www.betaminic.com\/de\/betamin-builder\/hilfe\/\" \/>\n<meta property=\"og:locale\" content=\"de_DE\" \/>\n<meta property=\"og:type\" content=\"article\" \/>\n<meta property=\"og:title\" content=\"Hilfe - Betaminic.com\" \/>\n<meta property=\"og:description\" content=\"[vc_row offset_top=&#8220;180&#8243; css=&#8220;.vc_custom_1506945318907{padding-top: 50px !important;padding-bottom: 50px !important;}&#8220;][vc_column][vc_row_inner][vc_column_inner width=&#8220;1\/2&#8243; class=&#8220;home_video_banner&#8220;][vc_single_image image=&#8220;34059&#8243; link=&#8220;https:\/\/www.betaminic.com\/de\/wie-sie-mit-betamin-builder-profitable-strategien-erstellen\/&#8220; onclick=&#8220;custom_link&#8220;][\/vc_column_inner][vc_column_inner width=&#8220;1\/2&#8243;][vc_column_text]Lernen Sie alle notwendigen Schritte, um profitable Strategien wie die von uns gezeigte mit Hilfe des Betamin Builders zu erstellen. W\u00e4hlen Sie die gew\u00fcnschten Filter, analysieren Sie die Charts und \u00fcberpr\u00fcfen Sie die zusammengefassten Daten der Strategie, bevor Sie sie speichern. Erstellen Sie...\" \/>\n<meta property=\"og:url\" content=\"https:\/\/www.betaminic.com\/de\/betamin-builder\/hilfe\/\" \/>\n<meta property=\"og:site_name\" content=\"Betaminic.com\" \/>\n<meta property=\"article:publisher\" content=\"https:\/\/www.facebook.com\/betaminic\/\" \/>\n<meta property=\"article:modified_time\" content=\"2023-06-19T15:47:20+00:00\" \/>\n<meta property=\"og:image\" content=\"https:\/\/www.betaminic.com\/wp-content\/uploads\/2016\/10\/Logo-Betamin-Builder-1-300x80.png\" \/>\n<meta name=\"twitter:card\" content=\"summary_large_image\" \/>\n<meta name=\"twitter:site\" content=\"@betaminic\" \/>\n<meta name=\"twitter:label1\" content=\"Gesch\u00e4tzte Lesezeit\" \/>\n\t<meta name=\"twitter:data1\" content=\"2\u00a0Minuten\" \/>\n<script type=\"application\/ld+json\" class=\"yoast-schema-graph\">{\"@context\":\"https:\\\/\\\/schema.org\",\"@graph\":[{\"@type\":\"WebPage\",\"@id\":\"https:\\\/\\\/www.betaminic.com\\\/de\\\/betamin-builder\\\/hilfe\\\/\",\"url\":\"https:\\\/\\\/www.betaminic.com\\\/de\\\/betamin-builder\\\/hilfe\\\/\",\"name\":\"Hilfe - Betaminic.com\",\"isPartOf\":{\"@id\":\"https:\\\/\\\/www.betaminic.com\\\/de\\\/#website\"},\"primaryImageOfPage\":{\"@id\":\"https:\\\/\\\/www.betaminic.com\\\/de\\\/betamin-builder\\\/hilfe\\\/#primaryimage\"},\"image\":{\"@id\":\"https:\\\/\\\/www.betaminic.com\\\/de\\\/betamin-builder\\\/hilfe\\\/#primaryimage\"},\"thumbnailUrl\":\"https:\\\/\\\/www.betaminic.com\\\/wp-content\\\/uploads\\\/2016\\\/10\\\/Logo-Betamin-Builder-1-300x80.png\",\"datePublished\":\"2023-06-19T15:47:14+00:00\",\"dateModified\":\"2023-06-19T15:47:20+00:00\",\"breadcrumb\":{\"@id\":\"https:\\\/\\\/www.betaminic.com\\\/de\\\/betamin-builder\\\/hilfe\\\/#breadcrumb\"},\"inLanguage\":\"de\",\"potentialAction\":[{\"@type\":\"ReadAction\",\"target\":[\"https:\\\/\\\/www.betaminic.com\\\/de\\\/betamin-builder\\\/hilfe\\\/\"]}]},{\"@type\":\"ImageObject\",\"inLanguage\":\"de\",\"@id\":\"https:\\\/\\\/www.betaminic.com\\\/de\\\/betamin-builder\\\/hilfe\\\/#primaryimage\",\"url\":\"https:\\\/\\\/www.betaminic.com\\\/wp-content\\\/uploads\\\/2016\\\/10\\\/Logo-Betamin-Builder-1-300x80.png\",\"contentUrl\":\"https:\\\/\\\/www.betaminic.com\\\/wp-content\\\/uploads\\\/2016\\\/10\\\/Logo-Betamin-Builder-1-300x80.png\"},{\"@type\":\"BreadcrumbList\",\"@id\":\"https:\\\/\\\/www.betaminic.com\\\/de\\\/betamin-builder\\\/hilfe\\\/#breadcrumb\",\"itemListElement\":[{\"@type\":\"ListItem\",\"position\":1,\"name\":\"Home\",\"item\":\"https:\\\/\\\/www.betaminic.com\\\/de\\\/\"},{\"@type\":\"ListItem\",\"position\":2,\"name\":\"Betamin Builder\",\"item\":\"https:\\\/\\\/www.betaminic.com\\\/de\\\/betamin-builder\\\/\"},{\"@type\":\"ListItem\",\"position\":3,\"name\":\"Hilfe\"}]},{\"@type\":\"WebSite\",\"@id\":\"https:\\\/\\\/www.betaminic.com\\\/de\\\/#website\",\"url\":\"https:\\\/\\\/www.betaminic.com\\\/de\\\/\",\"name\":\"Betaminic.com\",\"description\":\"\",\"publisher\":{\"@id\":\"https:\\\/\\\/www.betaminic.com\\\/de\\\/#organization\"},\"potentialAction\":[{\"@type\":\"SearchAction\",\"target\":{\"@type\":\"EntryPoint\",\"urlTemplate\":\"https:\\\/\\\/www.betaminic.com\\\/de\\\/?s={search_term_string}\"},\"query-input\":{\"@type\":\"PropertyValueSpecification\",\"valueRequired\":true,\"valueName\":\"search_term_string\"}}],\"inLanguage\":\"de\"},{\"@type\":\"Organization\",\"@id\":\"https:\\\/\\\/www.betaminic.com\\\/de\\\/#organization\",\"name\":\"Betaminic Bigdata Solutions, S.L.\",\"alternateName\":\"Betaminic\",\"url\":\"https:\\\/\\\/www.betaminic.com\\\/de\\\/\",\"logo\":{\"@type\":\"ImageObject\",\"inLanguage\":\"de\",\"@id\":\"https:\\\/\\\/www.betaminic.com\\\/de\\\/#\\\/schema\\\/logo\\\/image\\\/\",\"url\":\"https:\\\/\\\/www.betaminic.com\\\/wp-content\\\/uploads\\\/2017\\\/09\\\/betaminic-front-logo.png\",\"contentUrl\":\"https:\\\/\\\/www.betaminic.com\\\/wp-content\\\/uploads\\\/2017\\\/09\\\/betaminic-front-logo.png\",\"width\":250,\"height\":67,\"caption\":\"Betaminic Bigdata Solutions, S.L.\"},\"image\":{\"@id\":\"https:\\\/\\\/www.betaminic.com\\\/de\\\/#\\\/schema\\\/logo\\\/image\\\/\"},\"sameAs\":[\"https:\\\/\\\/www.facebook.com\\\/betaminic\\\/\",\"https:\\\/\\\/x.com\\\/betaminic\",\"https:\\\/\\\/www.youtube.com\\\/channel\\\/UCO8zcebQOIOw2Bqi-wpMafQ\"]}]}<\/script>\n<!-- \/ Yoast SEO plugin. -->","yoast_head_json":{"title":"Hilfe - Betaminic.com","robots":{"index":"index","follow":"follow","max-snippet":"max-snippet:-1","max-image-preview":"max-image-preview:large","max-video-preview":"max-video-preview:-1"},"canonical":"https:\/\/www.betaminic.com\/de\/betamin-builder\/hilfe\/","og_locale":"de_DE","og_type":"article","og_title":"Hilfe - Betaminic.com","og_description":"[vc_row offset_top=&#8220;180&#8243; css=&#8220;.vc_custom_1506945318907{padding-top: 50px !important;padding-bottom: 50px !important;}&#8220;][vc_column][vc_row_inner][vc_column_inner width=&#8220;1\/2&#8243; class=&#8220;home_video_banner&#8220;][vc_single_image image=&#8220;34059&#8243; link=&#8220;https:\/\/www.betaminic.com\/de\/wie-sie-mit-betamin-builder-profitable-strategien-erstellen\/&#8220; onclick=&#8220;custom_link&#8220;][\/vc_column_inner][vc_column_inner width=&#8220;1\/2&#8243;][vc_column_text]Lernen Sie alle notwendigen Schritte, um profitable Strategien wie die von uns gezeigte mit Hilfe des Betamin Builders zu erstellen. W\u00e4hlen Sie die gew\u00fcnschten Filter, analysieren Sie die Charts und \u00fcberpr\u00fcfen Sie die zusammengefassten Daten der Strategie, bevor Sie sie speichern. Erstellen Sie...","og_url":"https:\/\/www.betaminic.com\/de\/betamin-builder\/hilfe\/","og_site_name":"Betaminic.com","article_publisher":"https:\/\/www.facebook.com\/betaminic\/","article_modified_time":"2023-06-19T15:47:20+00:00","og_image":[{"url":"https:\/\/www.betaminic.com\/wp-content\/uploads\/2016\/10\/Logo-Betamin-Builder-1-300x80.png","type":"","width":"","height":""}],"twitter_card":"summary_large_image","twitter_site":"@betaminic","twitter_misc":{"Gesch\u00e4tzte Lesezeit":"2\u00a0Minuten"},"schema":{"@context":"https:\/\/schema.org","@graph":[{"@type":"WebPage","@id":"https:\/\/www.betaminic.com\/de\/betamin-builder\/hilfe\/","url":"https:\/\/www.betaminic.com\/de\/betamin-builder\/hilfe\/","name":"Hilfe - Betaminic.com","isPartOf":{"@id":"https:\/\/www.betaminic.com\/de\/#website"},"primaryImageOfPage":{"@id":"https:\/\/www.betaminic.com\/de\/betamin-builder\/hilfe\/#primaryimage"},"image":{"@id":"https:\/\/www.betaminic.com\/de\/betamin-builder\/hilfe\/#primaryimage"},"thumbnailUrl":"https:\/\/www.betaminic.com\/wp-content\/uploads\/2016\/10\/Logo-Betamin-Builder-1-300x80.png","datePublished":"2023-06-19T15:47:14+00:00","dateModified":"2023-06-19T15:47:20+00:00","breadcrumb":{"@id":"https:\/\/www.betaminic.com\/de\/betamin-builder\/hilfe\/#breadcrumb"},"inLanguage":"de","potentialAction":[{"@type":"ReadAction","target":["https:\/\/www.betaminic.com\/de\/betamin-builder\/hilfe\/"]}]},{"@type":"ImageObject","inLanguage":"de","@id":"https:\/\/www.betaminic.com\/de\/betamin-builder\/hilfe\/#primaryimage","url":"https:\/\/www.betaminic.com\/wp-content\/uploads\/2016\/10\/Logo-Betamin-Builder-1-300x80.png","contentUrl":"https:\/\/www.betaminic.com\/wp-content\/uploads\/2016\/10\/Logo-Betamin-Builder-1-300x80.png"},{"@type":"BreadcrumbList","@id":"https:\/\/www.betaminic.com\/de\/betamin-builder\/hilfe\/#breadcrumb","itemListElement":[{"@type":"ListItem","position":1,"name":"Home","item":"https:\/\/www.betaminic.com\/de\/"},{"@type":"ListItem","position":2,"name":"Betamin Builder","item":"https:\/\/www.betaminic.com\/de\/betamin-builder\/"},{"@type":"ListItem","position":3,"name":"Hilfe"}]},{"@type":"WebSite","@id":"https:\/\/www.betaminic.com\/de\/#website","url":"https:\/\/www.betaminic.com\/de\/","name":"Betaminic.com","description":"","publisher":{"@id":"https:\/\/www.betaminic.com\/de\/#organization"},"potentialAction":[{"@type":"SearchAction","target":{"@type":"EntryPoint","urlTemplate":"https:\/\/www.betaminic.com\/de\/?s={search_term_string}"},"query-input":{"@type":"PropertyValueSpecification","valueRequired":true,"valueName":"search_term_string"}}],"inLanguage":"de"},{"@type":"Organization","@id":"https:\/\/www.betaminic.com\/de\/#organization","name":"Betaminic Bigdata Solutions, S.L.","alternateName":"Betaminic","url":"https:\/\/www.betaminic.com\/de\/","logo":{"@type":"ImageObject","inLanguage":"de","@id":"https:\/\/www.betaminic.com\/de\/#\/schema\/logo\/image\/","url":"https:\/\/www.betaminic.com\/wp-content\/uploads\/2017\/09\/betaminic-front-logo.png","contentUrl":"https:\/\/www.betaminic.com\/wp-content\/uploads\/2017\/09\/betaminic-front-logo.png","width":250,"height":67,"caption":"Betaminic Bigdata Solutions, S.L."},"image":{"@id":"https:\/\/www.betaminic.com\/de\/#\/schema\/logo\/image\/"},"sameAs":["https:\/\/www.facebook.com\/betaminic\/","https:\/\/x.com\/betaminic","https:\/\/www.youtube.com\/channel\/UCO8zcebQOIOw2Bqi-wpMafQ"]}]}},"_links":{"self":[{"href":"https:\/\/www.betaminic.com\/de\/wp-json\/wp\/v2\/pages\/34042","targetHints":{"allow":["GET"]}}],"collection":[{"href":"https:\/\/www.betaminic.com\/de\/wp-json\/wp\/v2\/pages"}],"about":[{"href":"https:\/\/www.betaminic.com\/de\/wp-json\/wp\/v2\/types\/page"}],"author":[{"embeddable":true,"href":"https:\/\/www.betaminic.com\/de\/wp-json\/wp\/v2\/users\/37"}],"replies":[{"embeddable":true,"href":"https:\/\/www.betaminic.com\/de\/wp-json\/wp\/v2\/comments?post=34042"}],"version-history":[{"count":5,"href":"https:\/\/www.betaminic.com\/de\/wp-json\/wp\/v2\/pages\/34042\/revisions"}],"predecessor-version":[{"id":34616,"href":"https:\/\/www.betaminic.com\/de\/wp-json\/wp\/v2\/pages\/34042\/revisions\/34616"}],"up":[{"embeddable":true,"href":"https:\/\/www.betaminic.com\/de\/wp-json\/wp\/v2\/pages\/34032"}],"wp:attachment":[{"href":"https:\/\/www.betaminic.com\/de\/wp-json\/wp\/v2\/media?parent=34042"}],"curies":[{"name":"wp","href":"https:\/\/api.w.org\/{rel}","templated":true}]}}