{"id":34148,"date":"2023-06-19T13:49:48","date_gmt":"2023-06-19T11:49:48","guid":{"rendered":"https:\/\/www.betaminic.com\/?page_id=34148"},"modified":"2026-01-12T11:52:37","modified_gmt":"2026-01-12T10:52:37","slug":"statistiken","status":"publish","type":"page","link":"https:\/\/www.betaminic.com\/de\/statistiken\/","title":{"rendered":"Fu\u00dfball Ligen &#038; Mannschaften Statistiken"},"content":{"rendered":"<p><span style=\"font-size: 14pt;\">M\u00f6chten Sie <strong>die Statistiken von Fu\u00dfballligen und Mannschaften auf einfache und praktische Weise analysieren<\/strong>? Ihnen stehen <strong>Daten von mehr als 100.000 Fu\u00dfballspielen<\/strong> zur Verf\u00fcgung, die es Ihnen erm\u00f6glichen, eine Vielzahl von Informationen in Sekundenschnelle zu pr\u00fcfen. Sie werden sehr n\u00fctzliche Statistiken f\u00fcr Ihre Wetten finden, wie z.B. die<strong> prozentuale Ver\u00e4nderung der Quoten<\/strong> seit ihrer Ver\u00f6ffentlichung, durchschnittliche Tore pro Spiel, Halbzeit- und Endergebnisse, prozentualer Anteil an den Spielergebnissen und viele weitere wertvolle Daten f\u00fcr Ihre Studien.<\/span><\/p>\n<p><span style=\"font-size: 12pt;\">Sie k\u00f6nnen <strong>eine gro\u00dfe Anzahl von Filtern<\/strong> zwischen den verschiedenen Abschnitten kombinieren, um ein Maximum an Details \u00fcber das zu erhalten, was Sie recherchieren. Es ist auch eine <strong>perfekte Erg\u00e4nzung zum <a href=\"https:\/\/www.betaminic.com\/betamin-builder\/\" target=\"_blank\" rel=\"noopener\">Betamin Builder-Tool<\/a><\/strong> f\u00fcr profitable Strategien, mit dem Sie wertvolle Informationen erhalten, die Sie auf Ihre eigenen Strategien anwenden k\u00f6nnen. Es kann auch in Verbindung mit dem <a href=\"https:\/\/www.betaminic.com\/de\/betlamp\/\" target=\"_blank\" rel=\"noopener\"><strong>Betlamp-Statistik-Tool<\/strong><\/a> verwendet werden, um personalisierte Benachrichtigungen in Ihrer E-Mail zu erhalten.<\/span><\/p>\n<p style=\"text-align: center;\"><span style=\"font-size: 18pt; color: #ff0000;\"><strong>T\u00c4GLICH AKTUALISIERTE DATEN!<\/strong><\/span><\/p>\n<div id=\"viz1702476217340\" class=\"tableauPlaceholder\" style=\"position: relative;\"><noscript><a href=\"#\"><img decoding=\"async\" alt=\"1X2 Stats \" src=\"https:\/\/public.tableau.com\/static\/images\/Fo\/FootballLeaguesTeamsStatsV2_0\/1X2Stats\/1_rss.png\" style=\"border: none\"><\/a><\/noscript><object class=\"tableauViz\" style=\"display: none;\" width=\"300\" height=\"150\"><param name=\"host_url\" value=\"https%3A%2F%2Fpublic.tableau.com%2F\" \/><param name=\"embed_code_version\" value=\"3\" \/><param name=\"site_root\" value=\"\" \/><param name=\"name\" value=\"FootballLeaguesTeamsStatsV2_0\/1X2Stats\" \/><param name=\"tabs\" value=\"no\" \/><param name=\"toolbar\" value=\"yes\" \/><param name=\"static_image\" value=\"https:\/\/public.tableau.com\/static\/images\/Fo\/FootballLeaguesTeamsStatsV2_0\/1X2Stats\/1.png\" \/><param name=\"animate_transition\" value=\"yes\" \/><param name=\"display_static_image\" value=\"yes\" \/><param name=\"display_spinner\" value=\"yes\" \/><param name=\"display_overlay\" value=\"yes\" \/><param name=\"display_count\" value=\"yes\" \/><param name=\"language\" value=\"es-ES\" \/><\/object><\/div>\n<p><script type=\"text\/javascript\">                    var divElement = document.getElementById('viz1702476217340');                    var vizElement = divElement.getElementsByTagName('object')[0];                    if ( divElement.offsetWidth > 800 ) { vizElement.style.minWidth='420px';vizElement.style.maxWidth='1700px';vizElement.style.width='100%';vizElement.style.minHeight='587px';vizElement.style.maxHeight='1267px';vizElement.style.height=(divElement.offsetWidth*0.75)+'px';} else if ( divElement.offsetWidth > 500 ) { vizElement.style.minWidth='420px';vizElement.style.maxWidth='1700px';vizElement.style.width='100%';vizElement.style.minHeight='587px';vizElement.style.maxHeight='1267px';vizElement.style.height=(divElement.offsetWidth*0.75)+'px';} else { vizElement.style.width='100%';vizElement.style.height='2477px';}                     var scriptElement = document.createElement('script');                    scriptElement.src = 'https:\/\/public.tableau.com\/javascripts\/api\/viz_v1.js';                    vizElement.parentNode.insertBefore(scriptElement, vizElement);                <\/script><\/p>\n<h4><span style=\"color: #3fbd85; font-size: 14pt;\"><strong>1X2 Stats View<\/strong><\/span><\/h4>\n<ul>\n<li><span style=\"font-size: 12pt;\"><strong>% 1X2 Full Time.<\/strong> Prozentsatz der Spiele, die die Heimmannschaft (1) gewonnen, unentschieden (X) gespielt oder die Ausw\u00e4rtsmannschaft (2) w\u00e4hrend der gesamten Spielzeit gewonnen hat, ohne Ber\u00fccksichtigung einer m\u00f6glichen Verl\u00e4ngerung oder eines Elfmeters.<\/span><\/li>\n<li><span style=\"font-size: 12pt;\"><strong>% 1X2 Half Time.<\/strong> Prozentualer Anteil der Spiele, die zur Halbzeit von der Heimmannschaft gewonnen (1), unentschieden (X) oder von der Ausw\u00e4rtsmannschaft gewonnen (2) wurden.<\/span><\/li>\n<li><span style=\"font-size: 12pt;\"><strong>Top 10 Scores Full Time.<\/strong> Zeigt die 10 h\u00f6chsten prozentualen Punktzahlen am Ende des Spiels an, ohne Ber\u00fccksichtigung m\u00f6glicher Verl\u00e4ngerungen oder Elfmeterschie\u00dfen.<\/span><\/li>\n<li><span style=\"font-size: 12pt;\"><strong>Top 10 Scores Half Time.<\/strong> Zeigt die 10 besten Torsch\u00fctzen mit dem h\u00f6chsten Prozentsatz zur Halbzeit an.<\/span><\/li>\n<li><span style=\"font-size: 12pt;\"><strong>% Change 1X2 Opening &#8211; Closing Odds. <\/strong>Sie gibt die prozentuale Abweichung der verschiedenen 1X2-Quoten seit ihrer ersten Ver\u00f6ffentlichung bis zur letzten Quote vor Spielbeginn an. Positive Prozents\u00e4tze zeigen an, dass die Schlussquoten h\u00f6her sind als die Anfangsquoten, was bedeutet, dass die Quoten gestiegen sind. Eine Abweichung von 3,50 % von &#8222;1&#8220; bedeutet zum Beispiel, dass die Quote f\u00fcr Wetten auf einen Sieg der Heimmannschaft im entsprechenden Zeitraum um diesen Prozentsatz gestiegen ist. Beide Quoten stammen von dem Asian Buchmacher. Wenn Sie mit der Maus \u00fcber das Diagramm fahren, k\u00f6nnen Sie die durchschnittliche prozentuale Abweichung einer Reihe von Daten sehen. Wenn das Diagramm beispielsweise &#8222;Datum: 2020 Q1 % Abweichung Quoten 1: 1,40 %&#8220; anzeigt, bedeutet dies, dass die durchschnittliche prozentuale Abweichung der Quoten im Zeitraum vom Beginn des Diagramms (das Standardstartdatum ist 2012 Q1) bis 2020 Q1 1,40 <strong>% betrug. Sie bezieht sich nicht nur auf 2020 Q1. Um Daten f\u00fcr bestimmte Jahreszeiten anzuzeigen, verwenden Sie die Option &#8222;Saisonale Filter&#8220; auf der linken Seite des Diagramms.<\/strong><\/span><\/li>\n<li><span style=\"font-size: 12pt;\"><strong>Half Time\/Full Time Result.<\/strong> Prozentualer Anteil der Spiele nach den Ergebnissen zur Halbzeit und am Ende.<\/span><\/li>\n<\/ul>\n<h4><span style=\"font-size: 14pt; color: #3fbd85;\"><strong>Goal Stats View<\/strong><\/span><\/h4>\n<ul>\n<li><span style=\"font-size: 12pt;\"><strong>% OU 2.5 Full Time. <\/strong>Prozentsatz der Spiele, die mit mehr oder weniger als 2,5 Toren endeten, ohne Ber\u00fccksichtigung m\u00f6glicher Verl\u00e4ngerungen oder Elfmeterschie\u00dfen.<\/span><\/li>\n<li><span style=\"font-size: 12pt;\"><strong>% OU 1.5 Half Time.<\/strong> Prozentsatz der Spiele, die zur Halbzeit mit mehr oder weniger als 1,5 Toren endeten.<\/span><\/li>\n<li><span style=\"font-size: 12pt;\"><strong>Top 5 Goals Scored per Game FT.<\/strong> Zeigt die 5 h\u00f6chsten prozentualen Anteile an der Anzahl der w\u00e4hrend des Spiels erzielten Tore an, ohne Ber\u00fccksichtigung eventueller Verl\u00e4ngerungen oder Elfmeterschie\u00dfen.<\/span><\/li>\n<li><span style=\"font-size: 12pt;\"><strong>Top 5 Goals Scored per Game HT.<\/strong> Zeigt die 5 h\u00f6chsten prozentualen Anteile an der Anzahl der in der Halbzeit erzielten Tore.<\/span><\/li>\n<li><span style=\"font-size: 12pt;\"><strong>% Change OU 2.5 Opening &#8211; Closing Odds.<\/strong> Sie stellt die prozentuale Abweichung dar, die die verschiedenen \u00dcber\/Unter 2,5-Tore-Quoten seit ihrer ersten Ver\u00f6ffentlichung bis zur letzten Quote vor Beginn des Spiels aufweisen. Positive Prozents\u00e4tze zeigen an, dass die Schlussquoten h\u00f6her sind als die Anfangsquoten und bedeuten daher, dass die Quoten gestiegen sind. Eine Abweichung von -3,50 % bei &#8222;\u00dcber 2,5&#8220; bedeutet beispielsweise, dass die Quote f\u00fcr &#8222;\u00dcber 2,5&#8220; im entsprechenden Zeitraum um diesen Prozentsatz gesunken ist. Beide Quoten stammen von dem Asian Buchmacher. Wenn Sie mit der Maus \u00fcber das Diagramm fahren, k\u00f6nnen Sie die durchschnittliche prozentuale Abweichung einer Reihe von Daten sehen. Wenn das Diagramm beispielsweise &#8222;Datum: 2020 Q1 % Abweichung Quoten O2.5: 1.40%&#8220; anzeigt, bedeutet dies, dass die durchschnittliche prozentuale Abweichung der Quoten im Zeitraum vom Beginn des Diagramms (das Standardstartdatum ist 2012 Q1) bis 2020 Q1 1.40% betrug. Sie bezieht sich nicht nur auf 2020 Q1. Um Daten f\u00fcr bestimmte Jahreszeiten anzuzeigen, verwenden Sie die Option &#8222;Saisonale Filter&#8220; auf der linken Seite des Diagramms.<\/span><\/li>\n<li><span style=\"font-size: 12pt;\"><strong>Average Goals Per Game.<\/strong> Zeigt die durchschnittliche Anzahl der erzielten Tore in vollst\u00e4ndigen Spielen ohne m\u00f6gliche Verl\u00e4ngerung oder Elfmeterschie\u00dfen (End) und in der Halbzeit (1T).<\/span><\/li>\n<\/ul>\n<p><span style=\"font-size: 12pt;\">Wir beabsichtigen, weitere Berichte dieser Art hinzuzuf\u00fcgen, die f\u00fcr Ihre Analyse n\u00fctzlich sein werden, mit dem letztendlichen Ziel, Ihre Wetteins\u00e4tze zu verbessern. Sie k\u00f6nnen uns Ihre Vorschl\u00e4ge an <strong><a href=\"mailto:su*****@*******ic.com\" data-original-string=\"dVHeoG76aRrbHHIbnvfGUg==8e9YlE\/eBEhtDPfVdTLWE4Vzm\/YMMPQmQBShS+c1jlHI+8=\" title=\"Dieser Kontakt wurde von Anti-Spam by CleanTalk verschl\u00fcsselt. Klicken Sie hier, um ihn zu entschl\u00fcsseln. Um die Entschl\u00fcsselung abzuschlie\u00dfen, stellen Sie sicher, dass JavaScript in Ihrem Browser aktiviert ist.\" target=\"_blank\" rel=\"noopener\"><span \n                data-original-string='kHJ+r0M0d5KukTQhobJvnQ==8e9yxS4OsoR2qdgCjvEfKycWf4m8Z3hyE94zLkizTO1p58='\n                class='apbct-email-encoder'\n                title='Dieser Kontakt wurde von Anti-Spam by CleanTalk verschl\u00fcsselt. Klicken Sie hier, um ihn zu entschl\u00fcsseln. Um die Entschl\u00fcsselung abzuschlie\u00dfen, stellen Sie sicher, dass JavaScript in Ihrem Browser aktiviert ist.'>su<span class=\"apbct-blur\">*****<\/span>@<span class=\"apbct-blur\">*******<\/span>ic.com<\/span><\/a><\/strong> schicken und wir werden versuchen, die von Ihnen gew\u00fcnschten Berichte zu erstellen, wann immer dies m\u00f6glich ist.<\/span><\/p>\n<div id=\"mouseposition-extension-element-full-container\" style=\"position: fixed; inset: 0px; pointer-events: none; z-index: 2147483647; font-weight: 400;\">\n<div id=\"mouseposition-extension-element-rect-display\" style=\"display: none; position: absolute; background: rgba(255, 255, 255, 0.7); outline: black solid 1px; font-size: 12px; z-index: 2147483647; justify-content: center; align-items: center; user-select: none; cursor: default; color: #000000; font-family: 'Helvetica Neue', Helvetica, Arial, sans-serif; width: 0px; height: 0px;\">\n<pre style=\"flex: 1 1 0%; text-align: center; background-color: rgba(255, 255, 255, 0.7); color: #000000; min-width: 42px; min-height: 12px; transition: all 1s ease 0s;\"><\/pre>\n<\/div>\n<pre id=\"mouseposition-extension-element-coordinate-display\" style=\"position: absolute; display: none; background: #ffffff; font-size: 12px; line-height: 14px; border-radius: 3px; border-width: 1px; border-color: #222222 black #333333; border-style: solid; padding: 3px; z-index: 2147483647; color: #222222; user-select: none; cursor: default; font-family: 'Helvetica Neue', Helvetica, Arial, sans-serif;\"><\/pre>\n<\/div>\n","protected":false},"excerpt":{"rendered":"<p class=\"post-excerpt\">M\u00f6chten Sie die Statistiken von Fu\u00dfballligen und Mannschaften auf einfache und praktische Weise analysieren? Ihnen stehen Daten von mehr als 100.000 Fu\u00dfballspielen zur Verf\u00fcgung, die es Ihnen erm\u00f6glichen, eine Vielzahl von Informationen in Sekundenschnelle zu pr\u00fcfen. Sie werden sehr n\u00fctzliche Statistiken f\u00fcr Ihre Wetten finden, wie z.B. die prozentuale Ver\u00e4nderung der Quoten seit ihrer Ver\u00f6ffentlichung,&#8230;\n<\/p>","protected":false},"author":37,"featured_media":0,"parent":0,"menu_order":0,"comment_status":"closed","ping_status":"closed","template":"","meta":{"footnotes":""},"class_list":["post-34148","page","type-page","status-publish","hentry"],"yoast_head":"<!-- This site is optimized with the Yoast SEO plugin v27.5 - https:\/\/yoast.com\/product\/yoast-seo-wordpress\/ -->\n<title>Fu\u00dfball Ligen &amp; Mannschaften Statistiken - Betaminic.com<\/title>\n<meta name=\"description\" content=\"Analysieren Sie Fu\u00dfballligen und Mannschaftsstatistiken ganz einfach. Sie haben die Daten von mehr als 100k Fu\u00dfballspielen zur Hand.\" \/>\n<meta name=\"robots\" content=\"index, follow, max-snippet:-1, max-image-preview:large, max-video-preview:-1\" \/>\n<link rel=\"canonical\" href=\"https:\/\/www.betaminic.com\/de\/statistiken\/\" \/>\n<meta property=\"og:locale\" content=\"de_DE\" \/>\n<meta property=\"og:type\" content=\"article\" \/>\n<meta property=\"og:title\" content=\"Fu\u00dfball Ligen &amp; Mannschaften Statistiken - Betaminic.com\" \/>\n<meta property=\"og:description\" content=\"Analysieren Sie Fu\u00dfballligen und Mannschaftsstatistiken ganz einfach. Sie haben die Daten von mehr als 100k Fu\u00dfballspielen zur Hand.\" \/>\n<meta property=\"og:url\" content=\"https:\/\/www.betaminic.com\/de\/statistiken\/\" \/>\n<meta property=\"og:site_name\" content=\"Betaminic.com\" \/>\n<meta property=\"article:publisher\" content=\"https:\/\/www.facebook.com\/betaminic\/\" \/>\n<meta property=\"article:modified_time\" content=\"2026-01-12T10:52:37+00:00\" \/>\n<meta property=\"og:image\" content=\"https:\/\/public.tableau.com\/static\/images\/Fo\/FootballLeaguesTeamsStatsV2_0\/1X2Stats\/1_rss.png\" \/>\n<meta name=\"twitter:card\" content=\"summary_large_image\" \/>\n<meta name=\"twitter:site\" content=\"@betaminic\" \/>\n<meta name=\"twitter:label1\" content=\"Gesch\u00e4tzte Lesezeit\" \/>\n\t<meta name=\"twitter:data1\" content=\"4\u00a0Minuten\" \/>\n<script type=\"application\/ld+json\" class=\"yoast-schema-graph\">{\"@context\":\"https:\\\/\\\/schema.org\",\"@graph\":[{\"@type\":\"WebPage\",\"@id\":\"https:\\\/\\\/www.betaminic.com\\\/de\\\/statistiken\\\/\",\"url\":\"https:\\\/\\\/www.betaminic.com\\\/de\\\/statistiken\\\/\",\"name\":\"Fu\u00dfball Ligen & Mannschaften Statistiken - Betaminic.com\",\"isPartOf\":{\"@id\":\"https:\\\/\\\/www.betaminic.com\\\/de\\\/#website\"},\"primaryImageOfPage\":{\"@id\":\"https:\\\/\\\/www.betaminic.com\\\/de\\\/statistiken\\\/#primaryimage\"},\"image\":{\"@id\":\"https:\\\/\\\/www.betaminic.com\\\/de\\\/statistiken\\\/#primaryimage\"},\"thumbnailUrl\":\"https:\\\/\\\/public.tableau.com\\\/static\\\/images\\\/Fo\\\/FootballLeaguesTeamsStatsV2_0\\\/1X2Stats\\\/1_rss.png\",\"datePublished\":\"2023-06-19T11:49:48+00:00\",\"dateModified\":\"2026-01-12T10:52:37+00:00\",\"description\":\"Analysieren Sie Fu\u00dfballligen und Mannschaftsstatistiken ganz einfach. Sie haben die Daten von mehr als 100k Fu\u00dfballspielen zur Hand.\",\"breadcrumb\":{\"@id\":\"https:\\\/\\\/www.betaminic.com\\\/de\\\/statistiken\\\/#breadcrumb\"},\"inLanguage\":\"de\",\"potentialAction\":[{\"@type\":\"ReadAction\",\"target\":[\"https:\\\/\\\/www.betaminic.com\\\/de\\\/statistiken\\\/\"]}]},{\"@type\":\"ImageObject\",\"inLanguage\":\"de\",\"@id\":\"https:\\\/\\\/www.betaminic.com\\\/de\\\/statistiken\\\/#primaryimage\",\"url\":\"https:\\\/\\\/public.tableau.com\\\/static\\\/images\\\/Fo\\\/FootballLeaguesTeamsStatsV2_0\\\/1X2Stats\\\/1_rss.png\",\"contentUrl\":\"https:\\\/\\\/public.tableau.com\\\/static\\\/images\\\/Fo\\\/FootballLeaguesTeamsStatsV2_0\\\/1X2Stats\\\/1_rss.png\"},{\"@type\":\"BreadcrumbList\",\"@id\":\"https:\\\/\\\/www.betaminic.com\\\/de\\\/statistiken\\\/#breadcrumb\",\"itemListElement\":[{\"@type\":\"ListItem\",\"position\":1,\"name\":\"Home\",\"item\":\"https:\\\/\\\/www.betaminic.com\\\/de\\\/\"},{\"@type\":\"ListItem\",\"position\":2,\"name\":\"Fu\u00dfball Ligen &#038; Mannschaften Statistiken\"}]},{\"@type\":\"WebSite\",\"@id\":\"https:\\\/\\\/www.betaminic.com\\\/de\\\/#website\",\"url\":\"https:\\\/\\\/www.betaminic.com\\\/de\\\/\",\"name\":\"Betaminic.com\",\"description\":\"\",\"publisher\":{\"@id\":\"https:\\\/\\\/www.betaminic.com\\\/de\\\/#organization\"},\"potentialAction\":[{\"@type\":\"SearchAction\",\"target\":{\"@type\":\"EntryPoint\",\"urlTemplate\":\"https:\\\/\\\/www.betaminic.com\\\/de\\\/?s={search_term_string}\"},\"query-input\":{\"@type\":\"PropertyValueSpecification\",\"valueRequired\":true,\"valueName\":\"search_term_string\"}}],\"inLanguage\":\"de\"},{\"@type\":\"Organization\",\"@id\":\"https:\\\/\\\/www.betaminic.com\\\/de\\\/#organization\",\"name\":\"Betaminic Bigdata Solutions, S.L.\",\"alternateName\":\"Betaminic\",\"url\":\"https:\\\/\\\/www.betaminic.com\\\/de\\\/\",\"logo\":{\"@type\":\"ImageObject\",\"inLanguage\":\"de\",\"@id\":\"https:\\\/\\\/www.betaminic.com\\\/de\\\/#\\\/schema\\\/logo\\\/image\\\/\",\"url\":\"https:\\\/\\\/www.betaminic.com\\\/wp-content\\\/uploads\\\/2017\\\/09\\\/betaminic-front-logo.png\",\"contentUrl\":\"https:\\\/\\\/www.betaminic.com\\\/wp-content\\\/uploads\\\/2017\\\/09\\\/betaminic-front-logo.png\",\"width\":250,\"height\":67,\"caption\":\"Betaminic Bigdata Solutions, S.L.\"},\"image\":{\"@id\":\"https:\\\/\\\/www.betaminic.com\\\/de\\\/#\\\/schema\\\/logo\\\/image\\\/\"},\"sameAs\":[\"https:\\\/\\\/www.facebook.com\\\/betaminic\\\/\",\"https:\\\/\\\/x.com\\\/betaminic\",\"https:\\\/\\\/www.youtube.com\\\/channel\\\/UCO8zcebQOIOw2Bqi-wpMafQ\"]}]}<\/script>\n<!-- \/ Yoast SEO plugin. -->","yoast_head_json":{"title":"Fu\u00dfball Ligen & Mannschaften Statistiken - Betaminic.com","description":"Analysieren Sie Fu\u00dfballligen und Mannschaftsstatistiken ganz einfach. Sie haben die Daten von mehr als 100k Fu\u00dfballspielen zur Hand.","robots":{"index":"index","follow":"follow","max-snippet":"max-snippet:-1","max-image-preview":"max-image-preview:large","max-video-preview":"max-video-preview:-1"},"canonical":"https:\/\/www.betaminic.com\/de\/statistiken\/","og_locale":"de_DE","og_type":"article","og_title":"Fu\u00dfball Ligen & Mannschaften Statistiken - Betaminic.com","og_description":"Analysieren Sie Fu\u00dfballligen und Mannschaftsstatistiken ganz einfach. Sie haben die Daten von mehr als 100k Fu\u00dfballspielen zur Hand.","og_url":"https:\/\/www.betaminic.com\/de\/statistiken\/","og_site_name":"Betaminic.com","article_publisher":"https:\/\/www.facebook.com\/betaminic\/","article_modified_time":"2026-01-12T10:52:37+00:00","og_image":[{"url":"https:\/\/public.tableau.com\/static\/images\/Fo\/FootballLeaguesTeamsStatsV2_0\/1X2Stats\/1_rss.png","type":"","width":"","height":""}],"twitter_card":"summary_large_image","twitter_site":"@betaminic","twitter_misc":{"Gesch\u00e4tzte Lesezeit":"4\u00a0Minuten"},"schema":{"@context":"https:\/\/schema.org","@graph":[{"@type":"WebPage","@id":"https:\/\/www.betaminic.com\/de\/statistiken\/","url":"https:\/\/www.betaminic.com\/de\/statistiken\/","name":"Fu\u00dfball Ligen & Mannschaften Statistiken - Betaminic.com","isPartOf":{"@id":"https:\/\/www.betaminic.com\/de\/#website"},"primaryImageOfPage":{"@id":"https:\/\/www.betaminic.com\/de\/statistiken\/#primaryimage"},"image":{"@id":"https:\/\/www.betaminic.com\/de\/statistiken\/#primaryimage"},"thumbnailUrl":"https:\/\/public.tableau.com\/static\/images\/Fo\/FootballLeaguesTeamsStatsV2_0\/1X2Stats\/1_rss.png","datePublished":"2023-06-19T11:49:48+00:00","dateModified":"2026-01-12T10:52:37+00:00","description":"Analysieren Sie Fu\u00dfballligen und Mannschaftsstatistiken ganz einfach. Sie haben die Daten von mehr als 100k Fu\u00dfballspielen zur Hand.","breadcrumb":{"@id":"https:\/\/www.betaminic.com\/de\/statistiken\/#breadcrumb"},"inLanguage":"de","potentialAction":[{"@type":"ReadAction","target":["https:\/\/www.betaminic.com\/de\/statistiken\/"]}]},{"@type":"ImageObject","inLanguage":"de","@id":"https:\/\/www.betaminic.com\/de\/statistiken\/#primaryimage","url":"https:\/\/public.tableau.com\/static\/images\/Fo\/FootballLeaguesTeamsStatsV2_0\/1X2Stats\/1_rss.png","contentUrl":"https:\/\/public.tableau.com\/static\/images\/Fo\/FootballLeaguesTeamsStatsV2_0\/1X2Stats\/1_rss.png"},{"@type":"BreadcrumbList","@id":"https:\/\/www.betaminic.com\/de\/statistiken\/#breadcrumb","itemListElement":[{"@type":"ListItem","position":1,"name":"Home","item":"https:\/\/www.betaminic.com\/de\/"},{"@type":"ListItem","position":2,"name":"Fu\u00dfball Ligen &#038; Mannschaften Statistiken"}]},{"@type":"WebSite","@id":"https:\/\/www.betaminic.com\/de\/#website","url":"https:\/\/www.betaminic.com\/de\/","name":"Betaminic.com","description":"","publisher":{"@id":"https:\/\/www.betaminic.com\/de\/#organization"},"potentialAction":[{"@type":"SearchAction","target":{"@type":"EntryPoint","urlTemplate":"https:\/\/www.betaminic.com\/de\/?s={search_term_string}"},"query-input":{"@type":"PropertyValueSpecification","valueRequired":true,"valueName":"search_term_string"}}],"inLanguage":"de"},{"@type":"Organization","@id":"https:\/\/www.betaminic.com\/de\/#organization","name":"Betaminic Bigdata Solutions, S.L.","alternateName":"Betaminic","url":"https:\/\/www.betaminic.com\/de\/","logo":{"@type":"ImageObject","inLanguage":"de","@id":"https:\/\/www.betaminic.com\/de\/#\/schema\/logo\/image\/","url":"https:\/\/www.betaminic.com\/wp-content\/uploads\/2017\/09\/betaminic-front-logo.png","contentUrl":"https:\/\/www.betaminic.com\/wp-content\/uploads\/2017\/09\/betaminic-front-logo.png","width":250,"height":67,"caption":"Betaminic Bigdata Solutions, S.L."},"image":{"@id":"https:\/\/www.betaminic.com\/de\/#\/schema\/logo\/image\/"},"sameAs":["https:\/\/www.facebook.com\/betaminic\/","https:\/\/x.com\/betaminic","https:\/\/www.youtube.com\/channel\/UCO8zcebQOIOw2Bqi-wpMafQ"]}]}},"_links":{"self":[{"href":"https:\/\/www.betaminic.com\/de\/wp-json\/wp\/v2\/pages\/34148","targetHints":{"allow":["GET"]}}],"collection":[{"href":"https:\/\/www.betaminic.com\/de\/wp-json\/wp\/v2\/pages"}],"about":[{"href":"https:\/\/www.betaminic.com\/de\/wp-json\/wp\/v2\/types\/page"}],"author":[{"embeddable":true,"href":"https:\/\/www.betaminic.com\/de\/wp-json\/wp\/v2\/users\/37"}],"replies":[{"embeddable":true,"href":"https:\/\/www.betaminic.com\/de\/wp-json\/wp\/v2\/comments?post=34148"}],"version-history":[{"count":11,"href":"https:\/\/www.betaminic.com\/de\/wp-json\/wp\/v2\/pages\/34148\/revisions"}],"predecessor-version":[{"id":42140,"href":"https:\/\/www.betaminic.com\/de\/wp-json\/wp\/v2\/pages\/34148\/revisions\/42140"}],"wp:attachment":[{"href":"https:\/\/www.betaminic.com\/de\/wp-json\/wp\/v2\/media?parent=34148"}],"curies":[{"name":"wp","href":"https:\/\/api.w.org\/{rel}","templated":true}]}}