{"id":34307,"date":"2023-06-20T13:29:40","date_gmt":"2023-06-20T11:29:40","guid":{"rendered":"https:\/\/www.betaminic.com\/?page_id=34307"},"modified":"2023-06-20T13:29:44","modified_gmt":"2023-06-20T11:29:44","slug":"das-betaminic-buch-ist-da","status":"publish","type":"page","link":"https:\/\/www.betaminic.com\/de\/das-betaminic-buch-ist-da\/","title":{"rendered":"Das Betaminic-Buch ist da!!!"},"content":{"rendered":"<section class=\"wpb-content-wrapper\">[vc_row][vc_column width=&#8220;1\/3&#8243; css=&#8220;.vc_custom_1525100412100{border-radius: 1px !important;}&#8220;][vc_column_text]<a href=\"http:\/\/betaminic.webs.com\/Betaminic%20book%20-%20contents.pdf\" target=\"_blank\" rel=\"noopener\"><img decoding=\"async\" class=\"size-full wp-image-14514\" src=\"\/wp-content\/uploads\/2018\/05\/Winning_Sports_Betti_Cover_border.png\" alt=\"Winning Sports Betting Strategies with Betaminic\" width=\"310\" height=\"401\" \/><\/a>[\/vc_column_text][\/vc_column][vc_column width=&#8220;2\/3&#8243;][vc_column_text]\n<h4><strong><strong><span style=\"color: #3fbd85;\">Winning Sports Betting Strategies with Betaminic<\/span><\/strong><\/strong><\/h4>\n<h5><strong>Big Data Tools for Football Betting Systems<\/strong><\/h5>\n<p><span style=\"font-size: 12pt;\">Eine Schritt-f\u00fcr-Schritt-Anleitung zur Verwendung des Betamin Builder Datenanalyse-Tools zur Erstellung von Fu\u00dfballwettsystemen, um die Buchmacher zu schlagen, einschlie\u00dflich einundzwanzig Gewinnstrategien im Colossus21-System.<\/span><\/p>\n<p><span style=\"font-size: 12pt;\">Von Tom Whitaker.<\/span><\/p>\n<p><span style=\"font-size: 12pt;\">Mit Artikeln von David Herrera und Daniel Mu\u00f1oz.<\/span><\/p>\n<p><span style=\"font-size: 12pt;\">Ver\u00f6ffentlicht am 24. April 2018.<\/span><\/p>\n<p><span style=\"font-size: 12pt;\">217 Seiten.<\/span><\/p>\n<p><span style=\"font-size: 12pt;\">Language: Englisch.<\/span><\/p>\n<p><span style=\"font-size: 12pt;\">Taschenbuch und Kindle-Format erh\u00e4ltlich.[\/vc_column_text][vc_column_text][\/vc_column_text][\/vc_column][\/vc_row][vc_row][vc_column width=&#8220;1\/3&#8243;][\/vc_column][vc_column width=&#8220;1\/3&#8243;][vc_column_text]<\/span><\/p>\n<h2 style=\"text-align: center;\"><strong><strong><span style=\"color: #3fbd85;\">JETZT IM VERKAUF<\/span><\/strong><\/strong><\/h2>\n<p style=\"text-align: center;\"><strong><span style=\"font-size: 12pt;\">Erh\u00e4ltlich als Taschenbuch und Kindle<\/span><br \/>\n<\/strong><\/p>\n[\/vc_column_text][\/vc_column][vc_column width=&#8220;1\/3&#8243;][\/vc_column][\/vc_row][vc_row][vc_column width=&#8220;1\/3&#8243;][vc_raw_html]JTNDYSUyMGhyZWYlM0QlMjJodHRwcyUzQSUyRiUyRnd3dy5hbWF6b24uY28udWslMkZkcCUyRjE5ODU3NjQ5MTElMkZyZWYlM0Rzcl8xXzElM0ZpZSUzRFVURjglMjZhbXAlM0JxaWQlM0QxNTI0NTc0NDc1JTI2YW1wJTNCc3IlM0Q4LTElMjZhbXAlM0J0YWclM0RiZXRhbWluaWMwMy0yMSUyMiUyMHRhcmdldCUzRCUyMl9ibGFuayUyMiUzRSUwQSUwOSUwOSUwOSUzQ2ltZyUyMHNyYyUzRCUyMiUyRndwLWNvbnRlbnQlMkZ1cGxvYWRzJTJGMjAxOCUyRjA1JTJGYW1hem9uLWNvLXVrLTcwLnBuZyUyMiUyMGNsYXNzJTNEJTIyc2luZ2xlLWltYWdlJTIwbGlua2VkLWltYWdlJTIwYmxvY2stY2VudGVyJTIwYXR0YWNobWVudC1mdWxsJTIwc2l6ZS1mdWxsJTIyJTIwYWx0JTNEJTIyQW1hem9uLmNvLnVrJTIyJTIwd2lkdGglM0QlMjIyMjglMjIlMjBoZWlnaHQlM0QlMjI3MCUyMiUzRSUwQSUwOSUwOSUwOSUzQyUyRmElM0U=[\/vc_raw_html][\/vc_column][vc_column width=&#8220;1\/3&#8243;][vc_raw_html]JTNDYSUyMGhyZWYlM0QlMjJodHRwcyUzQSUyRiUyRnd3dy5hbWF6b24uY29tJTJGZHAlMkYxOTg1NzY0OTExJTJGcmVmJTNEc3JfMV8xJTNGcyUzRGJvb2tzJTI2YW1wJTNCaWUlM0RVVEY4JTI2YW1wJTNCcWlkJTNEMTUyNDU2NTE1MiUyNmFtcCUzQnNyJTNEMS0xJTI2YW1wJTNCdGFnJTNEYmV0YW1pbmljLTIwJTIyJTIwdGFyZ2V0JTNEJTIyX2JsYW5rJTIyJTNFJTBBJTA5JTA5JTA5JTA5JTNDaW1nJTIwc3JjJTNEJTIyJTJGd3AtY29udGVudCUyRnVwbG9hZHMlMkYyMDE4JTJGMDUlMkZhbWF6b24tY29tLTcwLnBuZyUyMiUyMGNsYXNzJTNEJTIyc2luZ2xlLWltYWdlJTIwbGlua2VkLWltYWdlJTIwYmxvY2stY2VudGVyJTIwYXR0YWNobWVudC1mdWxsJTIwc2l6ZS1mdWxsJTIyJTIwYWx0JTNEJTIyQW1hem9uLmNvbSUyMiUyMHdpZHRoJTNEJTIyMjMzJTIyJTIwaGVpZ2h0JTNEJTIyNzAlMjIlM0UlMEElMDklMDklMDklMDklM0MlMkZhJTNF[\/vc_raw_html][\/vc_column][vc_column width=&#8220;1\/3&#8243;][vc_raw_html]JTNDYSUyMGhyZWYlM0QlMjJodHRwcyUzQSUyRiUyRnd3dy5hbWF6b24uZXMlMkZkcCUyRjE5ODU3NjQ5MTElMkZyZWYlM0Rzcl8xXzElM0ZzJTNEZm9yZWlnbi1ib29rcyUyNmFtcCUzQmllJTNEVVRGOCUyNmFtcCUzQnFpZCUzRDE1MjQ1NzQ5OTclMjZhbXAlM0JzciUzRDEtMSUyNmFtcCUzQnRhZyUzRGJldGFtaW5pYy0yMSUyMiUyMHRhcmdldCUzRCUyMl9ibGFuayUyMiUzRSUwQSUwOSUwOSUwOSUwOSUwOSUzQ2ltZyUyMHNyYyUzRCUyMiUyRndwLWNvbnRlbnQlMkZ1cGxvYWRzJTJGMjAxOCUyRjA1JTJGYW1hem9uLWVzLTcwLnBuZyUyMiUyMGNsYXNzJTNEJTIyc2luZ2xlLWltYWdlJTIwbGlua2VkLWltYWdlJTIwYmxvY2stY2VudGVyJTIwYXR0YWNobWVudC1mdWxsJTIwc2l6ZS1mdWxsJTIyJTIwYWx0JTNEJTIyQW1hem9uLmVzJTIyJTIwd2lkdGglM0QlMjIxODklMjIlMjBoZWlnaHQlM0QlMjI3MCUyMiUzRSUwQSUwOSUwOSUwOSUwOSUwOSUzQyUyRmElM0U=[\/vc_raw_html][\/vc_column][\/vc_row][vc_row][vc_column width=&#8220;1\/3&#8243;][\/vc_column][vc_column width=&#8220;1\/3&#8243;][vc_empty_space][vc_raw_html]JTNDYSUyMGhyZWYlM0QlMjJodHRwcyUzQSUyRiUyRnd3dy5hbWF6b24uZXMlMkZXaW5uaW5nLUJldHRpbmctU3RyYXRlZ2llcy1CZXRhbWluaWMtRm9vdGJhbGwtZWJvb2slMkZkcCUyRkIwN0NNN1BRVEglMkZyZWYlM0R0bW1fa2luX3N3YXRjaF8wJTNGX2VuY29kaW5nJTNEVVRGOCUyNmFtcCUzQnFpZCUzRDE1MjQ1NzQ5OTclMjZhbXAlM0JzciUzRDEtMSUyNmFtcCUzQnRhZyUzRGJldGFtaW5pYy0yMSUyMiUyMHRhcmdldCUzRCUyMl9ibGFuayUyMiUzRSUwQSUwOSUwOSUwOSUwOSUzQ2ltZyUyMHNyYyUzRCUyMiUyRndwLWNvbnRlbnQlMkZ1cGxvYWRzJTJGMjAxOCUyRjA1JTJGYW1hem9uLWtpbmRsZS0xNDAucG5nJTIyJTIwY2xhc3MlM0QlMjJzaW5nbGUtaW1hZ2UlMjBsaW5rZWQtaW1hZ2UlMjBibG9jay1jZW50ZXIlMjBhdHRhY2htZW50LWZ1bGwlMjBzaXplLWZ1bGwlMjIlMjBhbHQlM0QlMjJBbWF6b24lMjBLaW5kbGUlMjIlM0UlMEElMDklMDklMDklMDklM0MlMkZhJTNF[\/vc_raw_html][\/vc_column][vc_column width=&#8220;1\/3&#8243;][\/vc_column][\/vc_row][vc_row][vc_column][vc_empty_space][vc_column_text]\n<h3 style=\"text-align: center;\"><strong><strong><span style=\"color: #3fbd85;\">Worum geht es in diesem Buch?<\/span><\/strong><\/strong><\/h3>\n<p>&nbsp;<\/p>\n<p><span style=\"font-size: 12pt;\">Dieses Buch ist eine Schritt-f\u00fcr-Schritt-Anleitung zur Verwendung des Betamin Builder Datenanalyse-Tools f\u00fcr die Erstellung von Fu\u00dfball-Wettsystemen, um die Buchmacher zu schlagen, einschlie\u00dflich 21 Gewinnstrategien im Colossus21-System.<\/span><\/p>\n<p><span style=\"font-size: 12pt;\">Enth\u00e4lt:<\/span><\/p>\n<ul>\n<li><span style=\"font-size: 12pt;\"><strong>eBetamin Builder Benutzerhandbuch<\/strong><\/span><\/li>\n<li><span style=\"font-size: 12pt;\"><strong>9 \u00f6ffentliche Strategien kombiniert im Betaminic Super9 System (durchschnittlicher Gewinn von 349 Punkten pro Jahr seit 2012)<\/strong><\/span><\/li>\n<li><span style=\"font-size: 12pt;\"><strong>21 Strategien im Colossus21-System kombiniert (durchschnittlich 1.049 Punkte Gewinn pro Jahr in den letzten 6 Jahren)<\/strong><\/span><\/li>\n<li><span style=\"font-size: 12pt;\"><strong>nalyse von Wettbank, Einsatzh\u00f6he und Einsatzplan<\/strong><\/span><\/li>\n<li><span style=\"font-size: 12pt;\"><strong>Beispiel f\u00fcr Gr\u00fcndungspl\u00e4ne<\/strong><\/span><\/li>\n<li><span style=\"font-size: 12pt;\"><strong>Leitfaden zur Fehlerbehebung, damit Sie am Ball bleiben<\/strong><\/span><\/li>\n<\/ul>\n<p><span style=\"font-size: 12pt;\">(Laden Sie hier das <a href=\"http:\/\/betaminic.webs.com\/Betaminic%20book%20-%20contents.pdf\" target=\"_blank\" rel=\"noopener\">Inhaltsverzeichnis herunter,<\/a> um weitere Einzelheiten zu erfahren).<\/span><\/p>\n<p><span style=\"font-size: 12pt;\">Alle 30 Strategien werden anhand von Factsheets eingehend analysiert, die die Pr\u00e4misse jeder Strategie, den Gewinn, die Rendite, die Pechstr\u00e4hnen, die Anzahl der Wetten, die durchschnittlichen Quoten, die Trefferquote und den maximalen Drawdown aufzeigen. Jedes vierseitige Factsheet bietet auf einen Blick eine Aufschl\u00fcsselung des Gewinns nach Jahr und Monat. Dazu geh\u00f6ren Informationen, die auf der Betaminic-Website nicht angezeigt werden: der Prozentsatz der Gewinnmonate, die l\u00e4ngste Gewinn- und Verlustserie in Monaten, der durchschnittliche monatliche und j\u00e4hrliche Gewinn, die Gewinnspanne pro Jahr und pro Monat, die durchschnittliche Anzahl der Wetten pro Jahr und pro Monat.<\/span><\/p>\n<p><strong><span style=\"font-size: 14pt;\">Wenn Sie Betamin Builder noch nicht verwenden, wird dieses Buch Sie in eine neue Welt der gewinnbringenden Fu\u00dfballwettstrategien einf\u00fchren.<br \/>\nWenn Sie Betamin Builder bereits nutzen, hilft Ihnen dieser Leitfaden, das Beste daraus zu machen und den Weg zu noch gr\u00f6\u00dferen Gewinnen einzuschlagen.<\/span><\/strong><\/p>\n<p><span style=\"font-size: 12pt;\">Betamin Builder ist ein leistungsf\u00e4higes Werkzeug, um Strategien zu finden, die auf lange Sicht konstante Gewinne bringen. Sie k\u00f6nnen sie selbst finden, indem Sie Ihre Ideen und Ihr Bauchgef\u00fchl zum Thema Fu\u00dfball erforschen. Das braucht allerdings Zeit, und deshalb stelle ich Ihnen hier einundzwanzig funktionierende Strategien vor, die Sie unver\u00e4ndert verwenden oder nach Ihren eigenen Vorstellungen anpassen k\u00f6nnen.<\/span><br \/>\n<span style=\"font-size: 12pt;\">Alle Daten in den Factsheets sind n\u00fctzlich, um ein Gef\u00fchl f\u00fcr eine Strategie zu bekommen. Wir wollen wissen, wie profitabel sie ist, mit welchem Risiko wir rechnen m\u00fcssen und wie viele Picks wir pro Monat erwarten k\u00f6nnen. Au\u00dferdem wollen wir wissen, wann es schlechte Phasen gab, wie schlecht sie waren und wie unbest\u00e4ndig jede Strategie ist. Diese Informationen k\u00f6nnen wir mit den Werkzeugen des Betamin Builders erhalten, aber mit diesem Buch haben Sie sie alle in einem \u00fcbersichtlichen, standardisierten Format, so dass Sie sie wie ein Men\u00fc nach Ihrem Geschmack ausw\u00e4hlen k\u00f6nnen.<\/span><\/p>\n<p><span style=\"font-size: 12pt;\">Das Wichtigste bei all diesen Strategien ist, dass sie alle langfristig Gewinne erzielt haben, aber auch, dass sie alle Verlustmonate hatten, manchmal sogar mehrere Verlustmonate hintereinander. Wir werden sehen, dass einige Strategien eine hohe Rendite, aber nur wenige Tipps pro Monat haben, w\u00e4hrend andere mit niedrigeren Renditen durch ein h\u00f6heres Volumen an Wetten pro Monat schneller mehr Gewinn erwirtschaften. Der Colossus21, der eine Kombination aller Strategien darstellt, zeigt, dass Sie fast jeden Monat einen Gewinn erzielen k\u00f6nnen, wenn Sie nicht alles auf eine Karte setzen und das Risiko auf m\u00f6glichst viele Strategien streuen. 70 von 72 Monaten zwischen M\u00e4rz 2012 und Februar 2018 endeten mit einem Gewinn. Auch wenn die Ergebnisse der Vergangenheit keine Garantie f\u00fcr die k\u00fcnftige Performance sind, k\u00f6nnen wir berechtigterweise davon ausgehen, dass wir eine erfolgreiche Strategie gefunden haben.[\/vc_column_text][\/vc_column][\/vc_row][vc_row][vc_column][vc_column_text]<\/span><\/p>\n<h3 class=\"webs-title webs-title-align-center \" style=\"text-align: center;\"><strong><strong><span style=\"color: #3fbd85;\">Das Colossus21 Fu\u00dfball-Wettsystem<\/span><\/strong><\/strong><\/h3>\n<div id=\"webs-bin-5aa1361dbb33950001d0569a\" class=\"webs-bin\">\n<div class=\"webs-bin-wrap\">\n<div class=\"webs-container webs-module-text \">\n<div class=\"webs-text \">\n<p>&nbsp;<\/p>\n<p><span style=\"font-size: 12pt;\">Der Colossus21 ist eine Kombination aus 21 Strategien, die mit dem Betamin Builder Tool erstellt wurden. Hier sind die Punktgewinn-Ergebnisse des Colossus21-Systems \u00fcber 6 Jahre seit M\u00e4rz 2012.<\/span><\/p>\n<ul>\n<li><span style=\"font-size: 12pt;\"><strong>70 Monate Gewinn von 72 Monaten.<\/strong><\/span><\/li>\n<li><span style=\"font-size: 12pt;\"><strong>.Durchschnittlich 83 Punkte pro Monat. 1.000 pro Jahr.<\/strong><\/span><\/li>\n<\/ul>\n<blockquote><p><span style=\"font-size: 12pt;\">Das ist kolossal. Es zeigt wirklich die Macht der Kombination mehrerer Strategien in einem Wettsystem.<\/span><\/p><\/blockquote>\n<p><span style=\"font-size: 12pt;\">Das Buch erkl\u00e4rt, wie man dieses System erstellt, verwendet und befolgt. Dazu geh\u00f6ren Ratschl\u00e4ge zu Wettb\u00e4nken, Einsatzh\u00f6he und Fehlerbehebung.<\/span><\/p>\n<\/div>\n<\/div>\n<\/div>\n<\/div>\n[\/vc_column_text][\/vc_column][\/vc_row][vc_row][vc_column][vc_single_image image=&#8220;33105&#8243; class=&#8220;block-center&#8220;][vc_empty_space][\/vc_column][\/vc_row]\n<div id=\"mouseposition-extension-element-full-container\" style=\"position: fixed; inset: 0px; pointer-events: none; z-index: 2147483647; font-weight: 400;\">\n<div id=\"mouseposition-extension-element-rect-display\" style=\"display: none; position: absolute; background: rgba(255, 255, 255, 0.7); outline: black solid 1px; font-size: 12px; z-index: 2147483647; justify-content: center; align-items: center; user-select: none; cursor: default; color: #000000; font-family: 'Helvetica Neue', Helvetica, Arial, sans-serif; width: 0px; height: 0px;\">\n<pre style=\"flex: 1 1 0%; text-align: center; background-color: rgba(255, 255, 255, 0.7); color: #000000; min-width: 42px; min-height: 12px; transition: all 1s ease 0s;\"><\/pre>\n<\/div>\n<pre id=\"mouseposition-extension-element-coordinate-display\" style=\"position: absolute; display: none; background: #ffffff; font-size: 12px; line-height: 14px; border-radius: 3px; border-width: 1px; border-color: #222222 black #333333; border-style: solid; padding: 3px; z-index: 2147483647; color: #222222; user-select: none; cursor: default; font-family: 'Helvetica Neue', Helvetica, Arial, sans-serif;\"><\/pre>\n<\/div>\n<\/section>","protected":false},"excerpt":{"rendered":"<p class=\"post-excerpt\">[vc_row][vc_column width=&#8220;1\/3&#8243; css=&#8220;.vc_custom_1525100412100{border-radius: 1px !important;}&#8220;][vc_column_text][\/vc_column_text][\/vc_column][vc_column width=&#8220;2\/3&#8243;][vc_column_text] Winning Sports Betting Strategies with Betaminic Big Data Tools for Football Betting Systems Eine Schritt-f\u00fcr-Schritt-Anleitung zur Verwendung des Betamin Builder Datenanalyse-Tools zur Erstellung von Fu\u00dfballwettsystemen, um die Buchmacher zu schlagen, einschlie\u00dflich einundzwanzig Gewinnstrategien im Colossus21-System. Von Tom Whitaker. Mit Artikeln von David Herrera und Daniel Mu\u00f1oz. Ver\u00f6ffentlicht am 24&#8230;.\n<\/p>","protected":false},"author":37,"featured_media":0,"parent":0,"menu_order":0,"comment_status":"closed","ping_status":"closed","template":"","meta":{"footnotes":""},"class_list":["post-34307","page","type-page","status-publish","hentry"],"yoast_head":"<!-- This site is optimized with the Yoast SEO plugin v27.5 - https:\/\/yoast.com\/product\/yoast-seo-wordpress\/ -->\n<title>Das Betaminic-Buch ist da!!! - Betaminic.com<\/title>\n<meta name=\"robots\" content=\"index, follow, max-snippet:-1, max-image-preview:large, max-video-preview:-1\" \/>\n<link rel=\"canonical\" href=\"https:\/\/www.betaminic.com\/de\/das-betaminic-buch-ist-da\/\" \/>\n<meta property=\"og:locale\" content=\"de_DE\" \/>\n<meta property=\"og:type\" content=\"article\" \/>\n<meta property=\"og:title\" content=\"Das Betaminic-Buch ist da!!! - Betaminic.com\" \/>\n<meta property=\"og:description\" content=\"[vc_row][vc_column width=&#8220;1\/3&#8243; css=&#8220;.vc_custom_1525100412100{border-radius: 1px !important;}&#8220;][vc_column_text][\/vc_column_text][\/vc_column][vc_column width=&#8220;2\/3&#8243;][vc_column_text] Winning Sports Betting Strategies with Betaminic Big Data Tools for Football Betting Systems Eine Schritt-f\u00fcr-Schritt-Anleitung zur Verwendung des Betamin Builder Datenanalyse-Tools zur Erstellung von Fu\u00dfballwettsystemen, um die Buchmacher zu schlagen, einschlie\u00dflich einundzwanzig Gewinnstrategien im Colossus21-System. Von Tom Whitaker. Mit Artikeln von David Herrera und Daniel Mu\u00f1oz. Ver\u00f6ffentlicht am 24....\" \/>\n<meta property=\"og:url\" content=\"https:\/\/www.betaminic.com\/de\/das-betaminic-buch-ist-da\/\" \/>\n<meta property=\"og:site_name\" content=\"Betaminic.com\" \/>\n<meta property=\"article:publisher\" content=\"https:\/\/www.facebook.com\/betaminic\/\" \/>\n<meta property=\"article:modified_time\" content=\"2023-06-20T11:29:44+00:00\" \/>\n<meta name=\"twitter:card\" content=\"summary_large_image\" \/>\n<meta name=\"twitter:site\" content=\"@betaminic\" \/>\n<meta name=\"twitter:label1\" content=\"Gesch\u00e4tzte Lesezeit\" \/>\n\t<meta name=\"twitter:data1\" content=\"4\u00a0Minuten\" \/>\n<script type=\"application\/ld+json\" class=\"yoast-schema-graph\">{\"@context\":\"https:\\\/\\\/schema.org\",\"@graph\":[{\"@type\":\"WebPage\",\"@id\":\"https:\\\/\\\/www.betaminic.com\\\/de\\\/das-betaminic-buch-ist-da\\\/\",\"url\":\"https:\\\/\\\/www.betaminic.com\\\/de\\\/das-betaminic-buch-ist-da\\\/\",\"name\":\"Das Betaminic-Buch ist da!!! - Betaminic.com\",\"isPartOf\":{\"@id\":\"https:\\\/\\\/www.betaminic.com\\\/de\\\/#website\"},\"datePublished\":\"2023-06-20T11:29:40+00:00\",\"dateModified\":\"2023-06-20T11:29:44+00:00\",\"breadcrumb\":{\"@id\":\"https:\\\/\\\/www.betaminic.com\\\/de\\\/das-betaminic-buch-ist-da\\\/#breadcrumb\"},\"inLanguage\":\"de\",\"potentialAction\":[{\"@type\":\"ReadAction\",\"target\":[\"https:\\\/\\\/www.betaminic.com\\\/de\\\/das-betaminic-buch-ist-da\\\/\"]}]},{\"@type\":\"BreadcrumbList\",\"@id\":\"https:\\\/\\\/www.betaminic.com\\\/de\\\/das-betaminic-buch-ist-da\\\/#breadcrumb\",\"itemListElement\":[{\"@type\":\"ListItem\",\"position\":1,\"name\":\"Home\",\"item\":\"https:\\\/\\\/www.betaminic.com\\\/de\\\/\"},{\"@type\":\"ListItem\",\"position\":2,\"name\":\"Das Betaminic-Buch ist da!!!\"}]},{\"@type\":\"WebSite\",\"@id\":\"https:\\\/\\\/www.betaminic.com\\\/de\\\/#website\",\"url\":\"https:\\\/\\\/www.betaminic.com\\\/de\\\/\",\"name\":\"Betaminic.com\",\"description\":\"\",\"publisher\":{\"@id\":\"https:\\\/\\\/www.betaminic.com\\\/de\\\/#organization\"},\"potentialAction\":[{\"@type\":\"SearchAction\",\"target\":{\"@type\":\"EntryPoint\",\"urlTemplate\":\"https:\\\/\\\/www.betaminic.com\\\/de\\\/?s={search_term_string}\"},\"query-input\":{\"@type\":\"PropertyValueSpecification\",\"valueRequired\":true,\"valueName\":\"search_term_string\"}}],\"inLanguage\":\"de\"},{\"@type\":\"Organization\",\"@id\":\"https:\\\/\\\/www.betaminic.com\\\/de\\\/#organization\",\"name\":\"Betaminic Bigdata Solutions, S.L.\",\"alternateName\":\"Betaminic\",\"url\":\"https:\\\/\\\/www.betaminic.com\\\/de\\\/\",\"logo\":{\"@type\":\"ImageObject\",\"inLanguage\":\"de\",\"@id\":\"https:\\\/\\\/www.betaminic.com\\\/de\\\/#\\\/schema\\\/logo\\\/image\\\/\",\"url\":\"https:\\\/\\\/www.betaminic.com\\\/wp-content\\\/uploads\\\/2017\\\/09\\\/betaminic-front-logo.png\",\"contentUrl\":\"https:\\\/\\\/www.betaminic.com\\\/wp-content\\\/uploads\\\/2017\\\/09\\\/betaminic-front-logo.png\",\"width\":250,\"height\":67,\"caption\":\"Betaminic Bigdata Solutions, S.L.\"},\"image\":{\"@id\":\"https:\\\/\\\/www.betaminic.com\\\/de\\\/#\\\/schema\\\/logo\\\/image\\\/\"},\"sameAs\":[\"https:\\\/\\\/www.facebook.com\\\/betaminic\\\/\",\"https:\\\/\\\/x.com\\\/betaminic\",\"https:\\\/\\\/www.youtube.com\\\/channel\\\/UCO8zcebQOIOw2Bqi-wpMafQ\"]}]}<\/script>\n<!-- \/ Yoast SEO plugin. -->","yoast_head_json":{"title":"Das Betaminic-Buch ist da!!! - Betaminic.com","robots":{"index":"index","follow":"follow","max-snippet":"max-snippet:-1","max-image-preview":"max-image-preview:large","max-video-preview":"max-video-preview:-1"},"canonical":"https:\/\/www.betaminic.com\/de\/das-betaminic-buch-ist-da\/","og_locale":"de_DE","og_type":"article","og_title":"Das Betaminic-Buch ist da!!! - Betaminic.com","og_description":"[vc_row][vc_column width=&#8220;1\/3&#8243; css=&#8220;.vc_custom_1525100412100{border-radius: 1px !important;}&#8220;][vc_column_text][\/vc_column_text][\/vc_column][vc_column width=&#8220;2\/3&#8243;][vc_column_text] Winning Sports Betting Strategies with Betaminic Big Data Tools for Football Betting Systems Eine Schritt-f\u00fcr-Schritt-Anleitung zur Verwendung des Betamin Builder Datenanalyse-Tools zur Erstellung von Fu\u00dfballwettsystemen, um die Buchmacher zu schlagen, einschlie\u00dflich einundzwanzig Gewinnstrategien im Colossus21-System. Von Tom Whitaker. Mit Artikeln von David Herrera und Daniel Mu\u00f1oz. Ver\u00f6ffentlicht am 24....","og_url":"https:\/\/www.betaminic.com\/de\/das-betaminic-buch-ist-da\/","og_site_name":"Betaminic.com","article_publisher":"https:\/\/www.facebook.com\/betaminic\/","article_modified_time":"2023-06-20T11:29:44+00:00","twitter_card":"summary_large_image","twitter_site":"@betaminic","twitter_misc":{"Gesch\u00e4tzte Lesezeit":"4\u00a0Minuten"},"schema":{"@context":"https:\/\/schema.org","@graph":[{"@type":"WebPage","@id":"https:\/\/www.betaminic.com\/de\/das-betaminic-buch-ist-da\/","url":"https:\/\/www.betaminic.com\/de\/das-betaminic-buch-ist-da\/","name":"Das Betaminic-Buch ist da!!! - Betaminic.com","isPartOf":{"@id":"https:\/\/www.betaminic.com\/de\/#website"},"datePublished":"2023-06-20T11:29:40+00:00","dateModified":"2023-06-20T11:29:44+00:00","breadcrumb":{"@id":"https:\/\/www.betaminic.com\/de\/das-betaminic-buch-ist-da\/#breadcrumb"},"inLanguage":"de","potentialAction":[{"@type":"ReadAction","target":["https:\/\/www.betaminic.com\/de\/das-betaminic-buch-ist-da\/"]}]},{"@type":"BreadcrumbList","@id":"https:\/\/www.betaminic.com\/de\/das-betaminic-buch-ist-da\/#breadcrumb","itemListElement":[{"@type":"ListItem","position":1,"name":"Home","item":"https:\/\/www.betaminic.com\/de\/"},{"@type":"ListItem","position":2,"name":"Das Betaminic-Buch ist da!!!"}]},{"@type":"WebSite","@id":"https:\/\/www.betaminic.com\/de\/#website","url":"https:\/\/www.betaminic.com\/de\/","name":"Betaminic.com","description":"","publisher":{"@id":"https:\/\/www.betaminic.com\/de\/#organization"},"potentialAction":[{"@type":"SearchAction","target":{"@type":"EntryPoint","urlTemplate":"https:\/\/www.betaminic.com\/de\/?s={search_term_string}"},"query-input":{"@type":"PropertyValueSpecification","valueRequired":true,"valueName":"search_term_string"}}],"inLanguage":"de"},{"@type":"Organization","@id":"https:\/\/www.betaminic.com\/de\/#organization","name":"Betaminic Bigdata Solutions, S.L.","alternateName":"Betaminic","url":"https:\/\/www.betaminic.com\/de\/","logo":{"@type":"ImageObject","inLanguage":"de","@id":"https:\/\/www.betaminic.com\/de\/#\/schema\/logo\/image\/","url":"https:\/\/www.betaminic.com\/wp-content\/uploads\/2017\/09\/betaminic-front-logo.png","contentUrl":"https:\/\/www.betaminic.com\/wp-content\/uploads\/2017\/09\/betaminic-front-logo.png","width":250,"height":67,"caption":"Betaminic Bigdata Solutions, S.L."},"image":{"@id":"https:\/\/www.betaminic.com\/de\/#\/schema\/logo\/image\/"},"sameAs":["https:\/\/www.facebook.com\/betaminic\/","https:\/\/x.com\/betaminic","https:\/\/www.youtube.com\/channel\/UCO8zcebQOIOw2Bqi-wpMafQ"]}]}},"_links":{"self":[{"href":"https:\/\/www.betaminic.com\/de\/wp-json\/wp\/v2\/pages\/34307","targetHints":{"allow":["GET"]}}],"collection":[{"href":"https:\/\/www.betaminic.com\/de\/wp-json\/wp\/v2\/pages"}],"about":[{"href":"https:\/\/www.betaminic.com\/de\/wp-json\/wp\/v2\/types\/page"}],"author":[{"embeddable":true,"href":"https:\/\/www.betaminic.com\/de\/wp-json\/wp\/v2\/users\/37"}],"replies":[{"embeddable":true,"href":"https:\/\/www.betaminic.com\/de\/wp-json\/wp\/v2\/comments?post=34307"}],"version-history":[{"count":4,"href":"https:\/\/www.betaminic.com\/de\/wp-json\/wp\/v2\/pages\/34307\/revisions"}],"predecessor-version":[{"id":34824,"href":"https:\/\/www.betaminic.com\/de\/wp-json\/wp\/v2\/pages\/34307\/revisions\/34824"}],"wp:attachment":[{"href":"https:\/\/www.betaminic.com\/de\/wp-json\/wp\/v2\/media?parent=34307"}],"curies":[{"name":"wp","href":"https:\/\/api.w.org\/{rel}","templated":true}]}}