{"id":34325,"date":"2023-06-20T13:38:53","date_gmt":"2023-06-20T11:38:53","guid":{"rendered":"https:\/\/www.betaminic.com\/?page_id=34325"},"modified":"2023-06-20T13:38:57","modified_gmt":"2023-06-20T11:38:57","slug":"betlamp-faqs","status":"publish","type":"page","link":"https:\/\/www.betaminic.com\/de\/betlamp\/betlamp-faqs\/","title":{"rendered":"Betlamp &#8211; FAQs"},"content":{"rendered":"            <div class=\"qae-faqs-container qae-faqs-toggle-container\">\n\t\t\t\t\t\t\t<ul class=\"qe-faqs-filters-container\">\n\t\t\t\t<li class=\"active\"><a class=\"qe-faqs-filter all-faqs\" href=\"#\" data-filter=\"*\">Alle<\/a><\/li>\n\t\t\t\t<li><a class=\"qe-faqs-filter\" href=\"#faqs-betlamp\" data-filter=\".faqs-betlamp\">FAQs Betlamp<\/a><\/li>\t\t\t<\/ul>\n\t\t\t\t\t<div id=\"qaef-34813\" class=\"qe-faq-toggle faqs-betlamp\">\n\t\t\t<div class=\"qe-toggle-title\">\n\t\t\t\t<h4>\n\t\t\t\t\t<i class=\"fa fa-minus-circle\"><\/i> Was ist Betlamp?\t\t\t\t<\/h4>\n\t\t\t<\/div>\n\t\t\t<div class=\"qe-toggle-content\">\n\t\t\t\t<p>Betlamp ist ein erstaunliches Statistik-Tool, die perfekte Erg\u00e4nzung zu <a href=\"https:\/\/www.betaminic.com\/betamin-builder\/\" target=\"_blank\" rel=\"noopener\">Betamin Builder<\/a> und v\u00f6llig kostenlos. Sie k\u00f6nnen Ihre eigenen Filter konfigurieren und erhalten E-Mail-Benachrichtigungen f\u00fcr Spiele, die die festgelegten Bedingungen erf\u00fcllen. Ein sehr einfach zu bedienendes Tool, in dem Sie 20 Wettm\u00e4rkte, 54 Fu\u00dfballligen und mehr als 300 Filter zum Kombinieren finden.<\/p>\n<div id=\"mouseposition-extension-element-full-container\" style=\"position: fixed;z-index: 2147483647;font-weight: 400\">\n<div id=\"mouseposition-extension-element-rect-display\" style=\"display: none;position: absolute;font-size: 12px;z-index: 2147483647;justify-content: center;align-items: center;cursor: default;color: #000000;font-family: 'Helvetica Neue', Helvetica, Arial, sans-serif;width: 0px;height: 0px\">\n<pre style=\"flex: 1 1 0%;text-align: center;color: #000000;min-width: 42px;min-height: 12px\"><\/pre>\n<\/div>\n<pre id=\"mouseposition-extension-element-coordinate-display\" style=\"position: absolute;display: none;background: #ffffff;font-size: 12px;line-height: 14px;border-radius: 3px;border-width: 1px;border-color: #222222 black #333333;border-style: solid;padding: 3px;z-index: 2147483647;color: #222222;cursor: default;font-family: 'Helvetica Neue', Helvetica, Arial, sans-serif\"><\/pre>\n<\/div>\n\t\t\t<\/div>\n\t\t<\/div>\n\t\t\t\t<div id=\"qaef-34812\" class=\"qe-faq-toggle faqs-betlamp\">\n\t\t\t<div class=\"qe-toggle-title\">\n\t\t\t\t<h4>\n\t\t\t\t\t<i class=\"fa fa-minus-circle\"><\/i> Wie funktioniert das Statistik-Tool?\t\t\t\t<\/h4>\n\t\t\t<\/div>\n\t\t\t<div class=\"qe-toggle-content\">\n\t\t\t\t<p>Mit dem Statistik-Tool entdecken Sie eine innovative und effiziente M\u00f6glichkeit, nach Trends zu suchen, die sonst viel Zeit und M\u00fche kosten w\u00fcrden. Sie k\u00f6nnen Ihre eigenen personalisierten Filter erstellen und erhalten die Treffer, die die festgelegten Bedingungen erf\u00fcllen, bequem per E-Mail. Lesen Sie unser Benutzerhandbuch, um zu sehen, <a href=\"https:\/\/www.betaminic.com\/de\/betlamp\/hilfe\/\" target=\"_blank\" rel=\"noopener\">wie es im Detail funktioniert<\/a>.<\/p>\n<div id=\"mouseposition-extension-element-full-container\" style=\"position: fixed;z-index: 2147483647;font-weight: 400\">\n<div id=\"mouseposition-extension-element-rect-display\" style=\"display: none;position: absolute;font-size: 12px;z-index: 2147483647;justify-content: center;align-items: center;cursor: default;color: #000000;font-family: 'Helvetica Neue', Helvetica, Arial, sans-serif;width: 0px;height: 0px\">\n<pre style=\"flex: 1 1 0%;text-align: center;color: #000000;min-width: 42px;min-height: 12px\"><\/pre>\n<\/div>\n<pre id=\"mouseposition-extension-element-coordinate-display\" style=\"position: absolute;display: none;background: #ffffff;font-size: 12px;line-height: 14px;border-radius: 3px;border-width: 1px;border-color: #222222 black #333333;border-style: solid;padding: 3px;z-index: 2147483647;color: #222222;cursor: default;font-family: 'Helvetica Neue', Helvetica, Arial, sans-serif\"><\/pre>\n<\/div>\n\t\t\t<\/div>\n\t\t<\/div>\n\t\t\t\t<div id=\"qaef-34811\" class=\"qe-faq-toggle faqs-betlamp\">\n\t\t\t<div class=\"qe-toggle-title\">\n\t\t\t\t<h4>\n\t\t\t\t\t<i class=\"fa fa-minus-circle\"><\/i> Welche Sportarten bieten Sie in Ihrem Statistikdienst an?\t\t\t\t<\/h4>\n\t\t\t<\/div>\n\t\t\t<div class=\"qe-toggle-content\">\n\t\t\t\t<p>Im Moment konzentriert sich der Dienst auf Fu\u00dfballligen, aber wir planen, weitere Sportarten hinzuzuf\u00fcgen.<\/p>\n<div id=\"mouseposition-extension-element-full-container\" style=\"position: fixed;z-index: 2147483647;font-weight: 400\">\n<div id=\"mouseposition-extension-element-rect-display\" style=\"display: none;position: absolute;font-size: 12px;z-index: 2147483647;justify-content: center;align-items: center;cursor: default;color: #000000;font-family: 'Helvetica Neue', Helvetica, Arial, sans-serif;width: 0px;height: 0px\">\n<pre style=\"flex: 1 1 0%;text-align: center;color: #000000;min-width: 42px;min-height: 12px\"><\/pre>\n<\/div>\n<pre id=\"mouseposition-extension-element-coordinate-display\" style=\"position: absolute;display: none;background: #ffffff;font-size: 12px;line-height: 14px;border-radius: 3px;border-width: 1px;border-color: #222222 black #333333;border-style: solid;padding: 3px;z-index: 2147483647;color: #222222;cursor: default;font-family: 'Helvetica Neue', Helvetica, Arial, sans-serif\"><\/pre>\n<\/div>\n\t\t\t<\/div>\n\t\t<\/div>\n\t\t\t\t<div id=\"qaef-34810\" class=\"qe-faq-toggle faqs-betlamp\">\n\t\t\t<div class=\"qe-toggle-title\">\n\t\t\t\t<h4>\n\t\t\t\t\t<i class=\"fa fa-minus-circle\"><\/i> Wie viele Fu\u00dfballligen hat das Statistik-Tool?\t\t\t\t<\/h4>\n\t\t\t<\/div>\n\t\t\t<div class=\"qe-toggle-content\">\n\t\t\t\t<p>Derzeit haben wir alle 111 Top-Fu\u00dfballligen im Angebot, aber wir haben vor, diese Zahl regelm\u00e4\u00dfig zu erh\u00f6hen.<\/p>\n<div id=\"mouseposition-extension-element-full-container\" style=\"position: fixed;z-index: 2147483647;font-weight: 400\">\n<div id=\"mouseposition-extension-element-rect-display\" style=\"display: none;position: absolute;font-size: 12px;z-index: 2147483647;justify-content: center;align-items: center;cursor: default;color: #000000;font-family: 'Helvetica Neue', Helvetica, Arial, sans-serif;width: 0px;height: 0px\">\n<pre style=\"flex: 1 1 0%;text-align: center;color: #000000;min-width: 42px;min-height: 12px\"><\/pre>\n<\/div>\n<pre id=\"mouseposition-extension-element-coordinate-display\" style=\"position: absolute;display: none;background: #ffffff;font-size: 12px;line-height: 14px;border-radius: 3px;border-width: 1px;border-color: #222222 black #333333;border-style: solid;padding: 3px;z-index: 2147483647;color: #222222;cursor: default;font-family: 'Helvetica Neue', Helvetica, Arial, sans-serif\"><\/pre>\n<\/div>\n\t\t\t<\/div>\n\t\t<\/div>\n\t\t\t\t<div id=\"qaef-34809\" class=\"qe-faq-toggle faqs-betlamp\">\n\t\t\t<div class=\"qe-toggle-title\">\n\t\t\t\t<h4>\n\t\t\t\t\t<i class=\"fa fa-minus-circle\"><\/i> Wie erstellt und speichert man eine Ausschreibung?\t\t\t\t<\/h4>\n\t\t\t<\/div>\n\t\t\t<div class=\"qe-toggle-content\">\n\t\t\t\t<p>In unserem <a href=\"https:\/\/www.betaminic.com\/de\/betlamp\/hilfe\/\" target=\"_blank\" rel=\"noopener\">Benutzerhandbuch<\/a> finden Sie die n\u00f6tige Hilfe zum Erstellen von Filtern und Bedingungen, um die Treffer in Ihrer E-Mail auf bequeme und effiziente Weise zu erhalten.<\/p>\n<div id=\"mouseposition-extension-element-full-container\" style=\"position: fixed;z-index: 2147483647;font-weight: 400\">\n<div id=\"mouseposition-extension-element-rect-display\" style=\"display: none;position: absolute;font-size: 12px;z-index: 2147483647;justify-content: center;align-items: center;cursor: default;color: #000000;font-family: 'Helvetica Neue', Helvetica, Arial, sans-serif;width: 0px;height: 0px\">\n<pre style=\"flex: 1 1 0%;text-align: center;color: #000000;min-width: 42px;min-height: 12px\"><\/pre>\n<\/div>\n<pre id=\"mouseposition-extension-element-coordinate-display\" style=\"position: absolute;display: none;background: #ffffff;font-size: 12px;line-height: 14px;border-radius: 3px;border-width: 1px;border-color: #222222 black #333333;border-style: solid;padding: 3px;z-index: 2147483647;color: #222222;cursor: default;font-family: 'Helvetica Neue', Helvetica, Arial, sans-serif\"><\/pre>\n<\/div>\n\t\t\t<\/div>\n\t\t<\/div>\n\t\t\t\t<div id=\"qaef-34808\" class=\"qe-faq-toggle faqs-betlamp\">\n\t\t\t<div class=\"qe-toggle-title\">\n\t\t\t\t<h4>\n\t\t\t\t\t<i class=\"fa fa-minus-circle\"><\/i> Wie oft wird die Datenbank aktualisiert?\t\t\t\t<\/h4>\n\t\t\t<\/div>\n\t\t\t<div class=\"qe-toggle-content\">\n\t\t\t\t<p>Die Datenbank wird st\u00e4ndig aktualisiert.<\/p>\n<div id=\"mouseposition-extension-element-full-container\" style=\"position: fixed;z-index: 2147483647;font-weight: 400\">\n<div id=\"mouseposition-extension-element-rect-display\" style=\"display: none;position: absolute;font-size: 12px;z-index: 2147483647;justify-content: center;align-items: center;cursor: default;color: #000000;font-family: 'Helvetica Neue', Helvetica, Arial, sans-serif;width: 0px;height: 0px\">\n<pre style=\"flex: 1 1 0%;text-align: center;color: #000000;min-width: 42px;min-height: 12px\"><\/pre>\n<\/div>\n<pre id=\"mouseposition-extension-element-coordinate-display\" style=\"position: absolute;display: none;background: #ffffff;font-size: 12px;line-height: 14px;border-radius: 3px;border-width: 1px;border-color: #222222 black #333333;border-style: solid;padding: 3px;z-index: 2147483647;color: #222222;cursor: default;font-family: 'Helvetica Neue', Helvetica, Arial, sans-serif\"><\/pre>\n<\/div>\n\t\t\t<\/div>\n\t\t<\/div>\n\t\t\t\t<div id=\"qaef-34807\" class=\"qe-faq-toggle faqs-betlamp\">\n\t\t\t<div class=\"qe-toggle-title\">\n\t\t\t\t<h4>\n\t\t\t\t\t<i class=\"fa fa-minus-circle\"><\/i> Kann ich den Namen einer Ausschreibung wiederholen?\t\t\t\t<\/h4>\n\t\t\t<\/div>\n\t\t\t<div class=\"qe-toggle-content\">\n\t\t\t\t<p>Nein, die Namen der Warnmeldungen sind eindeutig und k\u00f6nnen nicht wiederholt werden. Auf diese Weise ist es f\u00fcr Sie einfacher, die Warnmeldungen mit den von Ihnen festgelegten Bedingungen zu identifizieren, da sie nicht doppelt vorhanden sind.<\/p>\n<div id=\"mouseposition-extension-element-full-container\" style=\"position: fixed;z-index: 2147483647;font-weight: 400\">\n<div id=\"mouseposition-extension-element-rect-display\" style=\"display: none;position: absolute;font-size: 12px;z-index: 2147483647;justify-content: center;align-items: center;cursor: default;color: #000000;font-family: 'Helvetica Neue', Helvetica, Arial, sans-serif;width: 0px;height: 0px\">\n<pre style=\"flex: 1 1 0%;text-align: center;color: #000000;min-width: 42px;min-height: 12px\"><\/pre>\n<\/div>\n<pre id=\"mouseposition-extension-element-coordinate-display\" style=\"position: absolute;display: none;background: #ffffff;font-size: 12px;line-height: 14px;border-radius: 3px;border-width: 1px;border-color: #222222 black #333333;border-style: solid;padding: 3px;z-index: 2147483647;color: #222222;cursor: default;font-family: 'Helvetica Neue', Helvetica, Arial, sans-serif\"><\/pre>\n<\/div>\n\t\t\t<\/div>\n\t\t<\/div>\n\t\t\t\t<div id=\"qaef-34806\" class=\"qe-faq-toggle faqs-betlamp\">\n\t\t\t<div class=\"qe-toggle-title\">\n\t\t\t\t<h4>\n\t\t\t\t\t<i class=\"fa fa-minus-circle\"><\/i> Vorschl\u00e4ge\t\t\t\t<\/h4>\n\t\t\t<\/div>\n\t\t\t<div class=\"qe-toggle-content\">\n\t\t\t\t<p>Es ist sehr wichtig f\u00fcr uns, Ihr Feedback aus erster Hand zu h\u00f6ren, damit wir Tools entwickeln k\u00f6nnen, die all Ihren Bed\u00fcrfnissen entsprechen. Wenn Sie m\u00f6chten, dass wir den aktuellen Service verbessern oder ein bestimmtes Tool entwickeln, senden Sie uns bitte eine E-Mail an <a href=\"mailto:su*****@*******ic.com\" data-original-string=\"fLqamKyRg7zjydwGcHL7KA==8e9DcNN1P1MkdZK3e8egSkQ\/sM6c0lB+zjR9TrmpV1gw3c=\" title=\"Dieser Kontakt wurde von Anti-Spam by CleanTalk verschl\u00fcsselt. Klicken Sie hier, um ihn zu entschl\u00fcsseln. Um die Entschl\u00fcsselung abzuschlie\u00dfen, stellen Sie sicher, dass JavaScript in Ihrem Browser aktiviert ist.\"><span data-original-string='342ksWH7RsvqBljJ673YAw==8e976aOmw8QPyV8+4F9kHP6ttQ7QhYyCQcFEELCGTiaW5A=' class='apbct-email-encoder' title='Dieser Kontakt wurde von Anti-Spam by CleanTalk verschl\u00fcsselt. Klicken Sie hier, um ihn zu entschl\u00fcsseln. Um die Entschl\u00fcsselung abzuschlie\u00dfen, stellen Sie sicher, dass JavaScript in Ihrem Browser aktiviert ist.'>su<span class=\"apbct-blur\">*****<\/span>@<span class=\"apbct-blur\">*******<\/span>ic.com<\/span><\/a> oder \u00fcber unser Kontaktformular unten und wir werden es mit Ihnen im Detail besprechen. Ihre Meinung ist uns sehr wichtig, herzlichen Dank!<\/p>\n<div id=\"mouseposition-extension-element-full-container\" style=\"position: fixed;z-index: 2147483647;font-weight: 400\">\n<div id=\"mouseposition-extension-element-rect-display\" style=\"display: none;position: absolute;font-size: 12px;z-index: 2147483647;justify-content: center;align-items: center;cursor: default;color: #000000;font-family: 'Helvetica Neue', Helvetica, Arial, sans-serif;width: 0px;height: 0px\">\n<pre style=\"flex: 1 1 0%;text-align: center;color: #000000;min-width: 42px;min-height: 12px\"><\/pre>\n<\/div>\n<pre id=\"mouseposition-extension-element-coordinate-display\" style=\"position: absolute;display: none;background: #ffffff;font-size: 12px;line-height: 14px;border-radius: 3px;border-width: 1px;border-color: #222222 black #333333;border-style: solid;padding: 3px;z-index: 2147483647;color: #222222;cursor: default;font-family: 'Helvetica Neue', Helvetica, Arial, sans-serif\"><\/pre>\n<\/div>\n\t\t\t<\/div>\n\t\t<\/div>\n\t\t            <\/div>\n\t\t\n<div id=\"mouseposition-extension-element-full-container\" style=\"position: fixed; inset: 0px; pointer-events: none; z-index: 2147483647; font-weight: 400;\">\n<div id=\"mouseposition-extension-element-rect-display\" style=\"display: none; position: absolute; background: rgba(255, 255, 255, 0.7); outline: black solid 1px; font-size: 12px; z-index: 2147483647; justify-content: center; align-items: center; user-select: none; cursor: default; color: #000000; font-family: 'Helvetica Neue', Helvetica, Arial, sans-serif; width: 0px; height: 0px;\">\n<pre style=\"flex: 1 1 0%; text-align: center; background-color: rgba(255, 255, 255, 0.7); color: #000000; min-width: 42px; min-height: 12px; transition: all 1s ease 0s;\"><\/pre>\n<\/div>\n<pre id=\"mouseposition-extension-element-coordinate-display\" style=\"position: absolute; display: none; background: #ffffff; font-size: 12px; line-height: 14px; border-radius: 3px; border-width: 1px; border-color: #222222 black #333333; border-style: solid; padding: 3px; z-index: 2147483647; color: #222222; user-select: none; cursor: default; font-family: 'Helvetica Neue', Helvetica, Arial, sans-serif;\"><\/pre>\n<\/div>\n","protected":false},"excerpt":{"rendered":"<p class=\"post-excerpt\">Es ist sehr wichtig f\u00fcr uns, Ihr Feedback aus erster Hand zu h\u00f6ren, damit wir Tools entwickeln k\u00f6nnen, die all Ihren Bed\u00fcrfnissen entsprechen. Wenn Sie m\u00f6chten, dass wir den aktuellen Service verbessern oder ein bestimmtes Tool entwickeln, senden Sie uns bitte eine E-Mail an support@betaminic.com oder \u00fcber unser Kontaktformular unten und wir werden es mit...<\/p>","protected":false},"author":37,"featured_media":0,"parent":34310,"menu_order":0,"comment_status":"closed","ping_status":"closed","template":"","meta":{"footnotes":""},"class_list":["post-34325","page","type-page","status-publish","hentry"],"yoast_head":"<!-- This site is optimized with the Yoast SEO plugin v27.5 - https:\/\/yoast.com\/product\/yoast-seo-wordpress\/ -->\n<title>Betlamp - FAQs - Betaminic.com<\/title>\n<meta name=\"robots\" content=\"index, follow, max-snippet:-1, max-image-preview:large, max-video-preview:-1\" \/>\n<link rel=\"canonical\" href=\"https:\/\/www.betaminic.com\/de\/betlamp\/betlamp-faqs\/\" \/>\n<meta property=\"og:locale\" content=\"de_DE\" \/>\n<meta property=\"og:type\" content=\"article\" \/>\n<meta property=\"og:title\" content=\"Betlamp - FAQs - Betaminic.com\" \/>\n<meta property=\"og:url\" content=\"https:\/\/www.betaminic.com\/de\/betlamp\/betlamp-faqs\/\" \/>\n<meta property=\"og:site_name\" content=\"Betaminic.com\" \/>\n<meta property=\"article:publisher\" content=\"https:\/\/www.facebook.com\/betaminic\/\" \/>\n<meta property=\"article:modified_time\" content=\"2023-06-20T11:38:57+00:00\" \/>\n<meta name=\"twitter:card\" content=\"summary_large_image\" \/>\n<meta name=\"twitter:site\" content=\"@betaminic\" \/>\n<meta name=\"twitter:label1\" content=\"Gesch\u00e4tzte Lesezeit\" \/>\n\t<meta name=\"twitter:data1\" content=\"1\u00a0Minute\" \/>\n<script type=\"application\/ld+json\" class=\"yoast-schema-graph\">{\"@context\":\"https:\\\/\\\/schema.org\",\"@graph\":[{\"@type\":\"WebPage\",\"@id\":\"https:\\\/\\\/www.betaminic.com\\\/de\\\/betlamp\\\/betlamp-faqs\\\/\",\"url\":\"https:\\\/\\\/www.betaminic.com\\\/de\\\/betlamp\\\/betlamp-faqs\\\/\",\"name\":\"Betlamp - FAQs - Betaminic.com\",\"isPartOf\":{\"@id\":\"https:\\\/\\\/www.betaminic.com\\\/de\\\/#website\"},\"datePublished\":\"2023-06-20T11:38:53+00:00\",\"dateModified\":\"2023-06-20T11:38:57+00:00\",\"breadcrumb\":{\"@id\":\"https:\\\/\\\/www.betaminic.com\\\/de\\\/betlamp\\\/betlamp-faqs\\\/#breadcrumb\"},\"inLanguage\":\"de\",\"potentialAction\":[{\"@type\":\"ReadAction\",\"target\":[\"https:\\\/\\\/www.betaminic.com\\\/de\\\/betlamp\\\/betlamp-faqs\\\/\"]}]},{\"@type\":\"BreadcrumbList\",\"@id\":\"https:\\\/\\\/www.betaminic.com\\\/de\\\/betlamp\\\/betlamp-faqs\\\/#breadcrumb\",\"itemListElement\":[{\"@type\":\"ListItem\",\"position\":1,\"name\":\"Home\",\"item\":\"https:\\\/\\\/www.betaminic.com\\\/de\\\/\"},{\"@type\":\"ListItem\",\"position\":2,\"name\":\"Was ist Betlamp?\",\"item\":\"https:\\\/\\\/www.betaminic.com\\\/de\\\/betlamp\\\/\"},{\"@type\":\"ListItem\",\"position\":3,\"name\":\"Betlamp &#8211; FAQs\"}]},{\"@type\":\"WebSite\",\"@id\":\"https:\\\/\\\/www.betaminic.com\\\/de\\\/#website\",\"url\":\"https:\\\/\\\/www.betaminic.com\\\/de\\\/\",\"name\":\"Betaminic.com\",\"description\":\"\",\"publisher\":{\"@id\":\"https:\\\/\\\/www.betaminic.com\\\/de\\\/#organization\"},\"potentialAction\":[{\"@type\":\"SearchAction\",\"target\":{\"@type\":\"EntryPoint\",\"urlTemplate\":\"https:\\\/\\\/www.betaminic.com\\\/de\\\/?s={search_term_string}\"},\"query-input\":{\"@type\":\"PropertyValueSpecification\",\"valueRequired\":true,\"valueName\":\"search_term_string\"}}],\"inLanguage\":\"de\"},{\"@type\":\"Organization\",\"@id\":\"https:\\\/\\\/www.betaminic.com\\\/de\\\/#organization\",\"name\":\"Betaminic Bigdata Solutions, S.L.\",\"alternateName\":\"Betaminic\",\"url\":\"https:\\\/\\\/www.betaminic.com\\\/de\\\/\",\"logo\":{\"@type\":\"ImageObject\",\"inLanguage\":\"de\",\"@id\":\"https:\\\/\\\/www.betaminic.com\\\/de\\\/#\\\/schema\\\/logo\\\/image\\\/\",\"url\":\"https:\\\/\\\/www.betaminic.com\\\/wp-content\\\/uploads\\\/2017\\\/09\\\/betaminic-front-logo.png\",\"contentUrl\":\"https:\\\/\\\/www.betaminic.com\\\/wp-content\\\/uploads\\\/2017\\\/09\\\/betaminic-front-logo.png\",\"width\":250,\"height\":67,\"caption\":\"Betaminic Bigdata Solutions, S.L.\"},\"image\":{\"@id\":\"https:\\\/\\\/www.betaminic.com\\\/de\\\/#\\\/schema\\\/logo\\\/image\\\/\"},\"sameAs\":[\"https:\\\/\\\/www.facebook.com\\\/betaminic\\\/\",\"https:\\\/\\\/x.com\\\/betaminic\",\"https:\\\/\\\/www.youtube.com\\\/channel\\\/UCO8zcebQOIOw2Bqi-wpMafQ\"]}]}<\/script>\n<!-- \/ Yoast SEO plugin. -->","yoast_head_json":{"title":"Betlamp - FAQs - Betaminic.com","robots":{"index":"index","follow":"follow","max-snippet":"max-snippet:-1","max-image-preview":"max-image-preview:large","max-video-preview":"max-video-preview:-1"},"canonical":"https:\/\/www.betaminic.com\/de\/betlamp\/betlamp-faqs\/","og_locale":"de_DE","og_type":"article","og_title":"Betlamp - FAQs - Betaminic.com","og_url":"https:\/\/www.betaminic.com\/de\/betlamp\/betlamp-faqs\/","og_site_name":"Betaminic.com","article_publisher":"https:\/\/www.facebook.com\/betaminic\/","article_modified_time":"2023-06-20T11:38:57+00:00","twitter_card":"summary_large_image","twitter_site":"@betaminic","twitter_misc":{"Gesch\u00e4tzte Lesezeit":"1\u00a0Minute"},"schema":{"@context":"https:\/\/schema.org","@graph":[{"@type":"WebPage","@id":"https:\/\/www.betaminic.com\/de\/betlamp\/betlamp-faqs\/","url":"https:\/\/www.betaminic.com\/de\/betlamp\/betlamp-faqs\/","name":"Betlamp - FAQs - Betaminic.com","isPartOf":{"@id":"https:\/\/www.betaminic.com\/de\/#website"},"datePublished":"2023-06-20T11:38:53+00:00","dateModified":"2023-06-20T11:38:57+00:00","breadcrumb":{"@id":"https:\/\/www.betaminic.com\/de\/betlamp\/betlamp-faqs\/#breadcrumb"},"inLanguage":"de","potentialAction":[{"@type":"ReadAction","target":["https:\/\/www.betaminic.com\/de\/betlamp\/betlamp-faqs\/"]}]},{"@type":"BreadcrumbList","@id":"https:\/\/www.betaminic.com\/de\/betlamp\/betlamp-faqs\/#breadcrumb","itemListElement":[{"@type":"ListItem","position":1,"name":"Home","item":"https:\/\/www.betaminic.com\/de\/"},{"@type":"ListItem","position":2,"name":"Was ist Betlamp?","item":"https:\/\/www.betaminic.com\/de\/betlamp\/"},{"@type":"ListItem","position":3,"name":"Betlamp &#8211; FAQs"}]},{"@type":"WebSite","@id":"https:\/\/www.betaminic.com\/de\/#website","url":"https:\/\/www.betaminic.com\/de\/","name":"Betaminic.com","description":"","publisher":{"@id":"https:\/\/www.betaminic.com\/de\/#organization"},"potentialAction":[{"@type":"SearchAction","target":{"@type":"EntryPoint","urlTemplate":"https:\/\/www.betaminic.com\/de\/?s={search_term_string}"},"query-input":{"@type":"PropertyValueSpecification","valueRequired":true,"valueName":"search_term_string"}}],"inLanguage":"de"},{"@type":"Organization","@id":"https:\/\/www.betaminic.com\/de\/#organization","name":"Betaminic Bigdata Solutions, S.L.","alternateName":"Betaminic","url":"https:\/\/www.betaminic.com\/de\/","logo":{"@type":"ImageObject","inLanguage":"de","@id":"https:\/\/www.betaminic.com\/de\/#\/schema\/logo\/image\/","url":"https:\/\/www.betaminic.com\/wp-content\/uploads\/2017\/09\/betaminic-front-logo.png","contentUrl":"https:\/\/www.betaminic.com\/wp-content\/uploads\/2017\/09\/betaminic-front-logo.png","width":250,"height":67,"caption":"Betaminic Bigdata Solutions, S.L."},"image":{"@id":"https:\/\/www.betaminic.com\/de\/#\/schema\/logo\/image\/"},"sameAs":["https:\/\/www.facebook.com\/betaminic\/","https:\/\/x.com\/betaminic","https:\/\/www.youtube.com\/channel\/UCO8zcebQOIOw2Bqi-wpMafQ"]}]}},"_links":{"self":[{"href":"https:\/\/www.betaminic.com\/de\/wp-json\/wp\/v2\/pages\/34325","targetHints":{"allow":["GET"]}}],"collection":[{"href":"https:\/\/www.betaminic.com\/de\/wp-json\/wp\/v2\/pages"}],"about":[{"href":"https:\/\/www.betaminic.com\/de\/wp-json\/wp\/v2\/types\/page"}],"author":[{"embeddable":true,"href":"https:\/\/www.betaminic.com\/de\/wp-json\/wp\/v2\/users\/37"}],"replies":[{"embeddable":true,"href":"https:\/\/www.betaminic.com\/de\/wp-json\/wp\/v2\/comments?post=34325"}],"version-history":[{"count":3,"href":"https:\/\/www.betaminic.com\/de\/wp-json\/wp\/v2\/pages\/34325\/revisions"}],"predecessor-version":[{"id":34814,"href":"https:\/\/www.betaminic.com\/de\/wp-json\/wp\/v2\/pages\/34325\/revisions\/34814"}],"up":[{"embeddable":true,"href":"https:\/\/www.betaminic.com\/de\/wp-json\/wp\/v2\/pages\/34310"}],"wp:attachment":[{"href":"https:\/\/www.betaminic.com\/de\/wp-json\/wp\/v2\/media?parent=34325"}],"curies":[{"name":"wp","href":"https:\/\/api.w.org\/{rel}","templated":true}]}}