{"id":37214,"date":"2024-04-14T10:29:20","date_gmt":"2024-04-14T08:29:20","guid":{"rendered":"https:\/\/www.betaminic.com\/?page_id=37214"},"modified":"2024-04-14T10:29:20","modified_gmt":"2024-04-14T08:29:20","slug":"faqs","status":"publish","type":"page","link":"https:\/\/www.betaminic.com\/de\/shootingbets\/faqs\/","title":{"rendered":"FAQs"},"content":{"rendered":"<section class=\"wpb-content-wrapper\">[vc_row][vc_column][vc_column_text]\r\n<p>\u00a0<\/p>\r\n<p>&nbsp;<\/p>\r\n            <div class=\"qae-faqs-container qae-faqs-toggle-container\">\n\t\t\t\t\t\t\t<ul class=\"qe-faqs-filters-container\">\n\t\t\t\t<li class=\"active\"><a class=\"qe-faqs-filter all-faqs\" href=\"#\" data-filter=\"*\">Alle<\/a><\/li>\n\t\t\t\t<li><a class=\"qe-faqs-filter\" href=\"#faqs-shootingbets-deutsch\" data-filter=\".faqs-shootingbets-deutsch\">FAQs ShootingBets Deutsch<\/a><\/li>\t\t\t<\/ul>\n\t\t\t\t\t<div id=\"qaef-37208\" class=\"qe-faq-toggle faqs-shootingbets-deutsch\">\n\t\t\t<div class=\"qe-toggle-title\">\n\t\t\t\t<h4>\n\t\t\t\t\t<i class=\"fa fa-minus-circle\"><\/i> Was ist ShootingBets?\t\t\t\t<\/h4>\n\t\t\t<\/div>\n\t\t\t<div class=\"qe-toggle-content\">\n\t\t\t\t<p>ShootingBets \u00fcberwacht Quoten aus professionellen Wettm\u00e4rkten und sendet \u00fcber Telegram Warnungen, wenn es einen signifikanten R\u00fcckgang der Quoten feststellt. Dies weist auf Wettm\u00f6glichkeiten bei traditionellen Buchmachern hin, die normalerweise langsamer reagieren, bevor sie ihre Quoten anpassen.<\/p>\t\t\t<\/div>\n\t\t<\/div>\n\t\t\t\t<div id=\"qaef-37207\" class=\"qe-faq-toggle faqs-shootingbets-deutsch\">\n\t\t\t<div class=\"qe-toggle-title\">\n\t\t\t\t<h4>\n\t\t\t\t\t<i class=\"fa fa-minus-circle\"><\/i> Wie kann ich mich bei ShootingBets registrieren?\t\t\t\t<\/h4>\n\t\t\t<\/div>\n\t\t\t<div class=\"qe-toggle-content\">\n\t\t\t\tSie k\u00f6nnen sich \u00fcber diesen Link registrieren: <a href=\"https:\/\/t.me\/ShootingBetsBot\">https:\/\/t.me\/ShootingBetsBot.<\/a> Sie m\u00fcssen \u00fcber ein Telegram-Konto verf\u00fcgen und zuvor bei Betaminic.com registriert sein.\t\t\t<\/div>\n\t\t<\/div>\n\t\t\t\t<div id=\"qaef-37206\" class=\"qe-faq-toggle faqs-shootingbets-deutsch\">\n\t\t\t<div class=\"qe-toggle-title\">\n\t\t\t\t<h4>\n\t\t\t\t\t<i class=\"fa fa-minus-circle\"><\/i> Ist es kostenlos, sich bei ShootingBets zu registrieren?\t\t\t\t<\/h4>\n\t\t\t<\/div>\n\t\t\t<div class=\"qe-toggle-content\">\n\t\t\t\tDie Registrierung ist kostenlos, aber Sie erhalten eine begrenzte Anzahl von Warnmeldungen. Mit einem kostenpflichtigen Premium-Konto erhalten Sie alle Warnmeldungen ohne Einschr\u00e4nkung.\t\t\t<\/div>\n\t\t<\/div>\n\t\t\t\t<div id=\"qaef-37205\" class=\"qe-faq-toggle faqs-shootingbets-deutsch\">\n\t\t\t<div class=\"qe-toggle-title\">\n\t\t\t\t<h4>\n\t\t\t\t\t<i class=\"fa fa-minus-circle\"><\/i> Was ben\u00f6tige ich, um ShootingBets zu nutzen?\t\t\t\t<\/h4>\n\t\t\t<\/div>\n\t\t\t<div class=\"qe-toggle-content\">\n\t\t\t\tSie m\u00fcssen bei <a href=\"https:\/\/www.betaminic.com\/de\/registrieren\/\" target=\"_blank\" rel=\"noopener\">Betaminic.com<\/a> registriert sein und \u00fcber ein Telegram-Konto verf\u00fcgen, das kostenlos und einfach unter https:\/\/telegram.org\/ zu erstellen ist. Dar\u00fcber hinaus ist es ratsam, so viele Konten wie m\u00f6glich bei traditionellen Buchmachern zu haben, um von den Alarmen zu profitieren.\t\t\t<\/div>\n\t\t<\/div>\n\t\t\t\t<div id=\"qaef-37204\" class=\"qe-faq-toggle faqs-shootingbets-deutsch\">\n\t\t\t<div class=\"qe-toggle-title\">\n\t\t\t\t<h4>\n\t\t\t\t\t<i class=\"fa fa-minus-circle\"><\/i> Wie funktioniert ShootingBets?\t\t\t\t<\/h4>\n\t\t\t<\/div>\n\t\t\t<div class=\"qe-toggle-content\">\n\t\t\t\t<p>Wenn es in professionellen Wettm\u00e4rkten zu signifikanten Quotenr\u00fcckg\u00e4ngen kommt, sendet ShootingBets eine Benachrichtigung mit den empfohlenen Mindestquoten. Ziel ist es, bei traditionellen Buchmachern zu Quoten \u00fcber dieser Mindestquote zu wetten, bevor diese ihre Quoten anpassen.<\/p>\t\t\t<\/div>\n\t\t<\/div>\n\t\t\t\t<div id=\"qaef-37203\" class=\"qe-faq-toggle faqs-shootingbets-deutsch\">\n\t\t\t<div class=\"qe-toggle-title\">\n\t\t\t\t<h4>\n\t\t\t\t\t<i class=\"fa fa-minus-circle\"><\/i> Welche Art von Benachrichtigungen sendet ShootingBets?\t\t\t\t<\/h4>\n\t\t\t<\/div>\n\t\t\t<div class=\"qe-toggle-content\">\n\t\t\t\tDie Warnmeldungen enthalten empfohlene Mindestquoten f\u00fcr bestimmte Ereignisse und in einigen F\u00e4llen auch alternative Mindestquoten f\u00fcr verwandte Handicap-M\u00e4rkte.\t\t\t<\/div>\n\t\t<\/div>\n\t\t\t\t<div id=\"qaef-37202\" class=\"qe-faq-toggle faqs-shootingbets-deutsch\">\n\t\t\t<div class=\"qe-toggle-title\">\n\t\t\t\t<h4>\n\t\t\t\t\t<i class=\"fa fa-minus-circle\"><\/i> Empfehlen Sie Wetten unterhalb der in den Warnmeldungen angegebenen Mindestquoten?\t\t\t\t<\/h4>\n\t\t\t<\/div>\n\t\t\t<div class=\"qe-toggle-content\">\n\t\t\t\tWir raten davon ab, Wetten unterhalb der angegebenen Mindestquoten abzuschlie\u00dfen, da in diesem Fall keine guten Ergebnisse garantiert werden k\u00f6nnen.\t\t\t<\/div>\n\t\t<\/div>\n\t\t\t\t<div id=\"qaef-37201\" class=\"qe-faq-toggle faqs-shootingbets-deutsch\">\n\t\t\t<div class=\"qe-toggle-title\">\n\t\t\t\t<h4>\n\t\t\t\t\t<i class=\"fa fa-minus-circle\"><\/i> Was sind die alternativen M\u00e4rkte, die in den Warnungen angezeigt werden?\t\t\t\t<\/h4>\n\t\t\t<\/div>\n\t\t\t<div class=\"qe-toggle-content\">\n\t\t\t\tAlternative M\u00e4rkte und alternative Quoten werden in einigen Alerts angeboten, um Ihnen zu helfen, wenn Ihr Buchmacher nicht die gleiche Handicap-Auswahl zur Verf\u00fcgung hat, und bieten Ihnen zus\u00e4tzliche Wettoptionen.\t\t\t<\/div>\n\t\t<\/div>\n\t\t\t\t<div id=\"qaef-37200\" class=\"qe-faq-toggle faqs-shootingbets-deutsch\">\n\t\t\t<div class=\"qe-toggle-title\">\n\t\t\t\t<h4>\n\t\t\t\t\t<i class=\"fa fa-minus-circle\"><\/i> Muss ich auf alle Benachrichtigungen setzen, die ich erhalte?\t\t\t\t<\/h4>\n\t\t\t<\/div>\n\t\t\t<div class=\"qe-toggle-content\">\n\t\t\t\tEs ist nicht notwendig, auf alle Meldungen zu setzen. Sie k\u00f6nnen die Meldungen ausw\u00e4hlen, die am besten zu Ihrer Verf\u00fcgbarkeit und Ihrer Wettstrategie passen.\t\t\t<\/div>\n\t\t<\/div>\n\t\t\t\t<div id=\"qaef-37199\" class=\"qe-faq-toggle faqs-shootingbets-deutsch\">\n\t\t\t<div class=\"qe-toggle-title\">\n\t\t\t\t<h4>\n\t\t\t\t\t<i class=\"fa fa-minus-circle\"><\/i> Wie lange ist die Value-Aktie bei den traditionellen Buchmachern verf\u00fcgbar, bevor sie ihre Quoten senken?\t\t\t\t<\/h4>\n\t\t\t<\/div>\n\t\t\t<div class=\"qe-toggle-content\">\n\t\t\t\tDie verf\u00fcgbare Zeit variiert von Buchmacher zu Buchmacher, einige passen ihre Quoten schneller an als andere, aber Sie m\u00fcssen schnell handeln, um Ihre Wette zu platzieren, bevor Ihr Buchmacher reagiert und die Quoten anpasst.\t\t\t<\/div>\n\t\t<\/div>\n\t\t\t\t<div id=\"qaef-37198\" class=\"qe-faq-toggle faqs-shootingbets-deutsch\">\n\t\t\t<div class=\"qe-toggle-title\">\n\t\t\t\t<h4>\n\t\t\t\t\t<i class=\"fa fa-minus-circle\"><\/i> Wie kann ich die Wette bei meinem Buchmacher schnell finden?\t\t\t\t<\/h4>\n\t\t\t<\/div>\n\t\t\t<div class=\"qe-toggle-content\">\n\t\t\t\tEs empfiehlt sich, die Suchleiste Ihres Buchmachers zu verwenden, um die Auswahl schnell zu finden. Dies ist besonders n\u00fctzlich auf Seiten mit vielen Hausm\u00e4rkten wie Bet365.\t\t\t<\/div>\n\t\t<\/div>\n\t\t\t\t<div id=\"qaef-37197\" class=\"qe-faq-toggle faqs-shootingbets-deutsch\">\n\t\t\t<div class=\"qe-toggle-title\">\n\t\t\t\t<h4>\n\t\t\t\t\t<i class=\"fa fa-minus-circle\"><\/i> Wann treffen die Benachrichtigungen ein?\t\t\t\t<\/h4>\n\t\t\t<\/div>\n\t\t\t<div class=\"qe-toggle-content\">\n\t\t\t\t<p>Die Benachrichtigungen k\u00f6nnen zu jeder Tageszeit eintreffen, je nachdem, wann die Wettexperten Wetten platzieren, die die Quoten beeinflussen.<\/p>\t\t\t<\/div>\n\t\t<\/div>\n\t\t\t\t<div id=\"qaef-37196\" class=\"qe-faq-toggle faqs-shootingbets-deutsch\">\n\t\t\t<div class=\"qe-toggle-title\">\n\t\t\t\t<h4>\n\t\t\t\t\t<i class=\"fa fa-minus-circle\"><\/i> Empfehlen Sie Quotenvergleichsseiten f\u00fcr die Platzierung der Wette?\t\t\t\t<\/h4>\n\t\t\t<\/div>\n\t\t\t<div class=\"qe-toggle-content\">\n\t\t\t\tWettquoten-Vergleichsseiten sind nicht zu empfehlen, da sie dazu neigen, die Quoten langsamer zu aktualisieren als die Buchmacher selbst.\t\t\t<\/div>\n\t\t<\/div>\n\t\t\t\t<div id=\"qaef-37195\" class=\"qe-faq-toggle faqs-shootingbets-deutsch\">\n\t\t\t<div class=\"qe-toggle-title\">\n\t\t\t\t<h4>\n\t\t\t\t\t<i class=\"fa fa-minus-circle\"><\/i> Was bedeuten die gr\u00fcnen und roten H\u00e4kchen in den ShootingBets-Warnungen?\t\t\t\t<\/h4>\n\t\t\t<\/div>\n\t\t\t<div class=\"qe-toggle-content\">\n\t\t\t\t<span style=\"text-decoration: underline\">Gr\u00fcnes H\u00e4kchen:<\/span> Zeigt an, dass die Bet365-Quoten f\u00fcr dieses Ereignis derzeit \u00fcber den von ShootingBets empfohlenen Mindestquoten liegen. Es ist sehr empfehlenswert, auf diese Wette zu setzen, da sie wahrscheinlich bei jedem Buchmacher, nicht unbedingt bei Bet365, einen Wert hat. Wir verwenden Bet365 als Referenzbuchmacher, aber das bedeutet nicht, dass dies der einzige empfohlene Buchmacher ist.\r\n<span style=\"text-decoration: underline\">Rotes H\u00e4kchen:<\/span> Bedeutet, dass die Bet365-Quoten f\u00fcr das betreffende Ereignis derzeit unter den empfohlenen Mindestquoten liegen. Obwohl die Wahrscheinlichkeit, g\u00fcnstige Quoten zu finden, geringer ist, k\u00f6nnen Sie m\u00f6glicherweise auch bei anderen Buchmachern g\u00fcnstige Quoten finden.\t\t\t<\/div>\n\t\t<\/div>\n\t\t\t\t<div id=\"qaef-37194\" class=\"qe-faq-toggle faqs-shootingbets-deutsch\">\n\t\t\t<div class=\"qe-toggle-title\">\n\t\t\t\t<h4>\n\t\t\t\t\t<i class=\"fa fa-minus-circle\"><\/i> Was passiert, wenn in den Warnmeldungen keine Bet365-Quoten angegeben sind?\t\t\t\t<\/h4>\n\t\t\t<\/div>\n\t\t\t<div class=\"qe-toggle-content\">\n\t\t\t\tWenn bei Bet365 keine Quoten f\u00fcr eine bestimmte Wette zu finden sind, empfehlen wir dir, nach Quoten bei anderen Buchmachern zu suchen. Das Fehlen von Quoten bei Bet365 bedeutet nicht, dass es bei anderen Buchmachern keine guten Quoten gibt. Es ist immer ratsam, sich bei verschiedenen Buchmachern umzusehen, um die besten M\u00f6glichkeiten zu finden.\t\t\t<\/div>\n\t\t<\/div>\n\t\t\t\t<div id=\"qaef-37193\" class=\"qe-faq-toggle faqs-shootingbets-deutsch\">\n\t\t\t<div class=\"qe-toggle-title\">\n\t\t\t\t<h4>\n\t\t\t\t\t<i class=\"fa fa-minus-circle\"><\/i> Wie werden die auf der Website angezeigten historischen Ergebnisse berechnet?\t\t\t\t<\/h4>\n\t\t\t<\/div>\n\t\t\t<div class=\"qe-toggle-content\">\n\t\t\t\tHistorische Ergebnisse basieren auf den Bet365-Quoten zum Zeitpunkt des Versands der Meldung. Sie werden f\u00fcr Ergebnisse ber\u00fccksichtigt, wenn die Bet365-Quoten \u00fcber den empfohlenen Mindestquoten liegen, aber das ist nur eine Referenz.\t\t\t<\/div>\n\t\t<\/div>\n\t\t\t\t<div id=\"qaef-37192\" class=\"qe-faq-toggle faqs-shootingbets-deutsch\">\n\t\t\t<div class=\"qe-toggle-title\">\n\t\t\t\t<h4>\n\t\t\t\t\t<i class=\"fa fa-minus-circle\"><\/i> Wenn ich diesen Service nutze, schr\u00e4nken mich die Buchmacher dann ein?\t\t\t\t<\/h4>\n\t\t\t<\/div>\n\t\t\t<div class=\"qe-toggle-content\">\n\t\t\t\tEs ist m\u00f6glich, dass die Buchmacher dein Konto begrenzen, wenn du diesen Service nutzt und konsequent auf Value Bets setzt. Das kann bei manchen Buchmachern schneller passieren als bei anderen. Deshalb ist es wichtig, bei so vielen Buchmachern wie m\u00f6glich Konten zu er\u00f6ffnen und deine Wetten auf alle verf\u00fcgbaren Buchmacher zu verteilen, um das Risiko einer Begrenzung zu minimieren.\t\t\t<\/div>\n\t\t<\/div>\n\t\t            <\/div>\n\t\t<p>&nbsp;<\/p>\r\n[\/vc_column_text][\/vc_column][\/vc_row][vc_row][vc_column][vc_empty_space height=&#8220;48px&#8220;][\/vc_column][\/vc_row]<\/section>","protected":false},"excerpt":{"rendered":"<p class=\"post-excerpt\">[vc_row][vc_column][vc_column_text] \u00a0 &nbsp; &nbsp; [\/vc_column_text][\/vc_column][\/vc_row][vc_row][vc_column][vc_empty_space height=&#8220;48px&#8220;][\/vc_column][\/vc_row]\n<\/p>","protected":false},"author":37,"featured_media":0,"parent":37210,"menu_order":0,"comment_status":"closed","ping_status":"closed","template":"","meta":{"footnotes":""},"class_list":["post-37214","page","type-page","status-publish","hentry"],"yoast_head":"<!-- This site is optimized with the Yoast SEO plugin v27.5 - https:\/\/yoast.com\/product\/yoast-seo-wordpress\/ -->\n<title>FAQs - Betaminic.com<\/title>\n<meta name=\"robots\" content=\"index, follow, max-snippet:-1, max-image-preview:large, max-video-preview:-1\" \/>\n<link rel=\"canonical\" href=\"https:\/\/www.betaminic.com\/de\/shootingbets\/faqs\/\" \/>\n<meta property=\"og:locale\" content=\"de_DE\" \/>\n<meta property=\"og:type\" content=\"article\" \/>\n<meta property=\"og:title\" content=\"FAQs - Betaminic.com\" \/>\n<meta property=\"og:description\" content=\"[vc_row][vc_column][vc_column_text] \u00a0 &nbsp; &nbsp; [\/vc_column_text][\/vc_column][\/vc_row][vc_row][vc_column][vc_empty_space height=&#8220;48px&#8220;][\/vc_column][\/vc_row]\" \/>\n<meta property=\"og:url\" content=\"https:\/\/www.betaminic.com\/de\/shootingbets\/faqs\/\" \/>\n<meta property=\"og:site_name\" content=\"Betaminic.com\" \/>\n<meta property=\"article:publisher\" content=\"https:\/\/www.facebook.com\/betaminic\/\" \/>\n<meta name=\"twitter:card\" content=\"summary_large_image\" \/>\n<meta name=\"twitter:site\" content=\"@betaminic\" \/>\n<meta name=\"twitter:label1\" content=\"Gesch\u00e4tzte Lesezeit\" \/>\n\t<meta name=\"twitter:data1\" content=\"1\u00a0Minute\" \/>\n<script type=\"application\/ld+json\" class=\"yoast-schema-graph\">{\"@context\":\"https:\\\/\\\/schema.org\",\"@graph\":[{\"@type\":\"WebPage\",\"@id\":\"https:\\\/\\\/www.betaminic.com\\\/de\\\/shootingbets\\\/faqs\\\/\",\"url\":\"https:\\\/\\\/www.betaminic.com\\\/de\\\/shootingbets\\\/faqs\\\/\",\"name\":\"FAQs - Betaminic.com\",\"isPartOf\":{\"@id\":\"https:\\\/\\\/www.betaminic.com\\\/de\\\/#website\"},\"datePublished\":\"2024-04-14T08:29:20+00:00\",\"breadcrumb\":{\"@id\":\"https:\\\/\\\/www.betaminic.com\\\/de\\\/shootingbets\\\/faqs\\\/#breadcrumb\"},\"inLanguage\":\"de\",\"potentialAction\":[{\"@type\":\"ReadAction\",\"target\":[\"https:\\\/\\\/www.betaminic.com\\\/de\\\/shootingbets\\\/faqs\\\/\"]}]},{\"@type\":\"BreadcrumbList\",\"@id\":\"https:\\\/\\\/www.betaminic.com\\\/de\\\/shootingbets\\\/faqs\\\/#breadcrumb\",\"itemListElement\":[{\"@type\":\"ListItem\",\"position\":1,\"name\":\"Home\",\"item\":\"https:\\\/\\\/www.betaminic.com\\\/de\\\/\"},{\"@type\":\"ListItem\",\"position\":2,\"name\":\"ShootingBets\",\"item\":\"https:\\\/\\\/www.betaminic.com\\\/de\\\/shootingbets\\\/\"},{\"@type\":\"ListItem\",\"position\":3,\"name\":\"FAQs\"}]},{\"@type\":\"WebSite\",\"@id\":\"https:\\\/\\\/www.betaminic.com\\\/de\\\/#website\",\"url\":\"https:\\\/\\\/www.betaminic.com\\\/de\\\/\",\"name\":\"Betaminic.com\",\"description\":\"\",\"publisher\":{\"@id\":\"https:\\\/\\\/www.betaminic.com\\\/de\\\/#organization\"},\"potentialAction\":[{\"@type\":\"SearchAction\",\"target\":{\"@type\":\"EntryPoint\",\"urlTemplate\":\"https:\\\/\\\/www.betaminic.com\\\/de\\\/?s={search_term_string}\"},\"query-input\":{\"@type\":\"PropertyValueSpecification\",\"valueRequired\":true,\"valueName\":\"search_term_string\"}}],\"inLanguage\":\"de\"},{\"@type\":\"Organization\",\"@id\":\"https:\\\/\\\/www.betaminic.com\\\/de\\\/#organization\",\"name\":\"Betaminic Bigdata Solutions, S.L.\",\"alternateName\":\"Betaminic\",\"url\":\"https:\\\/\\\/www.betaminic.com\\\/de\\\/\",\"logo\":{\"@type\":\"ImageObject\",\"inLanguage\":\"de\",\"@id\":\"https:\\\/\\\/www.betaminic.com\\\/de\\\/#\\\/schema\\\/logo\\\/image\\\/\",\"url\":\"https:\\\/\\\/www.betaminic.com\\\/wp-content\\\/uploads\\\/2017\\\/09\\\/betaminic-front-logo.png\",\"contentUrl\":\"https:\\\/\\\/www.betaminic.com\\\/wp-content\\\/uploads\\\/2017\\\/09\\\/betaminic-front-logo.png\",\"width\":250,\"height\":67,\"caption\":\"Betaminic Bigdata Solutions, S.L.\"},\"image\":{\"@id\":\"https:\\\/\\\/www.betaminic.com\\\/de\\\/#\\\/schema\\\/logo\\\/image\\\/\"},\"sameAs\":[\"https:\\\/\\\/www.facebook.com\\\/betaminic\\\/\",\"https:\\\/\\\/x.com\\\/betaminic\",\"https:\\\/\\\/www.youtube.com\\\/channel\\\/UCO8zcebQOIOw2Bqi-wpMafQ\"]}]}<\/script>\n<!-- \/ Yoast SEO plugin. -->","yoast_head_json":{"title":"FAQs - Betaminic.com","robots":{"index":"index","follow":"follow","max-snippet":"max-snippet:-1","max-image-preview":"max-image-preview:large","max-video-preview":"max-video-preview:-1"},"canonical":"https:\/\/www.betaminic.com\/de\/shootingbets\/faqs\/","og_locale":"de_DE","og_type":"article","og_title":"FAQs - Betaminic.com","og_description":"[vc_row][vc_column][vc_column_text] \u00a0 &nbsp; &nbsp; [\/vc_column_text][\/vc_column][\/vc_row][vc_row][vc_column][vc_empty_space height=&#8220;48px&#8220;][\/vc_column][\/vc_row]","og_url":"https:\/\/www.betaminic.com\/de\/shootingbets\/faqs\/","og_site_name":"Betaminic.com","article_publisher":"https:\/\/www.facebook.com\/betaminic\/","twitter_card":"summary_large_image","twitter_site":"@betaminic","twitter_misc":{"Gesch\u00e4tzte Lesezeit":"1\u00a0Minute"},"schema":{"@context":"https:\/\/schema.org","@graph":[{"@type":"WebPage","@id":"https:\/\/www.betaminic.com\/de\/shootingbets\/faqs\/","url":"https:\/\/www.betaminic.com\/de\/shootingbets\/faqs\/","name":"FAQs - Betaminic.com","isPartOf":{"@id":"https:\/\/www.betaminic.com\/de\/#website"},"datePublished":"2024-04-14T08:29:20+00:00","breadcrumb":{"@id":"https:\/\/www.betaminic.com\/de\/shootingbets\/faqs\/#breadcrumb"},"inLanguage":"de","potentialAction":[{"@type":"ReadAction","target":["https:\/\/www.betaminic.com\/de\/shootingbets\/faqs\/"]}]},{"@type":"BreadcrumbList","@id":"https:\/\/www.betaminic.com\/de\/shootingbets\/faqs\/#breadcrumb","itemListElement":[{"@type":"ListItem","position":1,"name":"Home","item":"https:\/\/www.betaminic.com\/de\/"},{"@type":"ListItem","position":2,"name":"ShootingBets","item":"https:\/\/www.betaminic.com\/de\/shootingbets\/"},{"@type":"ListItem","position":3,"name":"FAQs"}]},{"@type":"WebSite","@id":"https:\/\/www.betaminic.com\/de\/#website","url":"https:\/\/www.betaminic.com\/de\/","name":"Betaminic.com","description":"","publisher":{"@id":"https:\/\/www.betaminic.com\/de\/#organization"},"potentialAction":[{"@type":"SearchAction","target":{"@type":"EntryPoint","urlTemplate":"https:\/\/www.betaminic.com\/de\/?s={search_term_string}"},"query-input":{"@type":"PropertyValueSpecification","valueRequired":true,"valueName":"search_term_string"}}],"inLanguage":"de"},{"@type":"Organization","@id":"https:\/\/www.betaminic.com\/de\/#organization","name":"Betaminic Bigdata Solutions, S.L.","alternateName":"Betaminic","url":"https:\/\/www.betaminic.com\/de\/","logo":{"@type":"ImageObject","inLanguage":"de","@id":"https:\/\/www.betaminic.com\/de\/#\/schema\/logo\/image\/","url":"https:\/\/www.betaminic.com\/wp-content\/uploads\/2017\/09\/betaminic-front-logo.png","contentUrl":"https:\/\/www.betaminic.com\/wp-content\/uploads\/2017\/09\/betaminic-front-logo.png","width":250,"height":67,"caption":"Betaminic Bigdata Solutions, S.L."},"image":{"@id":"https:\/\/www.betaminic.com\/de\/#\/schema\/logo\/image\/"},"sameAs":["https:\/\/www.facebook.com\/betaminic\/","https:\/\/x.com\/betaminic","https:\/\/www.youtube.com\/channel\/UCO8zcebQOIOw2Bqi-wpMafQ"]}]}},"_links":{"self":[{"href":"https:\/\/www.betaminic.com\/de\/wp-json\/wp\/v2\/pages\/37214","targetHints":{"allow":["GET"]}}],"collection":[{"href":"https:\/\/www.betaminic.com\/de\/wp-json\/wp\/v2\/pages"}],"about":[{"href":"https:\/\/www.betaminic.com\/de\/wp-json\/wp\/v2\/types\/page"}],"author":[{"embeddable":true,"href":"https:\/\/www.betaminic.com\/de\/wp-json\/wp\/v2\/users\/37"}],"replies":[{"embeddable":true,"href":"https:\/\/www.betaminic.com\/de\/wp-json\/wp\/v2\/comments?post=37214"}],"version-history":[{"count":2,"href":"https:\/\/www.betaminic.com\/de\/wp-json\/wp\/v2\/pages\/37214\/revisions"}],"predecessor-version":[{"id":37216,"href":"https:\/\/www.betaminic.com\/de\/wp-json\/wp\/v2\/pages\/37214\/revisions\/37216"}],"up":[{"embeddable":true,"href":"https:\/\/www.betaminic.com\/de\/wp-json\/wp\/v2\/pages\/37210"}],"wp:attachment":[{"href":"https:\/\/www.betaminic.com\/de\/wp-json\/wp\/v2\/media?parent=37214"}],"curies":[{"name":"wp","href":"https:\/\/api.w.org\/{rel}","templated":true}]}}