{"id":13503,"date":"2017-10-05T08:56:02","date_gmt":"2017-10-05T08:56:02","guid":{"rendered":"https:\/\/www.betaminic.com\/?page_id=13503\/"},"modified":"2019-05-21T18:20:45","modified_gmt":"2019-05-21T16:20:45","slug":"politica-de-cookies","status":"publish","type":"page","link":"https:\/\/www.betaminic.com\/es\/politica-de-cookies\/","title":{"rendered":"Pol\u00edtica de Cookies"},"content":{"rendered":"<p>&nbsp;<\/p>\n<p><strong>\u00bfQu\u00e9 son las cookies?<\/strong><\/p>\n<p>Las cookies son peque\u00f1os textos alfanum\u00e9ricos que se almacenan en el terminal del usuario cuando visita casi cualquier p\u00e1gina web. Su funcionalidad permitir\u00e1 recordar su visita cuando vuelva a navegar por esta p\u00e1gina web.<\/p>\n<p><strong>\u00bfQu\u00e9 tipos de cookies existen?<\/strong><\/p>\n<p>Seg\u00fan la entidad que gestione el equipo o dominio desde donde se env\u00edan las cookies podemos distinguir entre:<\/p>\n<ul>\n<li>Cookies propias: Son las generadas por la propia web que se est\u00e1 visitando y la titularidad corresponde al editor de la p\u00e1gina.<\/li>\n<li>Cookies de terceros: Son las generadas desde un dominio o equipo que no es gestionado por el editor de la p\u00e1gina, sino por una tercera entidad responsable y titular de las mismas.<\/li>\n<\/ul>\n<p>Seg\u00fan el plazo de tiempo que permanezcan activadas en el equipo del usuario podemos distinguir entre:<\/p>\n<ul>\n<li>Cookies de sesi\u00f3n: Estas cookies recaban y almacenan datos mientras que el usuario accede a una p\u00e1gina web, y se suelen emplear para almacenar la informaci\u00f3n necesaria para la prestaci\u00f3n de un servicio solicitado por el usuario en una sola sesi\u00f3n.<\/li>\n<li>Cookies persistentes: En estas cookies los datos siguen almacenados en el terminal del usuario y pueden ser tratados durante un tiempo definido por el responsable de la cookie.<\/li>\n<\/ul>\n<p>Seg\u00fan la finalidad para la que se traten los datos obtenidos a trav\u00e9s de las cookies, pueden ser:<\/p>\n<ul>\n<li>Cookies t\u00e9cnicas: Son las cookies necesarias para el funcionamiento de la p\u00e1gina web.<\/li>\n<li>Cookies de personalizaci\u00f3n: Estas cookies hacen posible que cada usuario pueda configurar aspectos tales como el lenguaje con el que desea ver una p\u00e1gina web.<\/li>\n<li>Cookies de an\u00e1lisis o rendimiento: Estas cookies permiten el seguimiento y an\u00e1lisis del comportamiento de los usuarios de los sitios web de una forma an\u00f3nima.<\/li>\n<li>Cookies publicitarias: Permiten implantar par\u00e1metros de eficiencia en la publicidad ofrecida en una p\u00e1gina web.<\/li>\n<li>Cookies de publicidad comportamental: Estas cookies almacenan informaci\u00f3n del comportamiento de los usuarios obtenida a trav\u00e9s de la observaci\u00f3n continuada de sus h\u00e1bitos de navegaci\u00f3n, lo que permite desarrollar un perfil espec\u00edfico para mostrar publicidad en funci\u00f3n del mismo.<\/li>\n<\/ul>\n<p><strong>\u00bfCu\u00e1les son las cookies utilizadas en esta p\u00e1gina?<\/strong><\/p>\n<p>La presente web utiliza las siguientes cookies:<\/p>\n<p>En relaci\u00f3n a las cookies propias:<\/p>\n<ul>\n<li>Cookies t\u00e9cnicas: Son necesarias para mantener el funcionamiento de la presente p\u00e1gina permiti\u00e9ndole navegar por ella y usar sus funciones esenciales. Estas cookies no guardan informaci\u00f3n personal ni recogen informaci\u00f3n alguna sobre su navegaci\u00f3n.<\/li>\n<\/ul>\n<p>En relaci\u00f3n a las cookies de terceros:<\/p>\n<ul>\n<li>Cookies de an\u00e1lisis denominadas \u201cGoogle Analytics\u201d cuya titularidad y responsabilidad es de Google. Las cookies utilizadas en este navegador son \u201c_ga y _gid\u201d.<\/li>\n<\/ul>\n<p><strong>Aceptaci\u00f3n de la pol\u00edtica de cookies\u00a0<\/strong><\/p>\n<p>Al navegar en nuestra p\u00e1gina usted acepta el uso de cookies. Pinchado en la pesta\u00f1a \u201cM\u00e1s Informaci\u00f3n\u201d usted podr\u00e1 acceder a la informaci\u00f3n completa sobre el uso de cookies por la presente web.<\/p>\n<p><strong>\u00a0\u00bfC\u00f3mo desinstalar las cookies?<\/strong><\/p>\n<p>Puede restringir, bloquear o borrar las cookies de cualquier p\u00e1gina web a trav\u00e9s de su navegador. La operativa por los navegadores m\u00e1s utilizados la puede encontrar en los siguientes enlaces:<\/p>\n<ul>\n<li>Internet Explorer: <a href=\"http:\/\/windows.microsoft.com\/es-xl\/internet-explorer\/delete-manage-cookies#ie=ie-10\" target=\"_blank\" rel=\"nofollow noopener\">microsoft.com\/es-xl\/internet-explorer\/delete-manage-cookies#ie=\u00bbie-10&#8243;<\/a><\/li>\n<li>Firefox: <a href=\"https:\/\/support.mozilla.org\/es\/kb\/Borrar%20cookies\" target=\"_blank\" rel=\"nofollow noopener\">mozilla.org\/es\/kb\/Borrar%20cookies<\/a><\/li>\n<li>Chrome: <a href=\"https:\/\/support.google.com\/chrome\/answer\/95647?hl=es\" target=\"_blank\" rel=\"nofollow noopener\">google.com\/chrome\/answer\/95647?hl=\u00bbes\u00bb<\/a><\/li>\n<li>Safari: <a href=\"https:\/\/support.apple.com\/es-es\/guide\/safari\/manage-cookies-and-website-data-sfri11471\/mac\" target=\"_blank\" rel=\"nofollow noopener\">apple.com\/es\/privacy\/use-of-cookies\/<\/a><\/li>\n<\/ul>\n<p><strong>Actualizaci\u00f3n de la Pol\u00edtica de Cookies<\/strong><\/p>\n<p>La Pol\u00edtica de cookies puede ser cambiada para adaptarla a los diferentes cambios legislativos que pudieran darse, por ello recomendamos que cada vez que acceda a la presente p\u00e1gina acceda a la presente informaci\u00f3n.<\/p>\n<p>&nbsp;<\/p>\n","protected":false},"excerpt":{"rendered":"<p class=\"post-excerpt\">&nbsp; \u00bfQu\u00e9 son las cookies? Las cookies son peque\u00f1os textos alfanum\u00e9ricos que se almacenan en el terminal del usuario cuando visita casi cualquier p\u00e1gina web. Su funcionalidad permitir\u00e1 recordar su visita cuando vuelva a navegar por esta p\u00e1gina web. \u00bfQu\u00e9 tipos de cookies existen? Seg\u00fan la entidad que gestione el equipo o dominio desde donde&#8230;\n<\/p>","protected":false},"author":37,"featured_media":0,"parent":0,"menu_order":0,"comment_status":"closed","ping_status":"closed","template":"","meta":{"footnotes":""},"class_list":["post-13503","page","type-page","status-publish","hentry"],"yoast_head":"<!-- This site is optimized with the Yoast SEO plugin v27.5 - https:\/\/yoast.com\/product\/yoast-seo-wordpress\/ -->\n<title>Pol\u00edtica de Cookies - Betaminic.com<\/title>\n<meta name=\"robots\" content=\"noindex, follow\" \/>\n<meta property=\"og:locale\" content=\"es_ES\" \/>\n<meta property=\"og:type\" content=\"article\" \/>\n<meta property=\"og:title\" content=\"Pol\u00edtica de Cookies - Betaminic.com\" \/>\n<meta property=\"og:description\" content=\"&nbsp; \u00bfQu\u00e9 son las cookies? Las cookies son peque\u00f1os textos alfanum\u00e9ricos que se almacenan en el terminal del usuario cuando visita casi cualquier p\u00e1gina web. Su funcionalidad permitir\u00e1 recordar su visita cuando vuelva a navegar por esta p\u00e1gina web. \u00bfQu\u00e9 tipos de cookies existen? Seg\u00fan la entidad que gestione el equipo o dominio desde donde...\" \/>\n<meta property=\"og:url\" content=\"https:\/\/www.betaminic.com\/es\/politica-de-cookies\/\" \/>\n<meta property=\"og:site_name\" content=\"Betaminic.com\" \/>\n<meta property=\"article:publisher\" content=\"https:\/\/www.facebook.com\/betaminic\/\" \/>\n<meta property=\"article:modified_time\" content=\"2019-05-21T16:20:45+00:00\" \/>\n<meta name=\"twitter:card\" content=\"summary_large_image\" \/>\n<meta name=\"twitter:site\" content=\"@betaminic\" \/>\n<meta name=\"twitter:label1\" content=\"Tiempo de lectura\" \/>\n\t<meta name=\"twitter:data1\" content=\"3 minutos\" \/>\n<script type=\"application\/ld+json\" class=\"yoast-schema-graph\">{\"@context\":\"https:\\\/\\\/schema.org\",\"@graph\":[{\"@type\":\"WebPage\",\"@id\":\"https:\\\/\\\/www.betaminic.com\\\/es\\\/politica-de-cookies\\\/\",\"url\":\"https:\\\/\\\/www.betaminic.com\\\/es\\\/politica-de-cookies\\\/\",\"name\":\"Pol\u00edtica de Cookies - Betaminic.com\",\"isPartOf\":{\"@id\":\"https:\\\/\\\/www.betaminic.com\\\/es\\\/#website\"},\"datePublished\":\"2017-10-05T08:56:02+00:00\",\"dateModified\":\"2019-05-21T16:20:45+00:00\",\"breadcrumb\":{\"@id\":\"https:\\\/\\\/www.betaminic.com\\\/es\\\/politica-de-cookies\\\/#breadcrumb\"},\"inLanguage\":\"es\",\"potentialAction\":[{\"@type\":\"ReadAction\",\"target\":[\"https:\\\/\\\/www.betaminic.com\\\/es\\\/politica-de-cookies\\\/\"]}]},{\"@type\":\"BreadcrumbList\",\"@id\":\"https:\\\/\\\/www.betaminic.com\\\/es\\\/politica-de-cookies\\\/#breadcrumb\",\"itemListElement\":[{\"@type\":\"ListItem\",\"position\":1,\"name\":\"Home\",\"item\":\"https:\\\/\\\/www.betaminic.com\\\/es\\\/\"},{\"@type\":\"ListItem\",\"position\":2,\"name\":\"Pol\u00edtica de Cookies\"}]},{\"@type\":\"WebSite\",\"@id\":\"https:\\\/\\\/www.betaminic.com\\\/es\\\/#website\",\"url\":\"https:\\\/\\\/www.betaminic.com\\\/es\\\/\",\"name\":\"Betaminic.com\",\"description\":\"\",\"publisher\":{\"@id\":\"https:\\\/\\\/www.betaminic.com\\\/es\\\/#organization\"},\"potentialAction\":[{\"@type\":\"SearchAction\",\"target\":{\"@type\":\"EntryPoint\",\"urlTemplate\":\"https:\\\/\\\/www.betaminic.com\\\/es\\\/?s={search_term_string}\"},\"query-input\":{\"@type\":\"PropertyValueSpecification\",\"valueRequired\":true,\"valueName\":\"search_term_string\"}}],\"inLanguage\":\"es\"},{\"@type\":\"Organization\",\"@id\":\"https:\\\/\\\/www.betaminic.com\\\/es\\\/#organization\",\"name\":\"Betaminic Bigdata Solutions, S.L.\",\"alternateName\":\"Betaminic\",\"url\":\"https:\\\/\\\/www.betaminic.com\\\/es\\\/\",\"logo\":{\"@type\":\"ImageObject\",\"inLanguage\":\"es\",\"@id\":\"https:\\\/\\\/www.betaminic.com\\\/es\\\/#\\\/schema\\\/logo\\\/image\\\/\",\"url\":\"https:\\\/\\\/www.betaminic.com\\\/wp-content\\\/uploads\\\/2017\\\/09\\\/betaminic-front-logo.png\",\"contentUrl\":\"https:\\\/\\\/www.betaminic.com\\\/wp-content\\\/uploads\\\/2017\\\/09\\\/betaminic-front-logo.png\",\"width\":250,\"height\":67,\"caption\":\"Betaminic Bigdata Solutions, S.L.\"},\"image\":{\"@id\":\"https:\\\/\\\/www.betaminic.com\\\/es\\\/#\\\/schema\\\/logo\\\/image\\\/\"},\"sameAs\":[\"https:\\\/\\\/www.facebook.com\\\/betaminic\\\/\",\"https:\\\/\\\/x.com\\\/betaminic\",\"https:\\\/\\\/www.youtube.com\\\/channel\\\/UCO8zcebQOIOw2Bqi-wpMafQ\"]}]}<\/script>\n<!-- \/ Yoast SEO plugin. -->","yoast_head_json":{"title":"Pol\u00edtica de Cookies - Betaminic.com","robots":{"index":"noindex","follow":"follow"},"og_locale":"es_ES","og_type":"article","og_title":"Pol\u00edtica de Cookies - Betaminic.com","og_description":"&nbsp; \u00bfQu\u00e9 son las cookies? Las cookies son peque\u00f1os textos alfanum\u00e9ricos que se almacenan en el terminal del usuario cuando visita casi cualquier p\u00e1gina web. Su funcionalidad permitir\u00e1 recordar su visita cuando vuelva a navegar por esta p\u00e1gina web. \u00bfQu\u00e9 tipos de cookies existen? Seg\u00fan la entidad que gestione el equipo o dominio desde donde...","og_url":"https:\/\/www.betaminic.com\/es\/politica-de-cookies\/","og_site_name":"Betaminic.com","article_publisher":"https:\/\/www.facebook.com\/betaminic\/","article_modified_time":"2019-05-21T16:20:45+00:00","twitter_card":"summary_large_image","twitter_site":"@betaminic","twitter_misc":{"Tiempo de lectura":"3 minutos"},"schema":{"@context":"https:\/\/schema.org","@graph":[{"@type":"WebPage","@id":"https:\/\/www.betaminic.com\/es\/politica-de-cookies\/","url":"https:\/\/www.betaminic.com\/es\/politica-de-cookies\/","name":"Pol\u00edtica de Cookies - Betaminic.com","isPartOf":{"@id":"https:\/\/www.betaminic.com\/es\/#website"},"datePublished":"2017-10-05T08:56:02+00:00","dateModified":"2019-05-21T16:20:45+00:00","breadcrumb":{"@id":"https:\/\/www.betaminic.com\/es\/politica-de-cookies\/#breadcrumb"},"inLanguage":"es","potentialAction":[{"@type":"ReadAction","target":["https:\/\/www.betaminic.com\/es\/politica-de-cookies\/"]}]},{"@type":"BreadcrumbList","@id":"https:\/\/www.betaminic.com\/es\/politica-de-cookies\/#breadcrumb","itemListElement":[{"@type":"ListItem","position":1,"name":"Home","item":"https:\/\/www.betaminic.com\/es\/"},{"@type":"ListItem","position":2,"name":"Pol\u00edtica de Cookies"}]},{"@type":"WebSite","@id":"https:\/\/www.betaminic.com\/es\/#website","url":"https:\/\/www.betaminic.com\/es\/","name":"Betaminic.com","description":"","publisher":{"@id":"https:\/\/www.betaminic.com\/es\/#organization"},"potentialAction":[{"@type":"SearchAction","target":{"@type":"EntryPoint","urlTemplate":"https:\/\/www.betaminic.com\/es\/?s={search_term_string}"},"query-input":{"@type":"PropertyValueSpecification","valueRequired":true,"valueName":"search_term_string"}}],"inLanguage":"es"},{"@type":"Organization","@id":"https:\/\/www.betaminic.com\/es\/#organization","name":"Betaminic Bigdata Solutions, S.L.","alternateName":"Betaminic","url":"https:\/\/www.betaminic.com\/es\/","logo":{"@type":"ImageObject","inLanguage":"es","@id":"https:\/\/www.betaminic.com\/es\/#\/schema\/logo\/image\/","url":"https:\/\/www.betaminic.com\/wp-content\/uploads\/2017\/09\/betaminic-front-logo.png","contentUrl":"https:\/\/www.betaminic.com\/wp-content\/uploads\/2017\/09\/betaminic-front-logo.png","width":250,"height":67,"caption":"Betaminic Bigdata Solutions, S.L."},"image":{"@id":"https:\/\/www.betaminic.com\/es\/#\/schema\/logo\/image\/"},"sameAs":["https:\/\/www.facebook.com\/betaminic\/","https:\/\/x.com\/betaminic","https:\/\/www.youtube.com\/channel\/UCO8zcebQOIOw2Bqi-wpMafQ"]}]}},"_links":{"self":[{"href":"https:\/\/www.betaminic.com\/es\/wp-json\/wp\/v2\/pages\/13503","targetHints":{"allow":["GET"]}}],"collection":[{"href":"https:\/\/www.betaminic.com\/es\/wp-json\/wp\/v2\/pages"}],"about":[{"href":"https:\/\/www.betaminic.com\/es\/wp-json\/wp\/v2\/types\/page"}],"author":[{"embeddable":true,"href":"https:\/\/www.betaminic.com\/es\/wp-json\/wp\/v2\/users\/37"}],"replies":[{"embeddable":true,"href":"https:\/\/www.betaminic.com\/es\/wp-json\/wp\/v2\/comments?post=13503"}],"version-history":[{"count":3,"href":"https:\/\/www.betaminic.com\/es\/wp-json\/wp\/v2\/pages\/13503\/revisions"}],"predecessor-version":[{"id":19032,"href":"https:\/\/www.betaminic.com\/es\/wp-json\/wp\/v2\/pages\/13503\/revisions\/19032"}],"wp:attachment":[{"href":"https:\/\/www.betaminic.com\/es\/wp-json\/wp\/v2\/media?parent=13503"}],"curies":[{"name":"wp","href":"https:\/\/api.w.org\/{rel}","templated":true}]}}