{"id":13625,"date":"2017-10-06T07:15:11","date_gmt":"2017-10-06T07:15:11","guid":{"rendered":"https:\/\/www.betaminic.com\/about-us\/"},"modified":"2021-05-24T18:31:27","modified_gmt":"2021-05-24T16:31:27","slug":"sobre-nosotros","status":"publish","type":"page","link":"https:\/\/www.betaminic.com\/es\/sobre-nosotros\/","title":{"rendered":"Sobre nosotros"},"content":{"rendered":"<section class=\"wpb-content-wrapper\">[vc_row][vc_column][vc_column_text]\n<p><strong>En Betaminic formamos un equipo con una dilatada experiencia en el mundo de las apuestas.<\/strong> Queremos compartir contigo nuestro bagaje para ayudarte a mejorar con tus resultados.<\/p>\n<div class=\"title_box_about\"><span style=\"font-size: 26px; font-weight: 600;\">El Equipo<\/span><\/div>\n[\/vc_column_text][\/vc_column][\/vc_row][vc_row offset_top=\u00bb180&#8243; css=\u00bb.vc_custom_1507272189966{padding-bottom: 40px !important;}\u00bb][vc_column width=\u00bb1\/4&#8243; class=\u00bbtext-center\u00bb][vc_single_image image=\u00bb13615&#8243;][\/vc_column][vc_column width=\u00bb3\/4&#8243;][vc_column_text]\n<h6><em>Javier Paniagua<\/em><\/h6>\n<p>&nbsp;<\/p>\n<p>Vengo del mundo financiero, estudi\u00e9 Administraci\u00f3n y Direcci\u00f3n de Empresas, y he desarrollado mi carrera profesional en Finanzas y Contabilidad, trabajando para varias empresas.<br \/>\nTengo una verdadera pasi\u00f3n por el mundo de las apuestas deportivas, y contin\u00fao dedicando tiempo y esfuerzo a seguir mejorando en el \u00e1mbito de las apuestas.[\/vc_column_text][\/vc_column][\/vc_row][vc_row offset_top=\u00bb180&#8243; css=\u00bb.vc_custom_1507272189966{padding-bottom: 40px !important;}\u00bb][vc_column width=\u00bb3\/4&#8243;][vc_column_text]\n<h6 style=\"text-align: left;\"><em>David Herrera<\/em><\/h6>\n<p>&nbsp;<\/p>\n<p style=\"text-align: left;\">Estudi\u00e9 Ingenier\u00eda Inform\u00e1tica y he trabajado profesionalmente en el desarrollo de software durante casi 20 a\u00f1os.<\/p>\n<p style=\"text-align: left;\">Soy un apasionado de la tecnolog\u00eda y del mundo de las apuestas, y me gustar\u00eda compartir esta pasi\u00f3n con todos vosotros.<\/p>\n[\/vc_column_text][\/vc_column][vc_column width=\u00bb1\/4&#8243; class=\u00bbtext-center\u00bb][vc_single_image image=\u00bb13609&#8243;][\/vc_column][\/vc_row][vc_row][vc_column][vc_column_text]\n<div class=\"title_box_about\"><span style=\"font-size: 26px; font-weight: 600;\">Nuestra filosof\u00eda<\/span><\/div>\n<p>Hemos trabajado con mucha ilusi\u00f3n durante meses para crear esta herramienta y para ponerla a disposici\u00f3n de todos vosotros. Para ello hemos tratado de aglutinar gran parte de nuestros conocimientos y experiencia acumulada en muchos a\u00f1os en el sector. Para crear Betamin Builder los dos hemos unido nuestra pasi\u00f3n por las apuestas deportivas y en especial en un enfoque estad\u00edstico de las mismas. Hemos querido que sea una herramienta democr\u00e1tica, ya que todos vais a tener la posibilidad de testarla gratuitamente y de poner a prueba vuestras habilidades como creadores de sistemas con valor y para ganar en las apuestas deportivas a largo plazo.<\/p>\n<p>Durante los pr\u00f3ximos meses vamos a seguir mejorando lo que ahora ya es una realidad con nuevas ideas y funcionalidades, para ello tambi\u00e9n queremos contar con vuestra experiencia de usuario y con vuestras opiniones. \u00bfQui\u00e9n mejor que los que la vamos a usar a diario para hacerlo? Esperamos que disfrut\u00e9is de nuestro proyecto tanto como lo hemos hecho nosotros en su creaci\u00f3n y que le saqu\u00e9is el m\u00e1ximo rendimiento a vuestras inversiones en apuestas deportivas con Betamin Builder.<\/p>\n<p>Os esperamos, queremos que esta herramienta se convierta en una referencia en el sector y contamos con vuestra ayuda para que as\u00ed sea.<\/p>\n<p>\u00a1Gracias por vuestro apoyo, estaremos en contacto![\/vc_column_text][\/vc_column][\/vc_row]\n<\/section>","protected":false},"excerpt":{"rendered":"<p class=\"post-excerpt\">[vc_row][vc_column][vc_column_text] En Betaminic formamos un equipo con una dilatada experiencia en el mundo de las apuestas. Queremos compartir contigo nuestro bagaje para ayudarte a mejorar con tus resultados. El Equipo [\/vc_column_text][\/vc_column][\/vc_row][vc_row offset_top=\u00bb180&#8243; css=\u00bb.vc_custom_1507272189966{padding-bottom: 40px !important;}\u00bb][vc_column width=\u00bb1\/4&#8243; class=\u00bbtext-center\u00bb][vc_single_image image=\u00bb13615&#8243;][\/vc_column][vc_column width=\u00bb3\/4&#8243;][vc_column_text] Javier Paniagua &nbsp; Vengo del mundo financiero, estudi\u00e9 Administraci\u00f3n y Direcci\u00f3n de Empresas, y he desarrollado&#8230;\n<\/p>","protected":false},"author":1,"featured_media":0,"parent":0,"menu_order":0,"comment_status":"closed","ping_status":"closed","template":"","meta":{"footnotes":""},"class_list":["post-13625","page","type-page","status-publish","hentry"],"yoast_head":"<!-- This site is optimized with the Yoast SEO plugin v27.5 - https:\/\/yoast.com\/product\/yoast-seo-wordpress\/ -->\n<title>Sobre nosotros - Betaminic.com<\/title>\n<meta name=\"robots\" content=\"noindex, follow\" \/>\n<meta property=\"og:locale\" content=\"es_ES\" \/>\n<meta property=\"og:type\" content=\"article\" \/>\n<meta property=\"og:title\" content=\"Sobre nosotros - Betaminic.com\" \/>\n<meta property=\"og:description\" content=\"[vc_row][vc_column][vc_column_text] En Betaminic formamos un equipo con una dilatada experiencia en el mundo de las apuestas. Queremos compartir contigo nuestro bagaje para ayudarte a mejorar con tus resultados. El Equipo [\/vc_column_text][\/vc_column][\/vc_row][vc_row offset_top=\u00bb180&#8243; css=\u00bb.vc_custom_1507272189966{padding-bottom: 40px !important;}\u00bb][vc_column width=\u00bb1\/4&#8243; class=\u00bbtext-center\u00bb][vc_single_image image=\u00bb13615&#8243;][\/vc_column][vc_column width=\u00bb3\/4&#8243;][vc_column_text] Javier Paniagua &nbsp; Vengo del mundo financiero, estudi\u00e9 Administraci\u00f3n y Direcci\u00f3n de Empresas, y he desarrollado...\" \/>\n<meta property=\"og:url\" content=\"https:\/\/www.betaminic.com\/es\/sobre-nosotros\/\" \/>\n<meta property=\"og:site_name\" content=\"Betaminic.com\" \/>\n<meta property=\"article:publisher\" content=\"https:\/\/www.facebook.com\/betaminic\/\" \/>\n<meta property=\"article:modified_time\" content=\"2021-05-24T16:31:27+00:00\" \/>\n<meta name=\"twitter:card\" content=\"summary_large_image\" \/>\n<meta name=\"twitter:site\" content=\"@betaminic\" \/>\n<meta name=\"twitter:label1\" content=\"Tiempo de lectura\" \/>\n\t<meta name=\"twitter:data1\" content=\"2 minutos\" \/>\n<script type=\"application\/ld+json\" class=\"yoast-schema-graph\">{\"@context\":\"https:\\\/\\\/schema.org\",\"@graph\":[{\"@type\":\"WebPage\",\"@id\":\"https:\\\/\\\/www.betaminic.com\\\/es\\\/sobre-nosotros\\\/\",\"url\":\"https:\\\/\\\/www.betaminic.com\\\/es\\\/sobre-nosotros\\\/\",\"name\":\"Sobre nosotros - Betaminic.com\",\"isPartOf\":{\"@id\":\"https:\\\/\\\/www.betaminic.com\\\/es\\\/#website\"},\"datePublished\":\"2017-10-06T07:15:11+00:00\",\"dateModified\":\"2021-05-24T16:31:27+00:00\",\"breadcrumb\":{\"@id\":\"https:\\\/\\\/www.betaminic.com\\\/es\\\/sobre-nosotros\\\/#breadcrumb\"},\"inLanguage\":\"es\",\"potentialAction\":[{\"@type\":\"ReadAction\",\"target\":[\"https:\\\/\\\/www.betaminic.com\\\/es\\\/sobre-nosotros\\\/\"]}]},{\"@type\":\"BreadcrumbList\",\"@id\":\"https:\\\/\\\/www.betaminic.com\\\/es\\\/sobre-nosotros\\\/#breadcrumb\",\"itemListElement\":[{\"@type\":\"ListItem\",\"position\":1,\"name\":\"Home\",\"item\":\"https:\\\/\\\/www.betaminic.com\\\/es\\\/\"},{\"@type\":\"ListItem\",\"position\":2,\"name\":\"Sobre nosotros\"}]},{\"@type\":\"WebSite\",\"@id\":\"https:\\\/\\\/www.betaminic.com\\\/es\\\/#website\",\"url\":\"https:\\\/\\\/www.betaminic.com\\\/es\\\/\",\"name\":\"Betaminic.com\",\"description\":\"\",\"publisher\":{\"@id\":\"https:\\\/\\\/www.betaminic.com\\\/es\\\/#organization\"},\"potentialAction\":[{\"@type\":\"SearchAction\",\"target\":{\"@type\":\"EntryPoint\",\"urlTemplate\":\"https:\\\/\\\/www.betaminic.com\\\/es\\\/?s={search_term_string}\"},\"query-input\":{\"@type\":\"PropertyValueSpecification\",\"valueRequired\":true,\"valueName\":\"search_term_string\"}}],\"inLanguage\":\"es\"},{\"@type\":\"Organization\",\"@id\":\"https:\\\/\\\/www.betaminic.com\\\/es\\\/#organization\",\"name\":\"Betaminic Bigdata Solutions, S.L.\",\"alternateName\":\"Betaminic\",\"url\":\"https:\\\/\\\/www.betaminic.com\\\/es\\\/\",\"logo\":{\"@type\":\"ImageObject\",\"inLanguage\":\"es\",\"@id\":\"https:\\\/\\\/www.betaminic.com\\\/es\\\/#\\\/schema\\\/logo\\\/image\\\/\",\"url\":\"https:\\\/\\\/www.betaminic.com\\\/wp-content\\\/uploads\\\/2017\\\/09\\\/betaminic-front-logo.png\",\"contentUrl\":\"https:\\\/\\\/www.betaminic.com\\\/wp-content\\\/uploads\\\/2017\\\/09\\\/betaminic-front-logo.png\",\"width\":250,\"height\":67,\"caption\":\"Betaminic Bigdata Solutions, S.L.\"},\"image\":{\"@id\":\"https:\\\/\\\/www.betaminic.com\\\/es\\\/#\\\/schema\\\/logo\\\/image\\\/\"},\"sameAs\":[\"https:\\\/\\\/www.facebook.com\\\/betaminic\\\/\",\"https:\\\/\\\/x.com\\\/betaminic\",\"https:\\\/\\\/www.youtube.com\\\/channel\\\/UCO8zcebQOIOw2Bqi-wpMafQ\"]}]}<\/script>\n<!-- \/ Yoast SEO plugin. -->","yoast_head_json":{"title":"Sobre nosotros - Betaminic.com","robots":{"index":"noindex","follow":"follow"},"og_locale":"es_ES","og_type":"article","og_title":"Sobre nosotros - Betaminic.com","og_description":"[vc_row][vc_column][vc_column_text] En Betaminic formamos un equipo con una dilatada experiencia en el mundo de las apuestas. Queremos compartir contigo nuestro bagaje para ayudarte a mejorar con tus resultados. El Equipo [\/vc_column_text][\/vc_column][\/vc_row][vc_row offset_top=\u00bb180&#8243; css=\u00bb.vc_custom_1507272189966{padding-bottom: 40px !important;}\u00bb][vc_column width=\u00bb1\/4&#8243; class=\u00bbtext-center\u00bb][vc_single_image image=\u00bb13615&#8243;][\/vc_column][vc_column width=\u00bb3\/4&#8243;][vc_column_text] Javier Paniagua &nbsp; Vengo del mundo financiero, estudi\u00e9 Administraci\u00f3n y Direcci\u00f3n de Empresas, y he desarrollado...","og_url":"https:\/\/www.betaminic.com\/es\/sobre-nosotros\/","og_site_name":"Betaminic.com","article_publisher":"https:\/\/www.facebook.com\/betaminic\/","article_modified_time":"2021-05-24T16:31:27+00:00","twitter_card":"summary_large_image","twitter_site":"@betaminic","twitter_misc":{"Tiempo de lectura":"2 minutos"},"schema":{"@context":"https:\/\/schema.org","@graph":[{"@type":"WebPage","@id":"https:\/\/www.betaminic.com\/es\/sobre-nosotros\/","url":"https:\/\/www.betaminic.com\/es\/sobre-nosotros\/","name":"Sobre nosotros - Betaminic.com","isPartOf":{"@id":"https:\/\/www.betaminic.com\/es\/#website"},"datePublished":"2017-10-06T07:15:11+00:00","dateModified":"2021-05-24T16:31:27+00:00","breadcrumb":{"@id":"https:\/\/www.betaminic.com\/es\/sobre-nosotros\/#breadcrumb"},"inLanguage":"es","potentialAction":[{"@type":"ReadAction","target":["https:\/\/www.betaminic.com\/es\/sobre-nosotros\/"]}]},{"@type":"BreadcrumbList","@id":"https:\/\/www.betaminic.com\/es\/sobre-nosotros\/#breadcrumb","itemListElement":[{"@type":"ListItem","position":1,"name":"Home","item":"https:\/\/www.betaminic.com\/es\/"},{"@type":"ListItem","position":2,"name":"Sobre nosotros"}]},{"@type":"WebSite","@id":"https:\/\/www.betaminic.com\/es\/#website","url":"https:\/\/www.betaminic.com\/es\/","name":"Betaminic.com","description":"","publisher":{"@id":"https:\/\/www.betaminic.com\/es\/#organization"},"potentialAction":[{"@type":"SearchAction","target":{"@type":"EntryPoint","urlTemplate":"https:\/\/www.betaminic.com\/es\/?s={search_term_string}"},"query-input":{"@type":"PropertyValueSpecification","valueRequired":true,"valueName":"search_term_string"}}],"inLanguage":"es"},{"@type":"Organization","@id":"https:\/\/www.betaminic.com\/es\/#organization","name":"Betaminic Bigdata Solutions, S.L.","alternateName":"Betaminic","url":"https:\/\/www.betaminic.com\/es\/","logo":{"@type":"ImageObject","inLanguage":"es","@id":"https:\/\/www.betaminic.com\/es\/#\/schema\/logo\/image\/","url":"https:\/\/www.betaminic.com\/wp-content\/uploads\/2017\/09\/betaminic-front-logo.png","contentUrl":"https:\/\/www.betaminic.com\/wp-content\/uploads\/2017\/09\/betaminic-front-logo.png","width":250,"height":67,"caption":"Betaminic Bigdata Solutions, S.L."},"image":{"@id":"https:\/\/www.betaminic.com\/es\/#\/schema\/logo\/image\/"},"sameAs":["https:\/\/www.facebook.com\/betaminic\/","https:\/\/x.com\/betaminic","https:\/\/www.youtube.com\/channel\/UCO8zcebQOIOw2Bqi-wpMafQ"]}]}},"_links":{"self":[{"href":"https:\/\/www.betaminic.com\/es\/wp-json\/wp\/v2\/pages\/13625","targetHints":{"allow":["GET"]}}],"collection":[{"href":"https:\/\/www.betaminic.com\/es\/wp-json\/wp\/v2\/pages"}],"about":[{"href":"https:\/\/www.betaminic.com\/es\/wp-json\/wp\/v2\/types\/page"}],"author":[{"embeddable":true,"href":"https:\/\/www.betaminic.com\/es\/wp-json\/wp\/v2\/users\/1"}],"replies":[{"embeddable":true,"href":"https:\/\/www.betaminic.com\/es\/wp-json\/wp\/v2\/comments?post=13625"}],"version-history":[{"count":22,"href":"https:\/\/www.betaminic.com\/es\/wp-json\/wp\/v2\/pages\/13625\/revisions"}],"predecessor-version":[{"id":26393,"href":"https:\/\/www.betaminic.com\/es\/wp-json\/wp\/v2\/pages\/13625\/revisions\/26393"}],"wp:attachment":[{"href":"https:\/\/www.betaminic.com\/es\/wp-json\/wp\/v2\/media?parent=13625"}],"curies":[{"name":"wp","href":"https:\/\/api.w.org\/{rel}","templated":true}]}}