{"id":1911,"date":"2016-09-16T16:33:38","date_gmt":"2016-09-16T14:33:38","guid":{"rendered":"https:\/\/www.betaminic.com\/es\/?page_id=1911"},"modified":"2019-08-15T18:43:20","modified_gmt":"2019-08-15T16:43:20","slug":"tipos-de-apuestas","status":"publish","type":"page","link":"https:\/\/www.betaminic.com\/es\/guia-de-apuestas\/tipos-de-apuestas\/","title":{"rendered":"Tipos de Apuestas"},"content":{"rendered":"\n<h1><span style=\"color: #3fbd85;\">Tipos de Apuestas &#8211; F\u00fatbol<\/span><\/h1>\n<p><span style=\"font-size: 14pt;\"><img decoding=\"async\" class=\"size-full wp-image-19892 aligncenter\" src=\"https:\/\/www.betaminic.com\/wp-content\/uploads\/2019\/08\/choose.jpg\" alt=\"\" width=\"650\" height=\"500\" srcset=\"https:\/\/www.betaminic.com\/wp-content\/uploads\/2019\/08\/choose.jpg 650w, https:\/\/www.betaminic.com\/wp-content\/uploads\/2019\/08\/choose-600x462.jpg 600w, https:\/\/www.betaminic.com\/wp-content\/uploads\/2019\/08\/choose-300x231.jpg 300w\" sizes=\"(max-width: 650px) 100vw, 650px\" \/><\/span><\/p>\n<p><span style=\"font-size: 14pt;\">En f\u00fatbol, los tipos de apuestas m\u00e1s importantes son las siguientes:<\/span><\/p>\n<div class=\"gca-column one-half first\"><h2 style=\"text-align: justify;\"><span style=\"text-decoration: underline; font-size: 14pt;\"><strong><span style=\"color: #3fbd85; text-decoration: underline;\">Resultado Final &#8211; 1X2<\/span><br \/>\n<\/strong><\/span><\/h2>\n<p style=\"text-align: justify;\">Son el tipo de apuestas m\u00e1s populares y comunes.<br \/>\nEl tipo de apuestas <strong>1 X 2<\/strong> <strong>o<\/strong> <strong>Resultado Final<\/strong> hace referencia a la Victoria del Equipo Local, Empate o Victoria del Equipo Visitante.<\/p>\n<p style=\"text-align: left;\"><strong>Tiempo completo<\/strong>: 90 minutos de juego, el cual incluye cualquier tiempo a\u00f1adido o tiempo perdido, pero no incluye ni la pr\u00f3rroga ni los penaltis o gol de oro.<\/p><\/div>\n<div class=\"gca-column one-half\"><h2><span style=\"text-decoration: underline; font-size: 14pt; color: #008000;\"><strong><span style=\"color: #3fbd85; text-decoration: underline;\">Resultado al descanso &#8211; 1X2<\/span><br \/>\n<\/strong><\/span><\/h2>\n<p style=\"text-align: left;\">El tipo de apuestas <strong>1 X 2 o Resultado al Descanso, se refiere solamente al Resultado de la Primera Parte.<\/strong><\/p>\n<p style=\"text-align: left;\">Resultado al Descanso: (1, X, 2) o Victoria del Equipo Local, Empate o Victoria del Equipo Visitante.<\/p>\n<p style=\"text-align: justify;\"><strong>Primera Parte:<\/strong> 45 minutos incluido el tiempo de descuento.<\/p><\/div>\n<div class=\"gca-column one-half first\"><a id=\"Doble Oportunidad1\"><\/a><\/p>\n<h2><span style=\"text-decoration: underline; font-size: 14pt;\"><strong><span style=\"color: #3fbd85; text-decoration: underline;\">Doble Oportunidad<\/span><br \/>\n<\/strong><\/span><\/h2>\n<p style=\"text-align: justify;\">El tipo de apuesta Doble Oportunidad te <strong>permite cubrir dos de los tres resultados posibles\u00a0<\/strong>de un partido de f\u00fatbol con s\u00f3lo una apuesta.<\/p><\/div>\n<div class=\"gca-column one-half\"><a id=\"Empate, Apuesta no v\u00e1lida1\"><\/a><\/p>\n<h2><span style=\"text-decoration: underline; font-size: 14pt;\"><strong><span style=\"color: #3fbd85; text-decoration: underline;\">Empate, Apuesta no v\u00e1lida<\/span><br \/>\n<\/strong><\/span><\/h2>\n<p style=\"text-align: left;\">Empate, Apuesta no v\u00e1lida es similar a las apuestas de Resultado Final, la diferencia radica en que se te <strong>devuelve la apuesta<\/strong> si el<strong> partido de f\u00fatbol termina en empate<\/strong>.<\/p><\/div>\n<p>&nbsp;<\/p>\n<p>&nbsp;<\/p>\n<h2><span style=\"text-decoration: underline;\"><span style=\"font-size: 14pt;\"><strong><span style=\"color: #3fbd85; text-decoration: underline;\">M\u00e1s \/ Menos Goles<\/span><br \/>\n<\/strong><\/span><\/span><\/h2>\n<p style=\"text-align: left;\">Una apuesta de M\u00e1s \/ Menos Goles significa acertar si el n\u00famero de goles marcados en un partido ser\u00e1 mayor o menor que el total que se indica en la apuesta.<\/p>\n<p style=\"text-align: left;\"><strong>M\u00e1s \/ Menos 2.5 Goles\u00a0 <\/strong>es la segunda apuesta m\u00e1s popular de los mercados de f\u00fatbol, y consiste en determinar si en un partido de f\u00fatbol se anotar\u00e1n <strong>tres goles o m\u00e1s, o dos goles o menos.<\/strong><\/p>\n<p style=\"text-align: justify;\"><strong>M\u00e1s \/ Menos de 3 Goles<\/strong>. Se te <strong>devuelve la apuesta<\/strong> si el partido de f\u00fatbol finaliza con un total de\u00a0<strong>tres goles marcados<\/strong>.<\/p>\n<p>&nbsp;<\/p>\n<h2><span style=\"text-decoration: underline;\"><span style=\"font-size: 14pt;\"><strong><span style=\"color: #3fbd85; text-decoration: underline;\">Descanso \/ Final<\/span><br \/>\n<\/strong><\/span><\/span><\/h2>\n<p style=\"text-align: justify;\">Las apuestas se determinan en funci\u00f3n del resultado al descanso y al final del partido, es decir a los 45 minutos y 90 minutos, incluyendo el tiempo de descuento.<\/p>\n<p class=\"p1\"><div class=\"gca-column one-half first\"><a id=\"Marcador Correcto1\"><\/a><\/p>\n<h2 class=\"p1\"><span style=\"text-decoration: underline;\"><span style=\"font-size: 14pt;\"><strong><span style=\"color: #3fbd85; text-decoration: underline;\">Marcador Correcto<\/span><br \/>\n<\/strong><\/span><\/span><\/h2>\n<p style=\"text-align: justify;\">Marcador correcto significa apostar al marcador exacto de un partido de f\u00fatbol dentro del tiempo reglamentario.<\/p>\n<table style=\"height: 78px; border-color: #265aad; background-color: #f7faeb; width: 356px;\" border=\"5\">\n<tbody>\n<tr>\n<td style=\"width: 170.617px; text-align: center;\"><strong>Marcador correcto<br \/>\n<\/strong><\/td>\n<td style=\"width: 169.383px; text-align: center;\"><strong>Cuotas<\/strong><\/td>\n<\/tr>\n<tr>\n<td style=\"width: 170.617px; text-align: center;\">0-0, 1-0, 1-1, 0-1&#8230;<\/td>\n<td style=\"width: 169.383px; text-align: center;\"><span style=\"font-size: 12pt; font-family: times new roman,times,serif;\">Las casas de apuestas establecen las cuotas para cada marcador espec\u00edfico.<br \/>\n<\/span><\/td>\n<\/tr>\n<\/tbody>\n<\/table>\n<p class=\"p1\"><\/div>\n<div class=\"gca-column one-half\"><h2 class=\"p1\"><\/h2>\n<h2 class=\"p1\"><span style=\"text-decoration: underline;\"><span style=\"font-size: 14pt;\"><strong><span style=\"color: #3fbd85; text-decoration: underline;\">Ambos equipos marcar\u00e1n<\/span><br \/>\n<\/strong><\/span><\/span><\/h2>\n<p>Tienes dos opciones para este tipo de apuestas.<\/p>\n<p>&nbsp;<\/p>\n<table style=\"height: 68px; width: 316px; border-color: #265aad; background-color: #f7faeb;\" border=\"5\">\n<tbody>\n<tr>\n<td style=\"width: 38px; text-align: center;\"><strong>SI<\/strong><\/td>\n<td style=\"width: 262px; text-align: center;\">La apuesta es ganada si ambos equipo anotan al menos un gol.<\/td>\n<\/tr>\n<tr>\n<td style=\"width: 38px; text-align: center;\"><strong>NO<\/strong><\/td>\n<td style=\"width: 262px; text-align: center;\">Ganas la apuesta si uno o ambos equipos no anotan.<\/td>\n<\/tr>\n<\/tbody>\n<\/table>\n<p class=\"p1\"><\/div><a id=\"Asian Handicap1\"><\/a><\/p>\n<p><strong><span style=\"text-decoration: underline;\"><span style=\"color: #008000; font-size: 14pt; text-decoration: underline;\">\u00a0<\/span><\/span><\/strong><\/p>\n<h2 style=\"text-align: justify;\"><span style=\"color: #3fbd85;\"><strong><span style=\"text-decoration: underline;\"><span style=\"font-size: 14pt;\">Asian Handicap<\/span><\/span><\/strong><\/span><\/h2>\n<p style=\"text-align: left;\">Asian Handicap es un tipo de apuesta bastante popular para apostar al resultado de los partidos de f\u00fatbol donde las <strong>opciones se reducen de tres a dos<\/strong>. Asian handicap elimina el resultado del empate.<\/p>\n<p style=\"text-align: justify;\">Esta Tabla te ayudar\u00e1 a saber c\u00f3mo ha quedado la apuesta en funci\u00f3n del h\u00e1ndicap usado.<\/p>\n[supsystic-tables id=7]\n","protected":false},"excerpt":{"rendered":"<p class=\"post-excerpt\">Tipos de Apuestas &#8211; F\u00fatbol En f\u00fatbol, los tipos de apuestas m\u00e1s importantes son las siguientes: &nbsp; &nbsp; M\u00e1s \/ Menos Goles Una apuesta de M\u00e1s \/ Menos Goles significa acertar si el n\u00famero de goles marcados en un partido ser\u00e1 mayor o menor que el total que se indica en la apuesta. M\u00e1s \/&#8230;\n<\/p>","protected":false},"author":14,"featured_media":0,"parent":1899,"menu_order":0,"comment_status":"closed","ping_status":"closed","template":"","meta":{"footnotes":""},"class_list":["post-1911","page","type-page","status-publish","hentry"],"yoast_head":"<!-- This site is optimized with the Yoast SEO plugin v27.3 - https:\/\/yoast.com\/product\/yoast-seo-wordpress\/ -->\n<title>Tipos de Apuestas - Betaminic.com<\/title>\n<meta name=\"description\" content=\"Disfruta de nuesta Gu\u00eda sobre tipos de apuestas deportivas.\u00a1Aprende con nosotros!\" \/>\n<meta name=\"robots\" content=\"index, follow, max-snippet:-1, max-image-preview:large, max-video-preview:-1\" \/>\n<link rel=\"canonical\" href=\"https:\/\/www.betaminic.com\/es\/guia-de-apuestas\/tipos-de-apuestas\/\" \/>\n<meta property=\"og:locale\" content=\"es_ES\" \/>\n<meta property=\"og:type\" content=\"article\" \/>\n<meta property=\"og:title\" content=\"Tipos de Apuestas - Betaminic.com\" \/>\n<meta property=\"og:description\" content=\"Disfruta de nuesta Gu\u00eda sobre tipos de apuestas deportivas.\u00a1Aprende con nosotros!\" \/>\n<meta property=\"og:url\" content=\"https:\/\/www.betaminic.com\/es\/guia-de-apuestas\/tipos-de-apuestas\/\" \/>\n<meta property=\"og:site_name\" content=\"Betaminic.com\" \/>\n<meta property=\"article:publisher\" content=\"https:\/\/www.facebook.com\/betaminic\/\" \/>\n<meta property=\"article:modified_time\" content=\"2019-08-15T16:43:20+00:00\" \/>\n<meta property=\"og:image\" content=\"https:\/\/www.betaminic.com\/wp-content\/uploads\/2019\/08\/choose.jpg\" \/>\n<meta name=\"twitter:card\" content=\"summary_large_image\" \/>\n<meta name=\"twitter:site\" content=\"@betaminic\" \/>\n<meta name=\"twitter:label1\" content=\"Tiempo de lectura\" \/>\n\t<meta name=\"twitter:data1\" content=\"2 minutos\" \/>\n<script type=\"application\/ld+json\" class=\"yoast-schema-graph\">{\"@context\":\"https:\\\/\\\/schema.org\",\"@graph\":[{\"@type\":\"WebPage\",\"@id\":\"https:\\\/\\\/www.betaminic.com\\\/es\\\/guia-de-apuestas\\\/tipos-de-apuestas\\\/\",\"url\":\"https:\\\/\\\/www.betaminic.com\\\/es\\\/guia-de-apuestas\\\/tipos-de-apuestas\\\/\",\"name\":\"Tipos de Apuestas - Betaminic.com\",\"isPartOf\":{\"@id\":\"https:\\\/\\\/www.betaminic.com\\\/es\\\/#website\"},\"primaryImageOfPage\":{\"@id\":\"https:\\\/\\\/www.betaminic.com\\\/es\\\/guia-de-apuestas\\\/tipos-de-apuestas\\\/#primaryimage\"},\"image\":{\"@id\":\"https:\\\/\\\/www.betaminic.com\\\/es\\\/guia-de-apuestas\\\/tipos-de-apuestas\\\/#primaryimage\"},\"thumbnailUrl\":\"https:\\\/\\\/www.betaminic.com\\\/wp-content\\\/uploads\\\/2019\\\/08\\\/choose.jpg\",\"datePublished\":\"2016-09-16T14:33:38+00:00\",\"dateModified\":\"2019-08-15T16:43:20+00:00\",\"description\":\"Disfruta de nuesta Gu\u00eda sobre tipos de apuestas deportivas.\u00a1Aprende con nosotros!\",\"breadcrumb\":{\"@id\":\"https:\\\/\\\/www.betaminic.com\\\/es\\\/guia-de-apuestas\\\/tipos-de-apuestas\\\/#breadcrumb\"},\"inLanguage\":\"es\",\"potentialAction\":[{\"@type\":\"ReadAction\",\"target\":[\"https:\\\/\\\/www.betaminic.com\\\/es\\\/guia-de-apuestas\\\/tipos-de-apuestas\\\/\"]}]},{\"@type\":\"ImageObject\",\"inLanguage\":\"es\",\"@id\":\"https:\\\/\\\/www.betaminic.com\\\/es\\\/guia-de-apuestas\\\/tipos-de-apuestas\\\/#primaryimage\",\"url\":\"https:\\\/\\\/www.betaminic.com\\\/wp-content\\\/uploads\\\/2019\\\/08\\\/choose.jpg\",\"contentUrl\":\"https:\\\/\\\/www.betaminic.com\\\/wp-content\\\/uploads\\\/2019\\\/08\\\/choose.jpg\"},{\"@type\":\"BreadcrumbList\",\"@id\":\"https:\\\/\\\/www.betaminic.com\\\/es\\\/guia-de-apuestas\\\/tipos-de-apuestas\\\/#breadcrumb\",\"itemListElement\":[{\"@type\":\"ListItem\",\"position\":1,\"name\":\"Home\",\"item\":\"https:\\\/\\\/www.betaminic.com\\\/es\\\/\"},{\"@type\":\"ListItem\",\"position\":2,\"name\":\"Gu\u00edas de Apuestas\",\"item\":\"https:\\\/\\\/www.betaminic.com\\\/es\\\/guia-de-apuestas\\\/\"},{\"@type\":\"ListItem\",\"position\":3,\"name\":\"Tipos de Apuestas\"}]},{\"@type\":\"WebSite\",\"@id\":\"https:\\\/\\\/www.betaminic.com\\\/es\\\/#website\",\"url\":\"https:\\\/\\\/www.betaminic.com\\\/es\\\/\",\"name\":\"Betaminic.com\",\"description\":\"\",\"publisher\":{\"@id\":\"https:\\\/\\\/www.betaminic.com\\\/es\\\/#organization\"},\"potentialAction\":[{\"@type\":\"SearchAction\",\"target\":{\"@type\":\"EntryPoint\",\"urlTemplate\":\"https:\\\/\\\/www.betaminic.com\\\/es\\\/?s={search_term_string}\"},\"query-input\":{\"@type\":\"PropertyValueSpecification\",\"valueRequired\":true,\"valueName\":\"search_term_string\"}}],\"inLanguage\":\"es\"},{\"@type\":\"Organization\",\"@id\":\"https:\\\/\\\/www.betaminic.com\\\/es\\\/#organization\",\"name\":\"Betaminic Bigdata Solutions, S.L.\",\"alternateName\":\"Betaminic\",\"url\":\"https:\\\/\\\/www.betaminic.com\\\/es\\\/\",\"logo\":{\"@type\":\"ImageObject\",\"inLanguage\":\"es\",\"@id\":\"https:\\\/\\\/www.betaminic.com\\\/es\\\/#\\\/schema\\\/logo\\\/image\\\/\",\"url\":\"https:\\\/\\\/www.betaminic.com\\\/wp-content\\\/uploads\\\/2017\\\/09\\\/betaminic-front-logo.png\",\"contentUrl\":\"https:\\\/\\\/www.betaminic.com\\\/wp-content\\\/uploads\\\/2017\\\/09\\\/betaminic-front-logo.png\",\"width\":250,\"height\":67,\"caption\":\"Betaminic Bigdata Solutions, S.L.\"},\"image\":{\"@id\":\"https:\\\/\\\/www.betaminic.com\\\/es\\\/#\\\/schema\\\/logo\\\/image\\\/\"},\"sameAs\":[\"https:\\\/\\\/www.facebook.com\\\/betaminic\\\/\",\"https:\\\/\\\/x.com\\\/betaminic\",\"https:\\\/\\\/www.youtube.com\\\/channel\\\/UCO8zcebQOIOw2Bqi-wpMafQ\"]}]}<\/script>\n<!-- \/ Yoast SEO plugin. -->","yoast_head_json":{"title":"Tipos de Apuestas - Betaminic.com","description":"Disfruta de nuesta Gu\u00eda sobre tipos de apuestas deportivas.\u00a1Aprende con nosotros!","robots":{"index":"index","follow":"follow","max-snippet":"max-snippet:-1","max-image-preview":"max-image-preview:large","max-video-preview":"max-video-preview:-1"},"canonical":"https:\/\/www.betaminic.com\/es\/guia-de-apuestas\/tipos-de-apuestas\/","og_locale":"es_ES","og_type":"article","og_title":"Tipos de Apuestas - Betaminic.com","og_description":"Disfruta de nuesta Gu\u00eda sobre tipos de apuestas deportivas.\u00a1Aprende con nosotros!","og_url":"https:\/\/www.betaminic.com\/es\/guia-de-apuestas\/tipos-de-apuestas\/","og_site_name":"Betaminic.com","article_publisher":"https:\/\/www.facebook.com\/betaminic\/","article_modified_time":"2019-08-15T16:43:20+00:00","og_image":[{"url":"https:\/\/www.betaminic.com\/wp-content\/uploads\/2019\/08\/choose.jpg","type":"","width":"","height":""}],"twitter_card":"summary_large_image","twitter_site":"@betaminic","twitter_misc":{"Tiempo de lectura":"2 minutos"},"schema":{"@context":"https:\/\/schema.org","@graph":[{"@type":"WebPage","@id":"https:\/\/www.betaminic.com\/es\/guia-de-apuestas\/tipos-de-apuestas\/","url":"https:\/\/www.betaminic.com\/es\/guia-de-apuestas\/tipos-de-apuestas\/","name":"Tipos de Apuestas - Betaminic.com","isPartOf":{"@id":"https:\/\/www.betaminic.com\/es\/#website"},"primaryImageOfPage":{"@id":"https:\/\/www.betaminic.com\/es\/guia-de-apuestas\/tipos-de-apuestas\/#primaryimage"},"image":{"@id":"https:\/\/www.betaminic.com\/es\/guia-de-apuestas\/tipos-de-apuestas\/#primaryimage"},"thumbnailUrl":"https:\/\/www.betaminic.com\/wp-content\/uploads\/2019\/08\/choose.jpg","datePublished":"2016-09-16T14:33:38+00:00","dateModified":"2019-08-15T16:43:20+00:00","description":"Disfruta de nuesta Gu\u00eda sobre tipos de apuestas deportivas.\u00a1Aprende con nosotros!","breadcrumb":{"@id":"https:\/\/www.betaminic.com\/es\/guia-de-apuestas\/tipos-de-apuestas\/#breadcrumb"},"inLanguage":"es","potentialAction":[{"@type":"ReadAction","target":["https:\/\/www.betaminic.com\/es\/guia-de-apuestas\/tipos-de-apuestas\/"]}]},{"@type":"ImageObject","inLanguage":"es","@id":"https:\/\/www.betaminic.com\/es\/guia-de-apuestas\/tipos-de-apuestas\/#primaryimage","url":"https:\/\/www.betaminic.com\/wp-content\/uploads\/2019\/08\/choose.jpg","contentUrl":"https:\/\/www.betaminic.com\/wp-content\/uploads\/2019\/08\/choose.jpg"},{"@type":"BreadcrumbList","@id":"https:\/\/www.betaminic.com\/es\/guia-de-apuestas\/tipos-de-apuestas\/#breadcrumb","itemListElement":[{"@type":"ListItem","position":1,"name":"Home","item":"https:\/\/www.betaminic.com\/es\/"},{"@type":"ListItem","position":2,"name":"Gu\u00edas de Apuestas","item":"https:\/\/www.betaminic.com\/es\/guia-de-apuestas\/"},{"@type":"ListItem","position":3,"name":"Tipos de Apuestas"}]},{"@type":"WebSite","@id":"https:\/\/www.betaminic.com\/es\/#website","url":"https:\/\/www.betaminic.com\/es\/","name":"Betaminic.com","description":"","publisher":{"@id":"https:\/\/www.betaminic.com\/es\/#organization"},"potentialAction":[{"@type":"SearchAction","target":{"@type":"EntryPoint","urlTemplate":"https:\/\/www.betaminic.com\/es\/?s={search_term_string}"},"query-input":{"@type":"PropertyValueSpecification","valueRequired":true,"valueName":"search_term_string"}}],"inLanguage":"es"},{"@type":"Organization","@id":"https:\/\/www.betaminic.com\/es\/#organization","name":"Betaminic Bigdata Solutions, S.L.","alternateName":"Betaminic","url":"https:\/\/www.betaminic.com\/es\/","logo":{"@type":"ImageObject","inLanguage":"es","@id":"https:\/\/www.betaminic.com\/es\/#\/schema\/logo\/image\/","url":"https:\/\/www.betaminic.com\/wp-content\/uploads\/2017\/09\/betaminic-front-logo.png","contentUrl":"https:\/\/www.betaminic.com\/wp-content\/uploads\/2017\/09\/betaminic-front-logo.png","width":250,"height":67,"caption":"Betaminic Bigdata Solutions, S.L."},"image":{"@id":"https:\/\/www.betaminic.com\/es\/#\/schema\/logo\/image\/"},"sameAs":["https:\/\/www.facebook.com\/betaminic\/","https:\/\/x.com\/betaminic","https:\/\/www.youtube.com\/channel\/UCO8zcebQOIOw2Bqi-wpMafQ"]}]}},"_links":{"self":[{"href":"https:\/\/www.betaminic.com\/es\/wp-json\/wp\/v2\/pages\/1911","targetHints":{"allow":["GET"]}}],"collection":[{"href":"https:\/\/www.betaminic.com\/es\/wp-json\/wp\/v2\/pages"}],"about":[{"href":"https:\/\/www.betaminic.com\/es\/wp-json\/wp\/v2\/types\/page"}],"author":[{"embeddable":true,"href":"https:\/\/www.betaminic.com\/es\/wp-json\/wp\/v2\/users\/14"}],"replies":[{"embeddable":true,"href":"https:\/\/www.betaminic.com\/es\/wp-json\/wp\/v2\/comments?post=1911"}],"version-history":[{"count":5,"href":"https:\/\/www.betaminic.com\/es\/wp-json\/wp\/v2\/pages\/1911\/revisions"}],"predecessor-version":[{"id":19922,"href":"https:\/\/www.betaminic.com\/es\/wp-json\/wp\/v2\/pages\/1911\/revisions\/19922"}],"up":[{"embeddable":true,"href":"https:\/\/www.betaminic.com\/es\/wp-json\/wp\/v2\/pages\/1899"}],"wp:attachment":[{"href":"https:\/\/www.betaminic.com\/es\/wp-json\/wp\/v2\/media?parent=1911"}],"curies":[{"name":"wp","href":"https:\/\/api.w.org\/{rel}","templated":true}]}}