{"id":19373,"date":"2019-07-25T12:01:53","date_gmt":"2019-07-25T10:01:53","guid":{"rendered":"https:\/\/www.betaminic.com\/?page_id=19373\/"},"modified":"2021-07-12T15:59:27","modified_gmt":"2021-07-12T13:59:27","slug":"preguntas-frecuentes","status":"publish","type":"page","link":"https:\/\/www.betaminic.com\/es\/betlamp\/preguntas-frecuentes\/","title":{"rendered":"Betlamp &#8211; Preguntas frecuentes"},"content":{"rendered":"            <div class=\"qae-faqs-container qae-faqs-toggle-container\">\n\t\t\t\t\t\t\t<ul class=\"qe-faqs-filters-container\">\n\t\t\t\t<li class=\"active\"><a class=\"qe-faqs-filter all-faqs\" href=\"#\" data-filter=\"*\">Todo<\/a><\/li>\n\t\t\t\t<li><a class=\"qe-faqs-filter\" href=\"#faqs-betlamp-espanol\" data-filter=\".faqs-betlamp-espanol\">FAQs Betlamp Espa\u00f1ol<\/a><\/li>\t\t\t<\/ul>\n\t\t\t\t\t<div id=\"qaef-19413\" class=\"qe-faq-toggle faqs-betlamp-espanol\">\n\t\t\t<div class=\"qe-toggle-title\">\n\t\t\t\t<h4>\n\t\t\t\t\t<i class=\"fa fa-minus-circle\"><\/i> \u00bfQu\u00e9 es Betlamp?\t\t\t\t<\/h4>\n\t\t\t<\/div>\n\t\t\t<div class=\"qe-toggle-content\">\n\t\t\t\t<p>Betlamp es\u00a0una incre\u00edble herramienta de estad\u00edsticas, complemento perfecto de <a href=\"https:\/\/www.betaminic.com\/es\/registrate\/\" target=\"_blank\" rel=\"noopener\">Betamin Builder<\/a> y totalmente gratuito. Podr\u00e1s configurar tus propios filtros y recibir alertas por email de los partidos que cumplan con las condiciones establecidas. Herramienta muy f\u00e1cil de utilizar, y donde encontrar\u00e1s 20 mercados de apuestas, 54 ligas de f\u00fatbol y m\u00e1s de 300 filtros para combinar.<\/p>\n\t\t\t<\/div>\n\t\t<\/div>\n\t\t\t\t<div id=\"qaef-19420\" class=\"qe-faq-toggle faqs-betlamp-espanol\">\n\t\t\t<div class=\"qe-toggle-title\">\n\t\t\t\t<h4>\n\t\t\t\t\t<i class=\"fa fa-minus-circle\"><\/i> \u00bfC\u00f3mo funciona la herramienta de estad\u00edsticas?\t\t\t\t<\/h4>\n\t\t\t<\/div>\n\t\t\t<div class=\"qe-toggle-content\">\n\t\t\t\t<p>Con la herramienta de estad\u00edsticas descubrir\u00e1s una forma innovadora y eficaz de buscar tendencias que de otra forma te llevar\u00eda mucho tiempo y esfuerzo. Podr\u00e1s crear tus propios filtros personalizados y recibir\u00e1s c\u00f3modamente en tu email los partidos que cumplan las condiciones establecidas. Puedes leer nuestra gu\u00eda de usuario para ver en detalle <a href=\"https:\/\/www.betaminic.com\/es\/betlamp\/como-funciona\/\" target=\"_blank\" rel=\"noopener\">c\u00f3mo funciona<\/a>.<\/p>\n\t\t\t<\/div>\n\t\t<\/div>\n\t\t\t\t<div id=\"qaef-19442\" class=\"qe-faq-toggle faqs-betlamp-espanol\">\n\t\t\t<div class=\"qe-toggle-title\">\n\t\t\t\t<h4>\n\t\t\t\t\t<i class=\"fa fa-minus-circle\"><\/i> \u00bfQu\u00e9 deportes se ofrecen en el servicio de estad\u00edsticas?\t\t\t\t<\/h4>\n\t\t\t<\/div>\n\t\t\t<div class=\"qe-toggle-content\">\n\t\t\t\t<p>Ahora mismo el servicio est\u00e1 centrado en las ligas de f\u00fatbol, pero en nuestros planes est\u00e1 el a\u00f1adir m\u00e1s deportes.<\/p>\n\t\t\t<\/div>\n\t\t<\/div>\n\t\t\t\t<div id=\"qaef-19440\" class=\"qe-faq-toggle faqs-betlamp-espanol\">\n\t\t\t<div class=\"qe-toggle-title\">\n\t\t\t\t<h4>\n\t\t\t\t\t<i class=\"fa fa-minus-circle\"><\/i> \u00bfCu\u00e1ntas ligas de f\u00fatbol tiene la herramienta de estad\u00edsticas?\t\t\t\t<\/h4>\n\t\t\t<\/div>\n\t\t\t<div class=\"qe-toggle-content\">\n\t\t\t\t<p>Actualmente disponemos de las 111 ligas mejores ligas de f\u00fatbol, pero nuestra intenci\u00f3n es ir incrementando esa cifra peri\u00f3dicamente.<\/p>\n\t\t\t<\/div>\n\t\t<\/div>\n\t\t\t\t<div id=\"qaef-19438\" class=\"qe-faq-toggle faqs-betlamp-espanol\">\n\t\t\t<div class=\"qe-toggle-title\">\n\t\t\t\t<h4>\n\t\t\t\t\t<i class=\"fa fa-minus-circle\"><\/i> \u00bfC\u00f3mo crear y guardar una alerta?\t\t\t\t<\/h4>\n\t\t\t<\/div>\n\t\t\t<div class=\"qe-toggle-content\">\n\t\t\t\t<p>En nuestra <a href=\"https:\/\/www.betaminic.com\/es\/betlamp\/como-funciona\/\" target=\"_blank\" rel=\"noopener\">gu\u00eda de usuario<\/a> encontrar\u00e1s la ayuda necesaria para crear filtros y condiciones y as\u00ed recibir los partidos en tu email de una forma c\u00f3moda y eficiente.<\/p>\n\t\t\t<\/div>\n\t\t<\/div>\n\t\t\t\t<div id=\"qaef-19430\" class=\"qe-faq-toggle faqs-betlamp-espanol\">\n\t\t\t<div class=\"qe-toggle-title\">\n\t\t\t\t<h4>\n\t\t\t\t\t<i class=\"fa fa-minus-circle\"><\/i> \u00bfCon qu\u00e9 frecuencia se actualiza la base de datos?\t\t\t\t<\/h4>\n\t\t\t<\/div>\n\t\t\t<div class=\"qe-toggle-content\">\n\t\t\t\t<p>La base de datos se actualiza constantemente.<\/p>\n\t\t\t<\/div>\n\t\t<\/div>\n\t\t\t\t<div id=\"qaef-19426\" class=\"qe-faq-toggle faqs-betlamp-espanol\">\n\t\t\t<div class=\"qe-toggle-title\">\n\t\t\t\t<h4>\n\t\t\t\t\t<i class=\"fa fa-minus-circle\"><\/i> \u00bfPuedo repetir el nombre de una alerta?\t\t\t\t<\/h4>\n\t\t\t<\/div>\n\t\t\t<div class=\"qe-toggle-content\">\n\t\t\t\t<p>No, los nombres de las alertas son \u00fanicos y no pueden repetirse. De esta forma, te ser\u00e1 m\u00e1s f\u00e1cil identificar las alertas con las condiciones que estableces en cada una de ellos, al no estar duplicadas.<\/p>\n\t\t\t<\/div>\n\t\t<\/div>\n\t\t\t\t<div id=\"qaef-19422\" class=\"qe-faq-toggle faqs-betlamp-espanol\">\n\t\t\t<div class=\"qe-toggle-title\">\n\t\t\t\t<h4>\n\t\t\t\t\t<i class=\"fa fa-minus-circle\"><\/i> Sugerencias\t\t\t\t<\/h4>\n\t\t\t<\/div>\n\t\t\t<div class=\"qe-toggle-content\">\n\t\t\t\t<p>Para nosotros es muy importante conocer de primera mano tu opini\u00f3n y as\u00ed poder construir herramientas que cubran todas tus necesidades. Cualquier mejora sobre el servicio actual o si quieres que desarrollemos alguna herramienta en particular, por favor env\u00edanos un email a\u00a0<a href=\"mailto:su*****@*******ic.com\" data-original-string=\"xPZARvWflclVXvCMDU1JYA==8e99LEuGTc7R8M5EJxlPtFwuz4CdXO2ozZ\/ZBE63SbOhQ8=\" title=\"Este contacto ha sido codificado por Anti-Spam by CleanTalk. Haz clic para decodificar. Para finalizar la decodificaci\u00f3n, aseg\u00farate de que JavaScript est\u00e1 activado en tu navegador.\"><span data-original-string='W5F7FJRsMKi6\/k7wmOfwNg==8e9yGUGrjvOrWUu0UO09rbFTu6niHyHFiu4tQ5CoglT1Yw=' class='apbct-email-encoder' title='Este contacto ha sido codificado por Anti-Spam by CleanTalk. Haz clic para decodificar. Para finalizar la decodificaci\u00f3n, aseg\u00farate de que JavaScript est\u00e1 activado en tu navegador.'>su<span class=\"apbct-blur\">*****<\/span>@<span class=\"apbct-blur\">*******<\/span>ic.com<\/span><\/a>\u00a0o a trav\u00e9s de nuestro formulario de contacto que encontrar\u00e1s debajo y lo analizaremos en detalle. Tu opini\u00f3n es muy importante para nosotros. \u00a1Muchas gracias!<\/p>\n\t\t\t<\/div>\n\t\t<\/div>\n\t\t            <\/div>\n\t\t\n<p>&nbsp;<\/p>\n","protected":false},"excerpt":{"rendered":"<p class=\"post-excerpt\">&nbsp;\n<\/p>","protected":false},"author":37,"featured_media":0,"parent":19472,"menu_order":0,"comment_status":"closed","ping_status":"closed","template":"","meta":{"footnotes":""},"class_list":["post-19373","page","type-page","status-publish","hentry"],"yoast_head":"<!-- This site is optimized with the Yoast SEO plugin v27.3 - https:\/\/yoast.com\/product\/yoast-seo-wordpress\/ -->\n<title>Betlamp - Preguntas frecuentes - Betaminic.com<\/title>\n<meta name=\"robots\" content=\"index, follow, max-snippet:-1, max-image-preview:large, max-video-preview:-1\" \/>\n<link rel=\"canonical\" href=\"https:\/\/www.betaminic.com\/es\/betlamp\/preguntas-frecuentes\/\" \/>\n<meta property=\"og:locale\" content=\"es_ES\" \/>\n<meta property=\"og:type\" content=\"article\" \/>\n<meta property=\"og:title\" content=\"Betlamp - Preguntas frecuentes - Betaminic.com\" \/>\n<meta property=\"og:description\" content=\"&nbsp;\" \/>\n<meta property=\"og:url\" content=\"https:\/\/www.betaminic.com\/es\/betlamp\/preguntas-frecuentes\/\" \/>\n<meta property=\"og:site_name\" content=\"Betaminic.com\" \/>\n<meta property=\"article:publisher\" content=\"https:\/\/www.facebook.com\/betaminic\/\" \/>\n<meta property=\"article:modified_time\" content=\"2021-07-12T13:59:27+00:00\" \/>\n<meta name=\"twitter:card\" content=\"summary_large_image\" \/>\n<meta name=\"twitter:site\" content=\"@betaminic\" \/>\n<script type=\"application\/ld+json\" class=\"yoast-schema-graph\">{\"@context\":\"https:\\\/\\\/schema.org\",\"@graph\":[{\"@type\":\"WebPage\",\"@id\":\"https:\\\/\\\/www.betaminic.com\\\/es\\\/betlamp\\\/preguntas-frecuentes\\\/\",\"url\":\"https:\\\/\\\/www.betaminic.com\\\/es\\\/betlamp\\\/preguntas-frecuentes\\\/\",\"name\":\"Betlamp - Preguntas frecuentes - Betaminic.com\",\"isPartOf\":{\"@id\":\"https:\\\/\\\/www.betaminic.com\\\/es\\\/#website\"},\"datePublished\":\"2019-07-25T10:01:53+00:00\",\"dateModified\":\"2021-07-12T13:59:27+00:00\",\"breadcrumb\":{\"@id\":\"https:\\\/\\\/www.betaminic.com\\\/es\\\/betlamp\\\/preguntas-frecuentes\\\/#breadcrumb\"},\"inLanguage\":\"es\",\"potentialAction\":[{\"@type\":\"ReadAction\",\"target\":[\"https:\\\/\\\/www.betaminic.com\\\/es\\\/betlamp\\\/preguntas-frecuentes\\\/\"]}]},{\"@type\":\"BreadcrumbList\",\"@id\":\"https:\\\/\\\/www.betaminic.com\\\/es\\\/betlamp\\\/preguntas-frecuentes\\\/#breadcrumb\",\"itemListElement\":[{\"@type\":\"ListItem\",\"position\":1,\"name\":\"Home\",\"item\":\"https:\\\/\\\/www.betaminic.com\\\/es\\\/\"},{\"@type\":\"ListItem\",\"position\":2,\"name\":\"\u00bfQu\u00e9 es Betlamp?\",\"item\":\"https:\\\/\\\/www.betaminic.com\\\/es\\\/betlamp\\\/\"},{\"@type\":\"ListItem\",\"position\":3,\"name\":\"Betlamp &#8211; Preguntas frecuentes\"}]},{\"@type\":\"WebSite\",\"@id\":\"https:\\\/\\\/www.betaminic.com\\\/es\\\/#website\",\"url\":\"https:\\\/\\\/www.betaminic.com\\\/es\\\/\",\"name\":\"Betaminic.com\",\"description\":\"\",\"publisher\":{\"@id\":\"https:\\\/\\\/www.betaminic.com\\\/es\\\/#organization\"},\"potentialAction\":[{\"@type\":\"SearchAction\",\"target\":{\"@type\":\"EntryPoint\",\"urlTemplate\":\"https:\\\/\\\/www.betaminic.com\\\/es\\\/?s={search_term_string}\"},\"query-input\":{\"@type\":\"PropertyValueSpecification\",\"valueRequired\":true,\"valueName\":\"search_term_string\"}}],\"inLanguage\":\"es\"},{\"@type\":\"Organization\",\"@id\":\"https:\\\/\\\/www.betaminic.com\\\/es\\\/#organization\",\"name\":\"Betaminic Bigdata Solutions, S.L.\",\"alternateName\":\"Betaminic\",\"url\":\"https:\\\/\\\/www.betaminic.com\\\/es\\\/\",\"logo\":{\"@type\":\"ImageObject\",\"inLanguage\":\"es\",\"@id\":\"https:\\\/\\\/www.betaminic.com\\\/es\\\/#\\\/schema\\\/logo\\\/image\\\/\",\"url\":\"https:\\\/\\\/www.betaminic.com\\\/wp-content\\\/uploads\\\/2017\\\/09\\\/betaminic-front-logo.png\",\"contentUrl\":\"https:\\\/\\\/www.betaminic.com\\\/wp-content\\\/uploads\\\/2017\\\/09\\\/betaminic-front-logo.png\",\"width\":250,\"height\":67,\"caption\":\"Betaminic Bigdata Solutions, S.L.\"},\"image\":{\"@id\":\"https:\\\/\\\/www.betaminic.com\\\/es\\\/#\\\/schema\\\/logo\\\/image\\\/\"},\"sameAs\":[\"https:\\\/\\\/www.facebook.com\\\/betaminic\\\/\",\"https:\\\/\\\/x.com\\\/betaminic\",\"https:\\\/\\\/www.youtube.com\\\/channel\\\/UCO8zcebQOIOw2Bqi-wpMafQ\"]}]}<\/script>\n<!-- \/ Yoast SEO plugin. -->","yoast_head_json":{"title":"Betlamp - Preguntas frecuentes - Betaminic.com","robots":{"index":"index","follow":"follow","max-snippet":"max-snippet:-1","max-image-preview":"max-image-preview:large","max-video-preview":"max-video-preview:-1"},"canonical":"https:\/\/www.betaminic.com\/es\/betlamp\/preguntas-frecuentes\/","og_locale":"es_ES","og_type":"article","og_title":"Betlamp - Preguntas frecuentes - Betaminic.com","og_description":"&nbsp;","og_url":"https:\/\/www.betaminic.com\/es\/betlamp\/preguntas-frecuentes\/","og_site_name":"Betaminic.com","article_publisher":"https:\/\/www.facebook.com\/betaminic\/","article_modified_time":"2021-07-12T13:59:27+00:00","twitter_card":"summary_large_image","twitter_site":"@betaminic","schema":{"@context":"https:\/\/schema.org","@graph":[{"@type":"WebPage","@id":"https:\/\/www.betaminic.com\/es\/betlamp\/preguntas-frecuentes\/","url":"https:\/\/www.betaminic.com\/es\/betlamp\/preguntas-frecuentes\/","name":"Betlamp - Preguntas frecuentes - Betaminic.com","isPartOf":{"@id":"https:\/\/www.betaminic.com\/es\/#website"},"datePublished":"2019-07-25T10:01:53+00:00","dateModified":"2021-07-12T13:59:27+00:00","breadcrumb":{"@id":"https:\/\/www.betaminic.com\/es\/betlamp\/preguntas-frecuentes\/#breadcrumb"},"inLanguage":"es","potentialAction":[{"@type":"ReadAction","target":["https:\/\/www.betaminic.com\/es\/betlamp\/preguntas-frecuentes\/"]}]},{"@type":"BreadcrumbList","@id":"https:\/\/www.betaminic.com\/es\/betlamp\/preguntas-frecuentes\/#breadcrumb","itemListElement":[{"@type":"ListItem","position":1,"name":"Home","item":"https:\/\/www.betaminic.com\/es\/"},{"@type":"ListItem","position":2,"name":"\u00bfQu\u00e9 es Betlamp?","item":"https:\/\/www.betaminic.com\/es\/betlamp\/"},{"@type":"ListItem","position":3,"name":"Betlamp &#8211; Preguntas frecuentes"}]},{"@type":"WebSite","@id":"https:\/\/www.betaminic.com\/es\/#website","url":"https:\/\/www.betaminic.com\/es\/","name":"Betaminic.com","description":"","publisher":{"@id":"https:\/\/www.betaminic.com\/es\/#organization"},"potentialAction":[{"@type":"SearchAction","target":{"@type":"EntryPoint","urlTemplate":"https:\/\/www.betaminic.com\/es\/?s={search_term_string}"},"query-input":{"@type":"PropertyValueSpecification","valueRequired":true,"valueName":"search_term_string"}}],"inLanguage":"es"},{"@type":"Organization","@id":"https:\/\/www.betaminic.com\/es\/#organization","name":"Betaminic Bigdata Solutions, S.L.","alternateName":"Betaminic","url":"https:\/\/www.betaminic.com\/es\/","logo":{"@type":"ImageObject","inLanguage":"es","@id":"https:\/\/www.betaminic.com\/es\/#\/schema\/logo\/image\/","url":"https:\/\/www.betaminic.com\/wp-content\/uploads\/2017\/09\/betaminic-front-logo.png","contentUrl":"https:\/\/www.betaminic.com\/wp-content\/uploads\/2017\/09\/betaminic-front-logo.png","width":250,"height":67,"caption":"Betaminic Bigdata Solutions, S.L."},"image":{"@id":"https:\/\/www.betaminic.com\/es\/#\/schema\/logo\/image\/"},"sameAs":["https:\/\/www.facebook.com\/betaminic\/","https:\/\/x.com\/betaminic","https:\/\/www.youtube.com\/channel\/UCO8zcebQOIOw2Bqi-wpMafQ"]}]}},"_links":{"self":[{"href":"https:\/\/www.betaminic.com\/es\/wp-json\/wp\/v2\/pages\/19373","targetHints":{"allow":["GET"]}}],"collection":[{"href":"https:\/\/www.betaminic.com\/es\/wp-json\/wp\/v2\/pages"}],"about":[{"href":"https:\/\/www.betaminic.com\/es\/wp-json\/wp\/v2\/types\/page"}],"author":[{"embeddable":true,"href":"https:\/\/www.betaminic.com\/es\/wp-json\/wp\/v2\/users\/37"}],"replies":[{"embeddable":true,"href":"https:\/\/www.betaminic.com\/es\/wp-json\/wp\/v2\/comments?post=19373"}],"version-history":[{"count":5,"href":"https:\/\/www.betaminic.com\/es\/wp-json\/wp\/v2\/pages\/19373\/revisions"}],"predecessor-version":[{"id":26873,"href":"https:\/\/www.betaminic.com\/es\/wp-json\/wp\/v2\/pages\/19373\/revisions\/26873"}],"up":[{"embeddable":true,"href":"https:\/\/www.betaminic.com\/es\/wp-json\/wp\/v2\/pages\/19472"}],"wp:attachment":[{"href":"https:\/\/www.betaminic.com\/es\/wp-json\/wp\/v2\/media?parent=19373"}],"curies":[{"name":"wp","href":"https:\/\/api.w.org\/{rel}","templated":true}]}}