{"id":20480,"date":"2019-10-11T11:24:59","date_gmt":"2019-10-11T09:24:59","guid":{"rendered":"https:\/\/www.betaminic.com\/?page_id=20480\/"},"modified":"2019-10-15T16:57:51","modified_gmt":"2019-10-15T14:57:51","slug":"como-recibir-los-picks-de-las-estrategias","status":"publish","type":"page","link":"https:\/\/www.betaminic.com\/es\/como-recibir-los-picks-de-las-estrategias\/","title":{"rendered":"C\u00f3mo recibir los picks de las estrategias"},"content":{"rendered":"<p>Para recibir los picks de las estrategias privadas (aquellas creadas por ti) o de las estrategias p\u00fablicas (las compartidas por otros usuarios de nuestra comunidad), el proceso es muy sencillo, estos son los pasos a seguir:<\/p>\n<ul>\n<li>Si no tienes una cuenta creada en Betaminic, reg\u00edstrate en nuestra web, <a href=\"https:\/\/www.betaminic.com\/es\/registrate\/\" target=\"_blank\" rel=\"noopener\">haz clic aqu\u00ed para ir directamente.<\/a><\/li>\n<li>Compra el paquete que desees para recibir los picks de la estrategia. <a href=\"https:\/\/www.betaminic.com\/es\/betamin-builder\/precios\/\" target=\"_blank\" rel=\"noopener\">Selecciona un plan pinchando aqu\u00ed.<\/a><\/li>\n<li><strong>Inicia sesi\u00f3n<\/strong>\u00a0en la\u00a0herramienta\u00a0<a href=\"https:\/\/www.betaminic.com\/system\/iniciar_sesion\" target=\"_blank\" rel=\"noopener\" data-saferedirecturl=\"https:\/\/www.google.com\/url?q=http:\/\/links.betaminic.com\/wf\/click?upn%3D72GeCQvrPgvdjRi83f2Qo1j3gDVvRpNh2g6uq3e3dTaU2aaYIDazrLLZSZoSVyOh5Vs-2FKxR0AHUcl9haf3UGyQ-3D-3D_xxlFrwr0CLoyNfCJKtWn8OR1LV5z-2BaIv5qFQxpYBk0PakATEJpnS86qxkqjqTTJ83pGp4lihM8J7aQLE8JE7tYydFWU37bW8QKI-2FCel2M3T7jfwfLGrS76dKYe71DU7EWUE-2BX33DPS0Ok9pjvy-2BjdeYLZL3cVZ4mV6RY7SSgh-2BdijbOdeDuw5i4gj-2BPadMH7oYfefTE-2BdJj6td0AqUEZT-2BwDgq3twKEM7lev-2BoKZTpwba7jecDXr-2FqXppR4ats8gy6pt9fwKjvfsCEb2lWkxi0DSnO6-2BFAQwIJli34joHnmTbm37k4XqCfdIr9pofnWNXVuoBLJdQyGhP6oyz33iDC5xHZMrcv9XMSlTrHSZE-2BftuNFGZxV6nY8SRzPOp6VblhasvIuSpADyUY4ThTyHupGqH7zsqfV2AY-2BdDlronmfzKtjt0GhSjg9riM-2BKOsuNEZJ3Kwsq7E6kJFwj7HGkd-2FVuGc8bfEV1fynSGALJ-2BLRWaARAdNY2n4FNzhABgpjr9Ib6HKeWa9JTYlj-2BCgz-2BzA-3D-3D&amp;source=gmail&amp;ust=1570869609573000&amp;usg=AFQjCNHxm-684smG2KS_KqoZABgEGEiCLQ\"><strong>Betamin Builder<\/strong><\/a>.<\/li>\n<li>Dir\u00edgete a\u00a0<strong>\u00abMis Estrategias\u00bb<\/strong>\u00a0o \u201c<strong>Estrategias P\u00fablicas<\/strong>\u201d en el Men\u00fa Principal.<span style=\"font-family: arial, helvetica, sans-serif;\">\u00a0<\/span><\/li>\n<\/ul>\n<p style=\"padding-left: 30px;\"><img decoding=\"async\" class=\"alignnone size-full wp-image-20484\" src=\"https:\/\/www.betaminic.com\/wp-content\/uploads\/2019\/10\/Menu_BB.png\" alt=\"\" width=\"934\" height=\"66\" srcset=\"https:\/\/www.betaminic.com\/wp-content\/uploads\/2019\/10\/Menu_BB.png 934w, https:\/\/www.betaminic.com\/wp-content\/uploads\/2019\/10\/Menu_BB-600x42.png 600w, https:\/\/www.betaminic.com\/wp-content\/uploads\/2019\/10\/Menu_BB-300x21.png 300w, https:\/\/www.betaminic.com\/wp-content\/uploads\/2019\/10\/Menu_BB-768x54.png 768w\" sizes=\"(max-width: 934px) 100vw, 934px\" \/><\/p>\n<ul>\n<li>Activa la opci\u00f3n de\u00a0<strong>recibir los Picks,\u00a0<\/strong>haciendo clic en el bot\u00f3n de Seguir, que encontrar\u00e1s a la derecha de\u00a0las estrategias que quieras recibir picks.<\/li>\n<\/ul>\n<p style=\"padding-left: 30px;\"><img decoding=\"async\" class=\"m_-8076345806088050051max-width CToWUd\" src=\"https:\/\/ci4.googleusercontent.com\/proxy\/hNqb1Eh70LikTTsuFE0AxAHYLoSsEHSgqUJ_WCm6qMZH35O2kKCs480Xy50EBA7k1d3OSHvvtO1I8B9z_rZhItMJ9rZwt94Z7oygcbSkhwlXSMB5Ojz-594Ef4n66D2OIwk4gIvynSqc5cC21wXh7v6IbS-OaylTBvQmMD-lU3OqVtxNDHAeZ6EkDPoGEk1biIfWknGFgSMt2pw7wjx6FUUpkNgwFLD1ZhIOYq-CgBnE4ezlEvefmcy6qA3_PGGMCS8wUsiJxZ7WCg6ihhnLpI5Ax34=s0-d-e1-ft#https:\/\/marketing-image-production.s3.amazonaws.com\/uploads\/1c82c4c731813d26ffd349ba1be3f25ee2fa3941a655a0e1d9ff8a4fad0e8d94427aa00bf8ee934ba7fa4a46c7e28af999cc89de00e9ac5825ebdd11946c2f79.png\" alt=\"\" width=\"195\" height=\"45\" border=\"0\" \/><\/p>\n<ul>\n<li>No tienes que hacer nada m\u00e1s. Comenzar\u00e1s a recibir los picks en tu cuenta de correo tan pronto se cumplan las condiciones de la estrategia (comprueba tu bandeja de correo no deseado).<\/li>\n<li>Adem\u00e1s de recibir los picks por correo electr\u00f3nico, podr\u00e1s visualizar los picks pendientes de los partidos no disputados en la secci\u00f3n \u00abMis Picks\u00bb del men\u00fa principal.<\/li>\n<\/ul>\n<p style=\"padding-left: 30px;\"><img decoding=\"async\" class=\"alignnone size-full wp-image-20488\" src=\"https:\/\/www.betaminic.com\/wp-content\/uploads\/2019\/10\/Picks_pendientes.png\" alt=\"\" width=\"553\" height=\"151\" srcset=\"https:\/\/www.betaminic.com\/wp-content\/uploads\/2019\/10\/Picks_pendientes.png 553w, https:\/\/www.betaminic.com\/wp-content\/uploads\/2019\/10\/Picks_pendientes-300x82.png 300w\" sizes=\"(max-width: 553px) 100vw, 553px\" \/><\/p>\n<ul>\n<li>Cada vez que recibas picks de las estrategias, se deducir\u00e1n del total de picks\u00a0que tengas en tu cuenta. En la parte superior derecha del men\u00fa principal encontrar\u00e1s un Contador donde te muestra los picks que te quedan en tu cuenta.<\/li>\n<\/ul>\n<p style=\"padding-left: 30px;\"><img decoding=\"async\" class=\"alignnone size-full wp-image-20486\" src=\"https:\/\/www.betaminic.com\/wp-content\/uploads\/2019\/10\/Contador.png\" alt=\"\" width=\"259\" height=\"61\" \/><\/p>\n<p>Si tienes cualquier duda en el proceso, puedes contactar con nosotros a trav\u00e9s del <a href=\"https:\/\/www.betaminic.com\/es\/contacto\/\" target=\"_blank\" rel=\"noopener\">formulario de contacto<\/a> o mediante correcto electr\u00f3nico a\u00a0<a href=\"mailto:su*****@*******ic.com\" data-original-string=\"5T63VPyb\/izqtlcY3kEpeg==8e9zEdiH0Zeo23myRnyfoRI6fVERfTuEc+uxFRD6DbFUto=\" title=\"Este contacto ha sido codificado por Anti-Spam by CleanTalk. Haz clic para decodificar. Para finalizar la decodificaci\u00f3n, aseg\u00farate de que JavaScript est\u00e1 activado en tu navegador.\"><span \n                data-original-string='3U8cARNChkyhLmgJYY62aw==8e94txER6pQUoRg0qBlK2o4CbFl3BhMrQwh8iGxPhDsd4g='\n                class='apbct-email-encoder'\n                title='Este contacto ha sido codificado por Anti-Spam by CleanTalk. Haz clic para decodificar. Para finalizar la decodificaci\u00f3n, aseg\u00farate de que JavaScript est\u00e1 activado en tu navegador.'>su<span class=\"apbct-blur\">*****<\/span>@<span class=\"apbct-blur\">*******<\/span>ic.com<\/span><\/a>\u00a0y os responderemos lo antes posible.<\/p>\n","protected":false},"excerpt":{"rendered":"<p class=\"post-excerpt\">Para recibir los picks de las estrategias privadas (aquellas creadas por ti) o de las estrategias p\u00fablicas (las compartidas por otros usuarios de nuestra comunidad), el proceso es muy sencillo, estos son los pasos a seguir: Si no tienes una cuenta creada en Betaminic, reg\u00edstrate en nuestra web, haz clic aqu\u00ed para ir directamente. Compra&#8230;\n<\/p>","protected":false},"author":37,"featured_media":0,"parent":0,"menu_order":0,"comment_status":"closed","ping_status":"closed","template":"","meta":{"footnotes":""},"class_list":["post-20480","page","type-page","status-publish","hentry"],"yoast_head":"<!-- This site is optimized with the Yoast SEO plugin v27.5 - https:\/\/yoast.com\/product\/yoast-seo-wordpress\/ -->\n<title>C\u00f3mo recibir los picks de las estrategias - Betaminic.com<\/title>\n<meta name=\"description\" content=\"Tutorial Para recibir los picks de las estrategias privadas creadas por ti o de las estrategias p\u00fablicas compartidas por otros usuarios de nuestra comunidad\" \/>\n<meta name=\"robots\" content=\"index, follow, max-snippet:-1, max-image-preview:large, max-video-preview:-1\" \/>\n<link rel=\"canonical\" href=\"https:\/\/www.betaminic.com\/es\/como-recibir-los-picks-de-las-estrategias\/\" \/>\n<meta property=\"og:locale\" content=\"es_ES\" \/>\n<meta property=\"og:type\" content=\"article\" \/>\n<meta property=\"og:title\" content=\"C\u00f3mo recibir los picks de las estrategias - Betaminic.com\" \/>\n<meta property=\"og:description\" content=\"Tutorial Para recibir los picks de las estrategias privadas creadas por ti o de las estrategias p\u00fablicas compartidas por otros usuarios de nuestra comunidad\" \/>\n<meta property=\"og:url\" content=\"https:\/\/www.betaminic.com\/es\/como-recibir-los-picks-de-las-estrategias\/\" \/>\n<meta property=\"og:site_name\" content=\"Betaminic.com\" \/>\n<meta property=\"article:publisher\" content=\"https:\/\/www.facebook.com\/betaminic\/\" \/>\n<meta property=\"article:modified_time\" content=\"2019-10-15T14:57:51+00:00\" \/>\n<meta property=\"og:image\" content=\"https:\/\/www.betaminic.com\/wp-content\/uploads\/2019\/10\/Menu_BB.png\" \/>\n<meta name=\"twitter:card\" content=\"summary_large_image\" \/>\n<meta name=\"twitter:site\" content=\"@betaminic\" \/>\n<meta name=\"twitter:label1\" content=\"Tiempo de lectura\" \/>\n\t<meta name=\"twitter:data1\" content=\"1 minuto\" \/>\n<script type=\"application\/ld+json\" class=\"yoast-schema-graph\">{\"@context\":\"https:\\\/\\\/schema.org\",\"@graph\":[{\"@type\":\"WebPage\",\"@id\":\"https:\\\/\\\/www.betaminic.com\\\/es\\\/como-recibir-los-picks-de-las-estrategias\\\/\",\"url\":\"https:\\\/\\\/www.betaminic.com\\\/es\\\/como-recibir-los-picks-de-las-estrategias\\\/\",\"name\":\"C\u00f3mo recibir los picks de las estrategias - Betaminic.com\",\"isPartOf\":{\"@id\":\"https:\\\/\\\/www.betaminic.com\\\/es\\\/#website\"},\"primaryImageOfPage\":{\"@id\":\"https:\\\/\\\/www.betaminic.com\\\/es\\\/como-recibir-los-picks-de-las-estrategias\\\/#primaryimage\"},\"image\":{\"@id\":\"https:\\\/\\\/www.betaminic.com\\\/es\\\/como-recibir-los-picks-de-las-estrategias\\\/#primaryimage\"},\"thumbnailUrl\":\"https:\\\/\\\/www.betaminic.com\\\/wp-content\\\/uploads\\\/2019\\\/10\\\/Menu_BB.png\",\"datePublished\":\"2019-10-11T09:24:59+00:00\",\"dateModified\":\"2019-10-15T14:57:51+00:00\",\"description\":\"Tutorial Para recibir los picks de las estrategias privadas creadas por ti o de las estrategias p\u00fablicas compartidas por otros usuarios de nuestra comunidad\",\"breadcrumb\":{\"@id\":\"https:\\\/\\\/www.betaminic.com\\\/es\\\/como-recibir-los-picks-de-las-estrategias\\\/#breadcrumb\"},\"inLanguage\":\"es\",\"potentialAction\":[{\"@type\":\"ReadAction\",\"target\":[\"https:\\\/\\\/www.betaminic.com\\\/es\\\/como-recibir-los-picks-de-las-estrategias\\\/\"]}]},{\"@type\":\"ImageObject\",\"inLanguage\":\"es\",\"@id\":\"https:\\\/\\\/www.betaminic.com\\\/es\\\/como-recibir-los-picks-de-las-estrategias\\\/#primaryimage\",\"url\":\"https:\\\/\\\/www.betaminic.com\\\/wp-content\\\/uploads\\\/2019\\\/10\\\/Menu_BB.png\",\"contentUrl\":\"https:\\\/\\\/www.betaminic.com\\\/wp-content\\\/uploads\\\/2019\\\/10\\\/Menu_BB.png\"},{\"@type\":\"BreadcrumbList\",\"@id\":\"https:\\\/\\\/www.betaminic.com\\\/es\\\/como-recibir-los-picks-de-las-estrategias\\\/#breadcrumb\",\"itemListElement\":[{\"@type\":\"ListItem\",\"position\":1,\"name\":\"Home\",\"item\":\"https:\\\/\\\/www.betaminic.com\\\/es\\\/\"},{\"@type\":\"ListItem\",\"position\":2,\"name\":\"C\u00f3mo recibir los picks de las estrategias\"}]},{\"@type\":\"WebSite\",\"@id\":\"https:\\\/\\\/www.betaminic.com\\\/es\\\/#website\",\"url\":\"https:\\\/\\\/www.betaminic.com\\\/es\\\/\",\"name\":\"Betaminic.com\",\"description\":\"\",\"publisher\":{\"@id\":\"https:\\\/\\\/www.betaminic.com\\\/es\\\/#organization\"},\"potentialAction\":[{\"@type\":\"SearchAction\",\"target\":{\"@type\":\"EntryPoint\",\"urlTemplate\":\"https:\\\/\\\/www.betaminic.com\\\/es\\\/?s={search_term_string}\"},\"query-input\":{\"@type\":\"PropertyValueSpecification\",\"valueRequired\":true,\"valueName\":\"search_term_string\"}}],\"inLanguage\":\"es\"},{\"@type\":\"Organization\",\"@id\":\"https:\\\/\\\/www.betaminic.com\\\/es\\\/#organization\",\"name\":\"Betaminic Bigdata Solutions, S.L.\",\"alternateName\":\"Betaminic\",\"url\":\"https:\\\/\\\/www.betaminic.com\\\/es\\\/\",\"logo\":{\"@type\":\"ImageObject\",\"inLanguage\":\"es\",\"@id\":\"https:\\\/\\\/www.betaminic.com\\\/es\\\/#\\\/schema\\\/logo\\\/image\\\/\",\"url\":\"https:\\\/\\\/www.betaminic.com\\\/wp-content\\\/uploads\\\/2017\\\/09\\\/betaminic-front-logo.png\",\"contentUrl\":\"https:\\\/\\\/www.betaminic.com\\\/wp-content\\\/uploads\\\/2017\\\/09\\\/betaminic-front-logo.png\",\"width\":250,\"height\":67,\"caption\":\"Betaminic Bigdata Solutions, S.L.\"},\"image\":{\"@id\":\"https:\\\/\\\/www.betaminic.com\\\/es\\\/#\\\/schema\\\/logo\\\/image\\\/\"},\"sameAs\":[\"https:\\\/\\\/www.facebook.com\\\/betaminic\\\/\",\"https:\\\/\\\/x.com\\\/betaminic\",\"https:\\\/\\\/www.youtube.com\\\/channel\\\/UCO8zcebQOIOw2Bqi-wpMafQ\"]}]}<\/script>\n<!-- \/ Yoast SEO plugin. -->","yoast_head_json":{"title":"C\u00f3mo recibir los picks de las estrategias - Betaminic.com","description":"Tutorial Para recibir los picks de las estrategias privadas creadas por ti o de las estrategias p\u00fablicas compartidas por otros usuarios de nuestra comunidad","robots":{"index":"index","follow":"follow","max-snippet":"max-snippet:-1","max-image-preview":"max-image-preview:large","max-video-preview":"max-video-preview:-1"},"canonical":"https:\/\/www.betaminic.com\/es\/como-recibir-los-picks-de-las-estrategias\/","og_locale":"es_ES","og_type":"article","og_title":"C\u00f3mo recibir los picks de las estrategias - Betaminic.com","og_description":"Tutorial Para recibir los picks de las estrategias privadas creadas por ti o de las estrategias p\u00fablicas compartidas por otros usuarios de nuestra comunidad","og_url":"https:\/\/www.betaminic.com\/es\/como-recibir-los-picks-de-las-estrategias\/","og_site_name":"Betaminic.com","article_publisher":"https:\/\/www.facebook.com\/betaminic\/","article_modified_time":"2019-10-15T14:57:51+00:00","og_image":[{"url":"https:\/\/www.betaminic.com\/wp-content\/uploads\/2019\/10\/Menu_BB.png","type":"","width":"","height":""}],"twitter_card":"summary_large_image","twitter_site":"@betaminic","twitter_misc":{"Tiempo de lectura":"1 minuto"},"schema":{"@context":"https:\/\/schema.org","@graph":[{"@type":"WebPage","@id":"https:\/\/www.betaminic.com\/es\/como-recibir-los-picks-de-las-estrategias\/","url":"https:\/\/www.betaminic.com\/es\/como-recibir-los-picks-de-las-estrategias\/","name":"C\u00f3mo recibir los picks de las estrategias - Betaminic.com","isPartOf":{"@id":"https:\/\/www.betaminic.com\/es\/#website"},"primaryImageOfPage":{"@id":"https:\/\/www.betaminic.com\/es\/como-recibir-los-picks-de-las-estrategias\/#primaryimage"},"image":{"@id":"https:\/\/www.betaminic.com\/es\/como-recibir-los-picks-de-las-estrategias\/#primaryimage"},"thumbnailUrl":"https:\/\/www.betaminic.com\/wp-content\/uploads\/2019\/10\/Menu_BB.png","datePublished":"2019-10-11T09:24:59+00:00","dateModified":"2019-10-15T14:57:51+00:00","description":"Tutorial Para recibir los picks de las estrategias privadas creadas por ti o de las estrategias p\u00fablicas compartidas por otros usuarios de nuestra comunidad","breadcrumb":{"@id":"https:\/\/www.betaminic.com\/es\/como-recibir-los-picks-de-las-estrategias\/#breadcrumb"},"inLanguage":"es","potentialAction":[{"@type":"ReadAction","target":["https:\/\/www.betaminic.com\/es\/como-recibir-los-picks-de-las-estrategias\/"]}]},{"@type":"ImageObject","inLanguage":"es","@id":"https:\/\/www.betaminic.com\/es\/como-recibir-los-picks-de-las-estrategias\/#primaryimage","url":"https:\/\/www.betaminic.com\/wp-content\/uploads\/2019\/10\/Menu_BB.png","contentUrl":"https:\/\/www.betaminic.com\/wp-content\/uploads\/2019\/10\/Menu_BB.png"},{"@type":"BreadcrumbList","@id":"https:\/\/www.betaminic.com\/es\/como-recibir-los-picks-de-las-estrategias\/#breadcrumb","itemListElement":[{"@type":"ListItem","position":1,"name":"Home","item":"https:\/\/www.betaminic.com\/es\/"},{"@type":"ListItem","position":2,"name":"C\u00f3mo recibir los picks de las estrategias"}]},{"@type":"WebSite","@id":"https:\/\/www.betaminic.com\/es\/#website","url":"https:\/\/www.betaminic.com\/es\/","name":"Betaminic.com","description":"","publisher":{"@id":"https:\/\/www.betaminic.com\/es\/#organization"},"potentialAction":[{"@type":"SearchAction","target":{"@type":"EntryPoint","urlTemplate":"https:\/\/www.betaminic.com\/es\/?s={search_term_string}"},"query-input":{"@type":"PropertyValueSpecification","valueRequired":true,"valueName":"search_term_string"}}],"inLanguage":"es"},{"@type":"Organization","@id":"https:\/\/www.betaminic.com\/es\/#organization","name":"Betaminic Bigdata Solutions, S.L.","alternateName":"Betaminic","url":"https:\/\/www.betaminic.com\/es\/","logo":{"@type":"ImageObject","inLanguage":"es","@id":"https:\/\/www.betaminic.com\/es\/#\/schema\/logo\/image\/","url":"https:\/\/www.betaminic.com\/wp-content\/uploads\/2017\/09\/betaminic-front-logo.png","contentUrl":"https:\/\/www.betaminic.com\/wp-content\/uploads\/2017\/09\/betaminic-front-logo.png","width":250,"height":67,"caption":"Betaminic Bigdata Solutions, S.L."},"image":{"@id":"https:\/\/www.betaminic.com\/es\/#\/schema\/logo\/image\/"},"sameAs":["https:\/\/www.facebook.com\/betaminic\/","https:\/\/x.com\/betaminic","https:\/\/www.youtube.com\/channel\/UCO8zcebQOIOw2Bqi-wpMafQ"]}]}},"_links":{"self":[{"href":"https:\/\/www.betaminic.com\/es\/wp-json\/wp\/v2\/pages\/20480","targetHints":{"allow":["GET"]}}],"collection":[{"href":"https:\/\/www.betaminic.com\/es\/wp-json\/wp\/v2\/pages"}],"about":[{"href":"https:\/\/www.betaminic.com\/es\/wp-json\/wp\/v2\/types\/page"}],"author":[{"embeddable":true,"href":"https:\/\/www.betaminic.com\/es\/wp-json\/wp\/v2\/users\/37"}],"replies":[{"embeddable":true,"href":"https:\/\/www.betaminic.com\/es\/wp-json\/wp\/v2\/comments?post=20480"}],"version-history":[{"count":16,"href":"https:\/\/www.betaminic.com\/es\/wp-json\/wp\/v2\/pages\/20480\/revisions"}],"predecessor-version":[{"id":20505,"href":"https:\/\/www.betaminic.com\/es\/wp-json\/wp\/v2\/pages\/20480\/revisions\/20505"}],"wp:attachment":[{"href":"https:\/\/www.betaminic.com\/es\/wp-json\/wp\/v2\/media?parent=20480"}],"curies":[{"name":"wp","href":"https:\/\/api.w.org\/{rel}","templated":true}]}}