{"id":20533,"date":"2019-10-15T16:51:29","date_gmt":"2019-10-15T14:51:29","guid":{"rendered":"https:\/\/www.betaminic.com\/?page_id=20533\/"},"modified":"2019-10-15T16:51:29","modified_gmt":"2019-10-15T14:51:29","slug":"como-crear-estrategias-rentables-con-betamin-builder","status":"publish","type":"page","link":"https:\/\/www.betaminic.com\/es\/como-crear-estrategias-rentables-con-betamin-builder\/","title":{"rendered":"C\u00f3mo crear estrategias rentables con Betamin Builder"},"content":{"rendered":"<p>Aprende todos los pasos necesarios para crear estrategias tan rentables como la que te mostramos con la ayuda de<strong> <a href=\"https:\/\/www.betaminic.com\/system\/iniciar_sesion\" target=\"_blank\" rel=\"noopener\">Betamin Builder<\/a><\/strong>. Escoge los filtros que desees, analiza los gr\u00e1ficos y revisa los datos resumen de la estrategia antes de guardar tu estrategia.<\/p>\n<p>Crea estrategias en pocos minutos buscando tendencias que hayan funcionado a pasado, chequeando el Max Drawdown obtenido para intentar minimizar el riesgo y viendo la evoluci\u00f3n del Resultado mediante tres tipos de gr\u00e1ficas diferentes.<\/p>\n<p>Lo primero es tener una idea sobre la estrategia a crear.\u00a0 En nuestro caso, vamos a crear una estrategia que busque equipos que no tienen un alto porcentaje de M\u00e1s 2.5 goles en la temporada, obteniendo cuotas de valor a largo plazo.\u00a0 Para empezar a crear las estrategias, <a href=\"https:\/\/www.betaminic.com\/system\/iniciar_sesion\" target=\"_blank\" rel=\"noopener\">accedemos a Betamin Builder<\/a>\u00a0y dentro de la secci\u00f3n \u00abMis Estrategias\u00bb, hacemos clic en \u00abCrear estrategia\u00bb.<\/p>\n<p><img decoding=\"async\" class=\"alignnone size-full wp-image-20534\" src=\"https:\/\/www.betaminic.com\/wp-content\/uploads\/2019\/10\/Crear_Estrategia.png\" alt=\"\" width=\"1544\" height=\"128\" srcset=\"https:\/\/www.betaminic.com\/wp-content\/uploads\/2019\/10\/Crear_Estrategia.png 1544w, https:\/\/www.betaminic.com\/wp-content\/uploads\/2019\/10\/Crear_Estrategia-600x50.png 600w, https:\/\/www.betaminic.com\/wp-content\/uploads\/2019\/10\/Crear_Estrategia-300x25.png 300w, https:\/\/www.betaminic.com\/wp-content\/uploads\/2019\/10\/Crear_Estrategia-768x64.png 768w, https:\/\/www.betaminic.com\/wp-content\/uploads\/2019\/10\/Crear_Estrategia-1024x85.png 1024w\" sizes=\"(max-width: 1544px) 100vw, 1544px\" \/><\/p>\n<p>Elegimos un nombre para la estrategia, as\u00ed como una descripci\u00f3n que nos permita recordar la l\u00f3gica que hay detr\u00e1s del sistema que queremos crear. Seleccionamos el Mercado y la Apuesta, y pinchamos el bot\u00f3n \u00abEnviar\u00bb.<\/p>\n<p><img decoding=\"async\" class=\"alignnone size-full wp-image-20536\" src=\"https:\/\/www.betaminic.com\/wp-content\/uploads\/2019\/10\/Nombre_Mercado.png\" alt=\"\" width=\"830\" height=\"416\" srcset=\"https:\/\/www.betaminic.com\/wp-content\/uploads\/2019\/10\/Nombre_Mercado.png 830w, https:\/\/www.betaminic.com\/wp-content\/uploads\/2019\/10\/Nombre_Mercado-600x301.png 600w, https:\/\/www.betaminic.com\/wp-content\/uploads\/2019\/10\/Nombre_Mercado-300x150.png 300w, https:\/\/www.betaminic.com\/wp-content\/uploads\/2019\/10\/Nombre_Mercado-768x385.png 768w\" sizes=\"(max-width: 830px) 100vw, 830px\" \/><\/p>\n<p>A la izquierda de la pantalla, encontrar\u00e1s todos los filtros con los que podr\u00e1s crear gran variedad de condiciones.<\/p>\n<p><img decoding=\"async\" class=\"alignnone size-full wp-image-20538\" src=\"https:\/\/www.betaminic.com\/wp-content\/uploads\/2019\/10\/Filtros.png\" alt=\"\" width=\"298\" height=\"259\" \/><\/p>\n<p>En nuestro ejemplo, vamos a seleccionar primero las cuotas, descartando las cuotas muy altas de M\u00e1s 2.5 goles para intentar reducir las malas rachas de las estrategias. Escogemos las cuotas menores o iguales a 2.80 y guardamos el filtro.<\/p>\n<p><img decoding=\"async\" class=\"alignnone size-full wp-image-20540\" src=\"https:\/\/www.betaminic.com\/wp-content\/uploads\/2019\/10\/Cuotas.png\" alt=\"\" width=\"879\" height=\"472\" srcset=\"https:\/\/www.betaminic.com\/wp-content\/uploads\/2019\/10\/Cuotas.png 879w, https:\/\/www.betaminic.com\/wp-content\/uploads\/2019\/10\/Cuotas-600x322.png 600w, https:\/\/www.betaminic.com\/wp-content\/uploads\/2019\/10\/Cuotas-300x161.png 300w, https:\/\/www.betaminic.com\/wp-content\/uploads\/2019\/10\/Cuotas-768x412.png 768w\" sizes=\"(max-width: 879px) 100vw, 879px\" \/><\/p>\n<p>Ahora seleccionamos el filtro de las rachas. Filtramos aquellos partidos donde el equipo local ha finalizado sus partidos jugados en casa por encima de M\u00e1s 2.5 goles entre el 20% y 40%.<\/p>\n<p><img decoding=\"async\" class=\"alignnone size-full wp-image-20543\" src=\"https:\/\/www.betaminic.com\/wp-content\/uploads\/2019\/10\/Racha_Equipo_Local.png\" alt=\"\" width=\"1186\" height=\"482\" srcset=\"https:\/\/www.betaminic.com\/wp-content\/uploads\/2019\/10\/Racha_Equipo_Local.png 1186w, https:\/\/www.betaminic.com\/wp-content\/uploads\/2019\/10\/Racha_Equipo_Local-600x244.png 600w, https:\/\/www.betaminic.com\/wp-content\/uploads\/2019\/10\/Racha_Equipo_Local-300x122.png 300w, https:\/\/www.betaminic.com\/wp-content\/uploads\/2019\/10\/Racha_Equipo_Local-768x312.png 768w, https:\/\/www.betaminic.com\/wp-content\/uploads\/2019\/10\/Racha_Equipo_Local-1024x416.png 1024w\" sizes=\"(max-width: 1186px) 100vw, 1186px\" \/><\/p>\n<p>&nbsp;<\/p>\n<p>Repetimos el mismo filtro para el equipo visitante, pero esta vez escogemos todos los partidos jugados.<\/p>\n<p><img decoding=\"async\" class=\"alignnone size-full wp-image-20545\" src=\"https:\/\/www.betaminic.com\/wp-content\/uploads\/2019\/10\/Racha_Equipo_Visitante.png\" alt=\"\" width=\"1166\" height=\"520\" srcset=\"https:\/\/www.betaminic.com\/wp-content\/uploads\/2019\/10\/Racha_Equipo_Visitante.png 1166w, https:\/\/www.betaminic.com\/wp-content\/uploads\/2019\/10\/Racha_Equipo_Visitante-600x268.png 600w, https:\/\/www.betaminic.com\/wp-content\/uploads\/2019\/10\/Racha_Equipo_Visitante-300x134.png 300w, https:\/\/www.betaminic.com\/wp-content\/uploads\/2019\/10\/Racha_Equipo_Visitante-768x343.png 768w, https:\/\/www.betaminic.com\/wp-content\/uploads\/2019\/10\/Racha_Equipo_Visitante-1024x457.png 1024w\" sizes=\"(max-width: 1166px) 100vw, 1166px\" \/><\/p>\n<p>Ahora seleccionamos todas las ligas que han obtenido al menos un 2% de rentabilidad en su hist\u00f3rico, descartando aquellas que no han obtenido buenos resultados, y por tanto no se ajustan a las condiciones establecidas en la estrategia.<\/p>\n<p><img decoding=\"async\" class=\"alignnone size-full wp-image-20547\" src=\"https:\/\/www.betaminic.com\/wp-content\/uploads\/2019\/10\/Ligas.png\" alt=\"\" width=\"1594\" height=\"616\" srcset=\"https:\/\/www.betaminic.com\/wp-content\/uploads\/2019\/10\/Ligas.png 1594w, https:\/\/www.betaminic.com\/wp-content\/uploads\/2019\/10\/Ligas-600x232.png 600w, https:\/\/www.betaminic.com\/wp-content\/uploads\/2019\/10\/Ligas-300x116.png 300w, https:\/\/www.betaminic.com\/wp-content\/uploads\/2019\/10\/Ligas-768x297.png 768w, https:\/\/www.betaminic.com\/wp-content\/uploads\/2019\/10\/Ligas-1024x396.png 1024w\" sizes=\"(max-width: 1594px) 100vw, 1594px\" \/><\/p>\n<p>En la parte superior, puedes ver el resumen de los datos de la estrategia:<\/p>\n<p><img decoding=\"async\" class=\"alignnone size-full wp-image-20550\" src=\"https:\/\/www.betaminic.com\/wp-content\/uploads\/2019\/10\/Resumen_Datos.png\" alt=\"\" width=\"1594\" height=\"177\" srcset=\"https:\/\/www.betaminic.com\/wp-content\/uploads\/2019\/10\/Resumen_Datos.png 1594w, https:\/\/www.betaminic.com\/wp-content\/uploads\/2019\/10\/Resumen_Datos-600x67.png 600w, https:\/\/www.betaminic.com\/wp-content\/uploads\/2019\/10\/Resumen_Datos-300x33.png 300w, https:\/\/www.betaminic.com\/wp-content\/uploads\/2019\/10\/Resumen_Datos-768x85.png 768w, https:\/\/www.betaminic.com\/wp-content\/uploads\/2019\/10\/Resumen_Datos-1024x114.png 1024w\" sizes=\"(max-width: 1594px) 100vw, 1594px\" \/><\/p>\n<p>Es tan importante tanto el Beneficio o Yield obtenido como el <a href=\"https:\/\/www.betaminic.com\/es\/guia-de-apuestas\/la-importancia-del-drawdown-en-las-apuestas-deportivas\/\" target=\"_blank\" rel=\"noopener\">Max Drawdown<\/a>, ya que es un indicador bastante importante del riesgo de la estrategia.<\/p>\n<p>Tambi\u00e9n puedes ver las diferentes gr\u00e1ficas de resultados, para comprobar la evoluci\u00f3n que ha tenido la estrategia durante todo el per\u00edodo analizado. En la gr\u00e1fica de Resultado acumulado podr\u00e1s analizar de una forma global el comportamiento de la estrategia.<\/p>\n<p><img decoding=\"async\" class=\"alignnone size-full wp-image-20552\" src=\"https:\/\/www.betaminic.com\/wp-content\/uploads\/2019\/10\/Rdo_Acumulado.png\" alt=\"\" width=\"1597\" height=\"297\" srcset=\"https:\/\/www.betaminic.com\/wp-content\/uploads\/2019\/10\/Rdo_Acumulado.png 1597w, https:\/\/www.betaminic.com\/wp-content\/uploads\/2019\/10\/Rdo_Acumulado-600x112.png 600w, https:\/\/www.betaminic.com\/wp-content\/uploads\/2019\/10\/Rdo_Acumulado-300x56.png 300w, https:\/\/www.betaminic.com\/wp-content\/uploads\/2019\/10\/Rdo_Acumulado-768x143.png 768w, https:\/\/www.betaminic.com\/wp-content\/uploads\/2019\/10\/Rdo_Acumulado-1024x190.png 1024w\" sizes=\"(max-width: 1597px) 100vw, 1597px\" \/><\/p>\n<p>A trav\u00e9s de la gr\u00e1fica mensual podr\u00e1s observar el resultado individual de cada mes para ver c\u00f3mo ha sido los meses que han tenido Beneficio o P\u00e9rdida.<\/p>\n<p><img decoding=\"async\" class=\"alignnone size-full wp-image-20554\" src=\"https:\/\/www.betaminic.com\/wp-content\/uploads\/2019\/10\/Rdo_Mensual.png\" alt=\"\" width=\"1597\" height=\"330\" srcset=\"https:\/\/www.betaminic.com\/wp-content\/uploads\/2019\/10\/Rdo_Mensual.png 1597w, https:\/\/www.betaminic.com\/wp-content\/uploads\/2019\/10\/Rdo_Mensual-600x124.png 600w, https:\/\/www.betaminic.com\/wp-content\/uploads\/2019\/10\/Rdo_Mensual-300x62.png 300w, https:\/\/www.betaminic.com\/wp-content\/uploads\/2019\/10\/Rdo_Mensual-768x159.png 768w, https:\/\/www.betaminic.com\/wp-content\/uploads\/2019\/10\/Rdo_Mensual-1024x212.png 1024w\" sizes=\"(max-width: 1597px) 100vw, 1597px\" \/><\/p>\n<p>Ya para finalizar, debemos guardar la estrategia. Hacemos clic en el bot\u00f3n \u00abGuardar Estrategia\u00bb situado en la parte izquierda, debajo de los filtros.<\/p>\n<p><img decoding=\"async\" class=\"alignnone size-full wp-image-20556\" src=\"https:\/\/www.betaminic.com\/wp-content\/uploads\/2019\/10\/Guardar_estrategia.png\" alt=\"\" width=\"299\" height=\"408\" srcset=\"https:\/\/www.betaminic.com\/wp-content\/uploads\/2019\/10\/Guardar_estrategia.png 299w, https:\/\/www.betaminic.com\/wp-content\/uploads\/2019\/10\/Guardar_estrategia-220x300.png 220w\" sizes=\"(max-width: 299px) 100vw, 299px\" \/><\/p>\n<p>Confirmamos que deseamos guardar la estrategia.<\/p>\n<p><img decoding=\"async\" class=\"alignnone size-full wp-image-20566\" src=\"https:\/\/www.betaminic.com\/wp-content\/uploads\/2019\/10\/Confirmacion_Guardar-1.png\" alt=\"\" width=\"437\" height=\"248\" srcset=\"https:\/\/www.betaminic.com\/wp-content\/uploads\/2019\/10\/Confirmacion_Guardar-1.png 437w, https:\/\/www.betaminic.com\/wp-content\/uploads\/2019\/10\/Confirmacion_Guardar-1-300x170.png 300w\" sizes=\"(max-width: 437px) 100vw, 437px\" \/><\/p>\n<p>&nbsp;<\/p>\n<p>Por \u00faltimo, si deseas recibir los picks de la estrategia (Opci\u00f3n Premium) debes activar la opci\u00f3n. En caso de que haya picks duplicados con respecto a otras estrategias que sigues, se te avisar\u00e1 mediante un mensaje. En este caso, hay un 3% de picks que se repiten de otras estrategias que seguimos.<\/p>\n<p><img decoding=\"async\" class=\"alignnone size-full wp-image-20568\" src=\"https:\/\/www.betaminic.com\/wp-content\/uploads\/2019\/10\/Recibir_Picks-1.png\" alt=\"\" width=\"459\" height=\"297\" srcset=\"https:\/\/www.betaminic.com\/wp-content\/uploads\/2019\/10\/Recibir_Picks-1.png 459w, https:\/\/www.betaminic.com\/wp-content\/uploads\/2019\/10\/Recibir_Picks-1-300x194.png 300w\" sizes=\"(max-width: 459px) 100vw, 459px\" \/><\/p>\n<p>&nbsp;<\/p>\n<p>Eso es todo. La estrategia estar\u00eda guardada, y deber\u00eda aparecer en la secci\u00f3n de \u00abMis estrategias\u00bb.<\/p>\n<p><img decoding=\"async\" class=\"alignnone size-full wp-image-20562\" src=\"https:\/\/www.betaminic.com\/wp-content\/uploads\/2019\/10\/Mis_Estrategias.png\" alt=\"\" width=\"1295\" height=\"358\" srcset=\"https:\/\/www.betaminic.com\/wp-content\/uploads\/2019\/10\/Mis_Estrategias.png 1295w, https:\/\/www.betaminic.com\/wp-content\/uploads\/2019\/10\/Mis_Estrategias-600x166.png 600w, https:\/\/www.betaminic.com\/wp-content\/uploads\/2019\/10\/Mis_Estrategias-300x83.png 300w, https:\/\/www.betaminic.com\/wp-content\/uploads\/2019\/10\/Mis_Estrategias-768x212.png 768w, https:\/\/www.betaminic.com\/wp-content\/uploads\/2019\/10\/Mis_Estrategias-1024x283.png 1024w\" sizes=\"(max-width: 1295px) 100vw, 1295px\" \/><\/p>\n<p>&nbsp;<\/p>\n<p>Si tienes cualquier duda en el proceso, puedes contactar con nosotros a trav\u00e9s del <a href=\"https:\/\/www.betaminic.com\/es\/contacto\/\" target=\"_blank\" rel=\"noopener\">formulario de contacto<\/a> o mediante correcto electr\u00f3nico a\u00a0<a href=\"mailto:su*****@*******ic.com\" data-original-string=\"P9WNdS44xYUjSfkOrzZKrw==8e9uEMIxaVNOgWbr\/0wYRW6IZetGhi96nPKdfbPvl\/9I\/I=\" title=\"Este contacto ha sido codificado por Anti-Spam by CleanTalk. Haz clic para decodificar. Para finalizar la decodificaci\u00f3n, aseg\u00farate de que JavaScript est\u00e1 activado en tu navegador.\"><span \n                data-original-string='drmgVICxKeT4ox38HdXWDg==8e9oYsj+xuo+cuqSIEVjx0fFXOYTuTbazzWa7Tt0LXxcIY='\n                class='apbct-email-encoder'\n                title='Este contacto ha sido codificado por Anti-Spam by CleanTalk. Haz clic para decodificar. Para finalizar la decodificaci\u00f3n, aseg\u00farate de que JavaScript est\u00e1 activado en tu navegador.'>su<span class=\"apbct-blur\">*****<\/span>@<span class=\"apbct-blur\">*******<\/span>ic.com<\/span><\/a>\u00a0y os responderemos lo antes posible.<\/p>\n","protected":false},"excerpt":{"rendered":"<p class=\"post-excerpt\">Aprende todos los pasos necesarios para crear estrategias tan rentables como la que te mostramos con la ayuda de Betamin Builder. Escoge los filtros que desees, analiza los gr\u00e1ficos y revisa los datos resumen de la estrategia antes de guardar tu estrategia. Crea estrategias en pocos minutos buscando tendencias que hayan funcionado a pasado, chequeando&#8230;\n<\/p>","protected":false},"author":37,"featured_media":0,"parent":0,"menu_order":0,"comment_status":"closed","ping_status":"closed","template":"","meta":{"footnotes":""},"class_list":["post-20533","page","type-page","status-publish","hentry"],"yoast_head":"<!-- This site is optimized with the Yoast SEO plugin v27.5 - https:\/\/yoast.com\/product\/yoast-seo-wordpress\/ -->\n<title>C\u00f3mo crear estrategias rentables con Betamin Builder - Betaminic.com<\/title>\n<meta name=\"description\" content=\"Aprende todos los pasos necesarios para crear estrategias tan rentables como la que te mostramos con la ayuda de Betamin Builder.\" \/>\n<meta name=\"robots\" content=\"index, follow, max-snippet:-1, max-image-preview:large, max-video-preview:-1\" \/>\n<link rel=\"canonical\" href=\"https:\/\/www.betaminic.com\/es\/como-crear-estrategias-rentables-con-betamin-builder\/\" \/>\n<meta property=\"og:locale\" content=\"es_ES\" \/>\n<meta property=\"og:type\" content=\"article\" \/>\n<meta property=\"og:title\" content=\"C\u00f3mo crear estrategias rentables con Betamin Builder - Betaminic.com\" \/>\n<meta property=\"og:description\" content=\"Aprende todos los pasos necesarios para crear estrategias tan rentables como la que te mostramos con la ayuda de Betamin Builder.\" \/>\n<meta property=\"og:url\" content=\"https:\/\/www.betaminic.com\/es\/como-crear-estrategias-rentables-con-betamin-builder\/\" \/>\n<meta property=\"og:site_name\" content=\"Betaminic.com\" \/>\n<meta property=\"article:publisher\" content=\"https:\/\/www.facebook.com\/betaminic\/\" \/>\n<meta property=\"og:image\" content=\"https:\/\/www.betaminic.com\/wp-content\/uploads\/2019\/10\/Crear_Estrategia.png\" \/>\n<meta name=\"twitter:card\" content=\"summary_large_image\" \/>\n<meta name=\"twitter:site\" content=\"@betaminic\" \/>\n<meta name=\"twitter:label1\" content=\"Tiempo de lectura\" \/>\n\t<meta name=\"twitter:data1\" content=\"3 minutos\" \/>\n<script type=\"application\/ld+json\" class=\"yoast-schema-graph\">{\"@context\":\"https:\\\/\\\/schema.org\",\"@graph\":[{\"@type\":\"WebPage\",\"@id\":\"https:\\\/\\\/www.betaminic.com\\\/es\\\/como-crear-estrategias-rentables-con-betamin-builder\\\/\",\"url\":\"https:\\\/\\\/www.betaminic.com\\\/es\\\/como-crear-estrategias-rentables-con-betamin-builder\\\/\",\"name\":\"C\u00f3mo crear estrategias rentables con Betamin Builder - Betaminic.com\",\"isPartOf\":{\"@id\":\"https:\\\/\\\/www.betaminic.com\\\/es\\\/#website\"},\"primaryImageOfPage\":{\"@id\":\"https:\\\/\\\/www.betaminic.com\\\/es\\\/como-crear-estrategias-rentables-con-betamin-builder\\\/#primaryimage\"},\"image\":{\"@id\":\"https:\\\/\\\/www.betaminic.com\\\/es\\\/como-crear-estrategias-rentables-con-betamin-builder\\\/#primaryimage\"},\"thumbnailUrl\":\"https:\\\/\\\/www.betaminic.com\\\/wp-content\\\/uploads\\\/2019\\\/10\\\/Crear_Estrategia.png\",\"datePublished\":\"2019-10-15T14:51:29+00:00\",\"description\":\"Aprende todos los pasos necesarios para crear estrategias tan rentables como la que te mostramos con la ayuda de Betamin Builder.\",\"breadcrumb\":{\"@id\":\"https:\\\/\\\/www.betaminic.com\\\/es\\\/como-crear-estrategias-rentables-con-betamin-builder\\\/#breadcrumb\"},\"inLanguage\":\"es\",\"potentialAction\":[{\"@type\":\"ReadAction\",\"target\":[\"https:\\\/\\\/www.betaminic.com\\\/es\\\/como-crear-estrategias-rentables-con-betamin-builder\\\/\"]}]},{\"@type\":\"ImageObject\",\"inLanguage\":\"es\",\"@id\":\"https:\\\/\\\/www.betaminic.com\\\/es\\\/como-crear-estrategias-rentables-con-betamin-builder\\\/#primaryimage\",\"url\":\"https:\\\/\\\/www.betaminic.com\\\/wp-content\\\/uploads\\\/2019\\\/10\\\/Crear_Estrategia.png\",\"contentUrl\":\"https:\\\/\\\/www.betaminic.com\\\/wp-content\\\/uploads\\\/2019\\\/10\\\/Crear_Estrategia.png\"},{\"@type\":\"BreadcrumbList\",\"@id\":\"https:\\\/\\\/www.betaminic.com\\\/es\\\/como-crear-estrategias-rentables-con-betamin-builder\\\/#breadcrumb\",\"itemListElement\":[{\"@type\":\"ListItem\",\"position\":1,\"name\":\"Home\",\"item\":\"https:\\\/\\\/www.betaminic.com\\\/es\\\/\"},{\"@type\":\"ListItem\",\"position\":2,\"name\":\"C\u00f3mo crear estrategias rentables con Betamin Builder\"}]},{\"@type\":\"WebSite\",\"@id\":\"https:\\\/\\\/www.betaminic.com\\\/es\\\/#website\",\"url\":\"https:\\\/\\\/www.betaminic.com\\\/es\\\/\",\"name\":\"Betaminic.com\",\"description\":\"\",\"publisher\":{\"@id\":\"https:\\\/\\\/www.betaminic.com\\\/es\\\/#organization\"},\"potentialAction\":[{\"@type\":\"SearchAction\",\"target\":{\"@type\":\"EntryPoint\",\"urlTemplate\":\"https:\\\/\\\/www.betaminic.com\\\/es\\\/?s={search_term_string}\"},\"query-input\":{\"@type\":\"PropertyValueSpecification\",\"valueRequired\":true,\"valueName\":\"search_term_string\"}}],\"inLanguage\":\"es\"},{\"@type\":\"Organization\",\"@id\":\"https:\\\/\\\/www.betaminic.com\\\/es\\\/#organization\",\"name\":\"Betaminic Bigdata Solutions, S.L.\",\"alternateName\":\"Betaminic\",\"url\":\"https:\\\/\\\/www.betaminic.com\\\/es\\\/\",\"logo\":{\"@type\":\"ImageObject\",\"inLanguage\":\"es\",\"@id\":\"https:\\\/\\\/www.betaminic.com\\\/es\\\/#\\\/schema\\\/logo\\\/image\\\/\",\"url\":\"https:\\\/\\\/www.betaminic.com\\\/wp-content\\\/uploads\\\/2017\\\/09\\\/betaminic-front-logo.png\",\"contentUrl\":\"https:\\\/\\\/www.betaminic.com\\\/wp-content\\\/uploads\\\/2017\\\/09\\\/betaminic-front-logo.png\",\"width\":250,\"height\":67,\"caption\":\"Betaminic Bigdata Solutions, S.L.\"},\"image\":{\"@id\":\"https:\\\/\\\/www.betaminic.com\\\/es\\\/#\\\/schema\\\/logo\\\/image\\\/\"},\"sameAs\":[\"https:\\\/\\\/www.facebook.com\\\/betaminic\\\/\",\"https:\\\/\\\/x.com\\\/betaminic\",\"https:\\\/\\\/www.youtube.com\\\/channel\\\/UCO8zcebQOIOw2Bqi-wpMafQ\"]}]}<\/script>\n<!-- \/ Yoast SEO plugin. -->","yoast_head_json":{"title":"C\u00f3mo crear estrategias rentables con Betamin Builder - Betaminic.com","description":"Aprende todos los pasos necesarios para crear estrategias tan rentables como la que te mostramos con la ayuda de Betamin Builder.","robots":{"index":"index","follow":"follow","max-snippet":"max-snippet:-1","max-image-preview":"max-image-preview:large","max-video-preview":"max-video-preview:-1"},"canonical":"https:\/\/www.betaminic.com\/es\/como-crear-estrategias-rentables-con-betamin-builder\/","og_locale":"es_ES","og_type":"article","og_title":"C\u00f3mo crear estrategias rentables con Betamin Builder - Betaminic.com","og_description":"Aprende todos los pasos necesarios para crear estrategias tan rentables como la que te mostramos con la ayuda de Betamin Builder.","og_url":"https:\/\/www.betaminic.com\/es\/como-crear-estrategias-rentables-con-betamin-builder\/","og_site_name":"Betaminic.com","article_publisher":"https:\/\/www.facebook.com\/betaminic\/","og_image":[{"url":"https:\/\/www.betaminic.com\/wp-content\/uploads\/2019\/10\/Crear_Estrategia.png","type":"","width":"","height":""}],"twitter_card":"summary_large_image","twitter_site":"@betaminic","twitter_misc":{"Tiempo de lectura":"3 minutos"},"schema":{"@context":"https:\/\/schema.org","@graph":[{"@type":"WebPage","@id":"https:\/\/www.betaminic.com\/es\/como-crear-estrategias-rentables-con-betamin-builder\/","url":"https:\/\/www.betaminic.com\/es\/como-crear-estrategias-rentables-con-betamin-builder\/","name":"C\u00f3mo crear estrategias rentables con Betamin Builder - Betaminic.com","isPartOf":{"@id":"https:\/\/www.betaminic.com\/es\/#website"},"primaryImageOfPage":{"@id":"https:\/\/www.betaminic.com\/es\/como-crear-estrategias-rentables-con-betamin-builder\/#primaryimage"},"image":{"@id":"https:\/\/www.betaminic.com\/es\/como-crear-estrategias-rentables-con-betamin-builder\/#primaryimage"},"thumbnailUrl":"https:\/\/www.betaminic.com\/wp-content\/uploads\/2019\/10\/Crear_Estrategia.png","datePublished":"2019-10-15T14:51:29+00:00","description":"Aprende todos los pasos necesarios para crear estrategias tan rentables como la que te mostramos con la ayuda de Betamin Builder.","breadcrumb":{"@id":"https:\/\/www.betaminic.com\/es\/como-crear-estrategias-rentables-con-betamin-builder\/#breadcrumb"},"inLanguage":"es","potentialAction":[{"@type":"ReadAction","target":["https:\/\/www.betaminic.com\/es\/como-crear-estrategias-rentables-con-betamin-builder\/"]}]},{"@type":"ImageObject","inLanguage":"es","@id":"https:\/\/www.betaminic.com\/es\/como-crear-estrategias-rentables-con-betamin-builder\/#primaryimage","url":"https:\/\/www.betaminic.com\/wp-content\/uploads\/2019\/10\/Crear_Estrategia.png","contentUrl":"https:\/\/www.betaminic.com\/wp-content\/uploads\/2019\/10\/Crear_Estrategia.png"},{"@type":"BreadcrumbList","@id":"https:\/\/www.betaminic.com\/es\/como-crear-estrategias-rentables-con-betamin-builder\/#breadcrumb","itemListElement":[{"@type":"ListItem","position":1,"name":"Home","item":"https:\/\/www.betaminic.com\/es\/"},{"@type":"ListItem","position":2,"name":"C\u00f3mo crear estrategias rentables con Betamin Builder"}]},{"@type":"WebSite","@id":"https:\/\/www.betaminic.com\/es\/#website","url":"https:\/\/www.betaminic.com\/es\/","name":"Betaminic.com","description":"","publisher":{"@id":"https:\/\/www.betaminic.com\/es\/#organization"},"potentialAction":[{"@type":"SearchAction","target":{"@type":"EntryPoint","urlTemplate":"https:\/\/www.betaminic.com\/es\/?s={search_term_string}"},"query-input":{"@type":"PropertyValueSpecification","valueRequired":true,"valueName":"search_term_string"}}],"inLanguage":"es"},{"@type":"Organization","@id":"https:\/\/www.betaminic.com\/es\/#organization","name":"Betaminic Bigdata Solutions, S.L.","alternateName":"Betaminic","url":"https:\/\/www.betaminic.com\/es\/","logo":{"@type":"ImageObject","inLanguage":"es","@id":"https:\/\/www.betaminic.com\/es\/#\/schema\/logo\/image\/","url":"https:\/\/www.betaminic.com\/wp-content\/uploads\/2017\/09\/betaminic-front-logo.png","contentUrl":"https:\/\/www.betaminic.com\/wp-content\/uploads\/2017\/09\/betaminic-front-logo.png","width":250,"height":67,"caption":"Betaminic Bigdata Solutions, S.L."},"image":{"@id":"https:\/\/www.betaminic.com\/es\/#\/schema\/logo\/image\/"},"sameAs":["https:\/\/www.facebook.com\/betaminic\/","https:\/\/x.com\/betaminic","https:\/\/www.youtube.com\/channel\/UCO8zcebQOIOw2Bqi-wpMafQ"]}]}},"_links":{"self":[{"href":"https:\/\/www.betaminic.com\/es\/wp-json\/wp\/v2\/pages\/20533","targetHints":{"allow":["GET"]}}],"collection":[{"href":"https:\/\/www.betaminic.com\/es\/wp-json\/wp\/v2\/pages"}],"about":[{"href":"https:\/\/www.betaminic.com\/es\/wp-json\/wp\/v2\/types\/page"}],"author":[{"embeddable":true,"href":"https:\/\/www.betaminic.com\/es\/wp-json\/wp\/v2\/users\/37"}],"replies":[{"embeddable":true,"href":"https:\/\/www.betaminic.com\/es\/wp-json\/wp\/v2\/comments?post=20533"}],"version-history":[{"count":6,"href":"https:\/\/www.betaminic.com\/es\/wp-json\/wp\/v2\/pages\/20533\/revisions"}],"predecessor-version":[{"id":20572,"href":"https:\/\/www.betaminic.com\/es\/wp-json\/wp\/v2\/pages\/20533\/revisions\/20572"}],"wp:attachment":[{"href":"https:\/\/www.betaminic.com\/es\/wp-json\/wp\/v2\/media?parent=20533"}],"curies":[{"name":"wp","href":"https:\/\/api.w.org\/{rel}","templated":true}]}}