{"id":36624,"date":"2024-03-20T14:00:35","date_gmt":"2024-03-20T13:00:35","guid":{"rendered":"https:\/\/www.betaminic.com\/?page_id=36624"},"modified":"2024-03-20T14:00:35","modified_gmt":"2024-03-20T13:00:35","slug":"preguntas-frecuentes","status":"publish","type":"page","link":"https:\/\/www.betaminic.com\/es\/shootingbets\/preguntas-frecuentes\/","title":{"rendered":"Preguntas Frecuentes"},"content":{"rendered":"<section class=\"wpb-content-wrapper\">[vc_row][vc_column][vc_column_text]\r\n            <div class=\"qae-faqs-container qae-faqs-toggle-container\">\n\t\t\t\t\t\t\t<ul class=\"qe-faqs-filters-container\">\n\t\t\t\t<li class=\"active\"><a class=\"qe-faqs-filter all-faqs\" href=\"#\" data-filter=\"*\">Todo<\/a><\/li>\n\t\t\t\t<li><a class=\"qe-faqs-filter\" href=\"#faqs-shootingbets-espanol\" data-filter=\".faqs-shootingbets-espanol\">FAQs ShootingBets Espa\u00f1ol<\/a><\/li>\t\t\t<\/ul>\n\t\t\t\t\t<div id=\"qaef-36641\" class=\"qe-faq-toggle faqs-shootingbets-espanol\">\n\t\t\t<div class=\"qe-toggle-title\">\n\t\t\t\t<h4>\n\t\t\t\t\t<i class=\"fa fa-minus-circle\"><\/i> \u00bfQu\u00e9 es ShootingBets?\t\t\t\t<\/h4>\n\t\t\t<\/div>\n\t\t\t<div class=\"qe-toggle-content\">\n\t\t\t\t<p>ShootingBets monitoriza cuotas de mercados de apuestas profesionales y env\u00eda alertas mediante Telegram cuando detecta una ca\u00edda de cuota significativa, indicando as\u00ed oportunidades para apostar en casas de apuestas tradicionales, habitualmente m\u00e1s lentas en reaccionar, antes de que ajusten sus cuotas.<\/p>\t\t\t<\/div>\n\t\t<\/div>\n\t\t\t\t<div id=\"qaef-36639\" class=\"qe-faq-toggle faqs-shootingbets-espanol\">\n\t\t\t<div class=\"qe-toggle-title\">\n\t\t\t\t<h4>\n\t\t\t\t\t<i class=\"fa fa-minus-circle\"><\/i> \u00bfC\u00f3mo me puedo registrar en ShootingBets?\t\t\t\t<\/h4>\n\t\t\t<\/div>\n\t\t\t<div class=\"qe-toggle-content\">\n\t\t\t\t<p>Puedes registrarte a trav\u00e9s de este enlace: <a href=\"https:\/\/t.me\/ShootingBetsBot\" target=\"_blank\" rel=\"noopener\">https:\/\/t.me\/ShootingBetsBot<\/a>. Es necesario tener una cuenta de Telegram y previamente estar registrado en Betaminic.com.<\/p>\t\t\t<\/div>\n\t\t<\/div>\n\t\t\t\t<div id=\"qaef-36638\" class=\"qe-faq-toggle faqs-shootingbets-espanol\">\n\t\t\t<div class=\"qe-toggle-title\">\n\t\t\t\t<h4>\n\t\t\t\t\t<i class=\"fa fa-minus-circle\"><\/i> \u00bfEs gratis registrarse en ShootingBets?\t\t\t\t<\/h4>\n\t\t\t<\/div>\n\t\t\t<div class=\"qe-toggle-content\">\n\t\t\t\t<p>El registro es gratuito, si bien en ese caso recibir\u00e1s un n\u00famero limitado de alertas. Con una cuenta Premium de pago recibir\u00e1s todas las alertas sin limitaci\u00f3n.<\/p>\t\t\t<\/div>\n\t\t<\/div>\n\t\t\t\t<div id=\"qaef-36637\" class=\"qe-faq-toggle faqs-shootingbets-espanol\">\n\t\t\t<div class=\"qe-toggle-title\">\n\t\t\t\t<h4>\n\t\t\t\t\t<i class=\"fa fa-minus-circle\"><\/i> \u00bfQu\u00e9 necesito para usar ShootingBets?\t\t\t\t<\/h4>\n\t\t\t<\/div>\n\t\t\t<div class=\"qe-toggle-content\">\n\t\t\t\t<p>Necesitas estar registrado en <a href=\"https:\/\/www.betaminic.com\/es\/registrate\/\" target=\"_blank\" rel=\"noopener\">Betaminic.com<\/a> y tener una cuenta de Telegram, que es gratuita y f\u00e1cil de crear en https:\/\/telegram.org\/. Adem\u00e1s, es recomendable tener el mayor n\u00famero posible de cuentas en casas de apuestas tradicionales para aprovechar las alertas.<\/p>\t\t\t<\/div>\n\t\t<\/div>\n\t\t\t\t<div id=\"qaef-36636\" class=\"qe-faq-toggle faqs-shootingbets-espanol\">\n\t\t\t<div class=\"qe-toggle-title\">\n\t\t\t\t<h4>\n\t\t\t\t\t<i class=\"fa fa-minus-circle\"><\/i> \u00bfC\u00f3mo funciona ShootingBets?\t\t\t\t<\/h4>\n\t\t\t<\/div>\n\t\t\t<div class=\"qe-toggle-content\">\n\t\t\t\t<p>Cuando las cuotas bajan, ShootingBets env\u00eda una alerta con la cuota m\u00ednima recomendada. El objetivo es intentar apostar en casas de apuestas tradicionales a cuotas superiores a esta cuota m\u00ednima antes de que estas ajusten sus cuotas.<\/p>\t\t\t<\/div>\n\t\t<\/div>\n\t\t\t\t<div id=\"qaef-36635\" class=\"qe-faq-toggle faqs-shootingbets-espanol\">\n\t\t\t<div class=\"qe-toggle-title\">\n\t\t\t\t<h4>\n\t\t\t\t\t<i class=\"fa fa-minus-circle\"><\/i> \u00bfQu\u00e9 tipo de alertas env\u00eda ShootingBets?\t\t\t\t<\/h4>\n\t\t\t<\/div>\n\t\t\t<div class=\"qe-toggle-content\">\n\t\t\t\t<p>Las alertas incluyen cuotas m\u00ednimas recomendadas para eventos espec\u00edficos y, en algunos casos, cuotas m\u00ednimas alternativas para mercados de h\u00e1ndicap relacionados.<\/p>\t\t\t<\/div>\n\t\t<\/div>\n\t\t\t\t<div id=\"qaef-36634\" class=\"qe-faq-toggle faqs-shootingbets-espanol\">\n\t\t\t<div class=\"qe-toggle-title\">\n\t\t\t\t<h4>\n\t\t\t\t\t<i class=\"fa fa-minus-circle\"><\/i> \u00bfRecomend\u00e1is apostar por debajo de la cuota m\u00ednima enviada en las alertas?\t\t\t\t<\/h4>\n\t\t\t<\/div>\n\t\t\t<div class=\"qe-toggle-content\">\n\t\t\t\t<p>No recomendamos apostar por debajo de la cuota m\u00ednima enviada, ya que en ese caso no se pueden garantizar buenos resultados.<\/p>\t\t\t<\/div>\n\t\t<\/div>\n\t\t\t\t<div id=\"qaef-36633\" class=\"qe-faq-toggle faqs-shootingbets-espanol\">\n\t\t\t<div class=\"qe-toggle-title\">\n\t\t\t\t<h4>\n\t\t\t\t\t<i class=\"fa fa-minus-circle\"><\/i> \u00bfQu\u00e9 son los mercados alternativos que se muestran en las alertas?\t\t\t\t<\/h4>\n\t\t\t<\/div>\n\t\t\t<div class=\"qe-toggle-content\">\n\t\t\t\t<p>Los mercados alternativos y cuotas alternativas se ofrecen en algunas alertas como ayuda cuando tu casa de apuestas no tiene la misma selecci\u00f3n de h\u00e1ndicap disponible, proporcionando opciones adicionales para apostar.<\/p>\t\t\t<\/div>\n\t\t<\/div>\n\t\t\t\t<div id=\"qaef-36632\" class=\"qe-faq-toggle faqs-shootingbets-espanol\">\n\t\t\t<div class=\"qe-toggle-title\">\n\t\t\t\t<h4>\n\t\t\t\t\t<i class=\"fa fa-minus-circle\"><\/i> \u00bfTengo que apostar a todas las alertas que reciba?\t\t\t\t<\/h4>\n\t\t\t<\/div>\n\t\t\t<div class=\"qe-toggle-content\">\n\t\t\t\t<p>No es necesario apostar en todas las alertas. Puedes seleccionar aquellas que mejor se ajusten a tu disponibilidad y estrategia de apuestas.<\/p>\t\t\t<\/div>\n\t\t<\/div>\n\t\t\t\t<div id=\"qaef-36631\" class=\"qe-faq-toggle faqs-shootingbets-espanol\">\n\t\t\t<div class=\"qe-toggle-title\">\n\t\t\t\t<h4>\n\t\t\t\t\t<i class=\"fa fa-minus-circle\"><\/i> \u00bfCu\u00e1nto tiempo est\u00e1 disponible la cuota de valor en la bookie tradicional antes de que bajen sus cuotas?\t\t\t\t<\/h4>\n\t\t\t<\/div>\n\t\t\t<div class=\"qe-toggle-content\">\n\t\t\t\t<p>El tiempo disponible var\u00eda seg\u00fan la casa de apuestas, algunas ajustan sus cuotas m\u00e1s r\u00e1pidamente que otras, pero tienes que actuar de forma r\u00e1pida para realizar la apuesta antes de que tu bookie reaccione y ajuste las cuotas.<\/p>\t\t\t<\/div>\n\t\t<\/div>\n\t\t\t\t<div id=\"qaef-36630\" class=\"qe-faq-toggle faqs-shootingbets-espanol\">\n\t\t\t<div class=\"qe-toggle-title\">\n\t\t\t\t<h4>\n\t\t\t\t\t<i class=\"fa fa-minus-circle\"><\/i> \u00bfC\u00f3mo encontrar la apuesta de forma r\u00e1pida en mi casa de apuestas?\t\t\t\t<\/h4>\n\t\t\t<\/div>\n\t\t\t<div class=\"qe-toggle-content\">\n\t\t\t\t<p>Se recomienda utilizar la barra de b\u00fasqueda de tu casa de apuestas para encontrar r\u00e1pidamente la selecci\u00f3n. Esto es especialmente \u00fatil en sitios con muchos mercados en casas como Bet365.<\/p>\t\t\t<\/div>\n\t\t<\/div>\n\t\t\t\t<div id=\"qaef-36629\" class=\"qe-faq-toggle faqs-shootingbets-espanol\">\n\t\t\t<div class=\"qe-toggle-title\">\n\t\t\t\t<h4>\n\t\t\t\t\t<i class=\"fa fa-minus-circle\"><\/i> \u00bfCu\u00e1ndo llegan las alertas?\t\t\t\t<\/h4>\n\t\t\t<\/div>\n\t\t\t<div class=\"qe-toggle-content\">\n\t\t\t\t<p>Las alertas pueden llegar a cualquier hora del d\u00eda, dependiendo de cu\u00e1ndo los apostantes expertos realicen apuestas que influyan en las cuotas.<\/p>\t\t\t<\/div>\n\t\t<\/div>\n\t\t\t\t<div id=\"qaef-36628\" class=\"qe-faq-toggle faqs-shootingbets-espanol\">\n\t\t\t<div class=\"qe-toggle-title\">\n\t\t\t\t<h4>\n\t\t\t\t\t<i class=\"fa fa-minus-circle\"><\/i> \u00bfRecomiendan los sitios de comparaci\u00f3n de cuotas para realizar la apuesta?\t\t\t\t<\/h4>\n\t\t\t<\/div>\n\t\t\t<div class=\"qe-toggle-content\">\n\t\t\t\t<p>No se recomiendan los sitios de comparaci\u00f3n de cuotas porque suelen actualizar las cuotas m\u00e1s lentamente que las casas de apuestas directamente.<\/p>\t\t\t<\/div>\n\t\t<\/div>\n\t\t\t\t<div id=\"qaef-36627\" class=\"qe-faq-toggle faqs-shootingbets-espanol\">\n\t\t\t<div class=\"qe-toggle-title\">\n\t\t\t\t<h4>\n\t\t\t\t\t<i class=\"fa fa-minus-circle\"><\/i> \u00bfQu\u00e9 significan los ticks verde y rojo en las alertas de ShootingBets?\t\t\t\t<\/h4>\n\t\t\t<\/div>\n\t\t\t<div class=\"qe-toggle-content\">\n\t\t\t\t<p><u>Tick Verde:<\/u> Indica que las cuotas de Bet365 para ese evento est\u00e1n en ese momento por encima de la cuota m\u00ednima recomendada por ShootingBets. Este pick es altamente recomendable para buscar, ya que es probable encontrar valor en alguna casa de apuestas, no necesariamente en Bet365. Usamos Bet365 como casa de referencia, pero no significa que sea la \u00fanica bookie recomendada.<\/p>\n<p><u>Tick Rojo:<\/u> Significa que las cuotas de Bet365 para ese evento espec\u00edfico est\u00e1n en ese momento por debajo de la cuota m\u00ednima recomendada. Aunque la probabilidad de encontrar cuotas con valor es menor, a\u00fan podr\u00edas encontrar valor en otras casas de apuestas.<\/p>\t\t\t<\/div>\n\t\t<\/div>\n\t\t\t\t<div id=\"qaef-36626\" class=\"qe-faq-toggle faqs-shootingbets-espanol\">\n\t\t\t<div class=\"qe-toggle-title\">\n\t\t\t\t<h4>\n\t\t\t\t\t<i class=\"fa fa-minus-circle\"><\/i> \u00bfQu\u00e9 ocurre si no hay indicaci\u00f3n de cuotas de Bet365 en las alertas?\t\t\t\t<\/h4>\n\t\t\t<\/div>\n\t\t\t<div class=\"qe-toggle-content\">\n\t\t\t\t<p>En los casos donde no se encuentren cuotas en Bet365 para un pick espec\u00edfico, te animamos a buscar cuotas en otras casas de apuestas. La ausencia de cuotas en Bet365 no significa que no haya cuotas de valor en otras bookies. Siempre es recomendable explorar diferentes casas de apuestas para encontrar las mejores oportunidades.<\/p>\t\t\t<\/div>\n\t\t<\/div>\n\t\t\t\t<div id=\"qaef-36623\" class=\"qe-faq-toggle faqs-shootingbets-espanol\">\n\t\t\t<div class=\"qe-toggle-title\">\n\t\t\t\t<h4>\n\t\t\t\t\t<i class=\"fa fa-minus-circle\"><\/i> \u00bfC\u00f3mo se calculan los resultados hist\u00f3ricos que se muestran en la web?\t\t\t\t<\/h4>\n\t\t\t<\/div>\n\t\t\t<div class=\"qe-toggle-content\">\n\t\t\t\t<p>Los resultados hist\u00f3ricos se basan en las cuotas de Bet365 en el momento de enviar la alerta. Se consideran para los resultados si las cuotas de Bet365 est\u00e1n por encima de la cuota m\u00ednima recomendada, aunque esto es solo una referencia.<\/p>\t\t\t<\/div>\n\t\t<\/div>\n\t\t\t\t<div id=\"qaef-36621\" class=\"qe-faq-toggle faqs-shootingbets-espanol\">\n\t\t\t<div class=\"qe-toggle-title\">\n\t\t\t\t<h4>\n\t\t\t\t\t<i class=\"fa fa-minus-circle\"><\/i> \u00bfSi uso este servicio, me van a limitar las casas de apuestas?\t\t\t\t<\/h4>\n\t\t\t<\/div>\n\t\t\t<div class=\"qe-toggle-content\">\n\t\t\t\t<p>Es posible que, al usar este servicio y seguir consistentemente apuestas de valor, las casas de apuestas terminen limitando tu cuenta. Esto puede suceder m\u00e1s r\u00e1pido en algunas casas que en otras. Por eso, es importante abrir cuentas con el mayor n\u00famero de casas de apuestas posible e ir distribuyendo las apuestas entre todas las bookies disponibles para minimizar el riesgo de ser limitado.<\/p>\t\t\t<\/div>\n\t\t<\/div>\n\t\t            <\/div>\n\t\t\r\n[\/vc_column_text][\/vc_column][\/vc_row][vc_row][vc_column][vc_empty_space height=\u00bb48px\u00bb][\/vc_column][\/vc_row]<\/section>","protected":false},"excerpt":{"rendered":"<p class=\"post-excerpt\">[vc_row][vc_column][vc_column_text] [\/vc_column_text][\/vc_column][\/vc_row][vc_row][vc_column][vc_empty_space height=\u00bb48px\u00bb][\/vc_column][\/vc_row]\n<\/p>","protected":false},"author":37,"featured_media":0,"parent":36407,"menu_order":0,"comment_status":"closed","ping_status":"closed","template":"","meta":{"footnotes":""},"class_list":["post-36624","page","type-page","status-publish","hentry"],"yoast_head":"<!-- This site is optimized with the Yoast SEO plugin v27.4 - https:\/\/yoast.com\/product\/yoast-seo-wordpress\/ -->\n<title>Preguntas Frecuentes - Betaminic.com<\/title>\n<meta name=\"robots\" content=\"index, follow, max-snippet:-1, max-image-preview:large, max-video-preview:-1\" \/>\n<link rel=\"canonical\" href=\"https:\/\/www.betaminic.com\/es\/shootingbets\/preguntas-frecuentes\/\" \/>\n<meta property=\"og:locale\" content=\"es_ES\" \/>\n<meta property=\"og:type\" content=\"article\" \/>\n<meta property=\"og:title\" content=\"Preguntas Frecuentes - Betaminic.com\" \/>\n<meta property=\"og:description\" content=\"[vc_row][vc_column][vc_column_text] [\/vc_column_text][\/vc_column][\/vc_row][vc_row][vc_column][vc_empty_space height=\u00bb48px\u00bb][\/vc_column][\/vc_row]\" \/>\n<meta property=\"og:url\" content=\"https:\/\/www.betaminic.com\/es\/shootingbets\/preguntas-frecuentes\/\" \/>\n<meta property=\"og:site_name\" content=\"Betaminic.com\" \/>\n<meta property=\"article:publisher\" content=\"https:\/\/www.facebook.com\/betaminic\/\" \/>\n<meta name=\"twitter:card\" content=\"summary_large_image\" \/>\n<meta name=\"twitter:site\" content=\"@betaminic\" \/>\n<meta name=\"twitter:label1\" content=\"Tiempo de lectura\" \/>\n\t<meta name=\"twitter:data1\" content=\"1 minuto\" \/>\n<script type=\"application\/ld+json\" class=\"yoast-schema-graph\">{\"@context\":\"https:\\\/\\\/schema.org\",\"@graph\":[{\"@type\":\"WebPage\",\"@id\":\"https:\\\/\\\/www.betaminic.com\\\/es\\\/shootingbets\\\/preguntas-frecuentes\\\/\",\"url\":\"https:\\\/\\\/www.betaminic.com\\\/es\\\/shootingbets\\\/preguntas-frecuentes\\\/\",\"name\":\"Preguntas Frecuentes - Betaminic.com\",\"isPartOf\":{\"@id\":\"https:\\\/\\\/www.betaminic.com\\\/es\\\/#website\"},\"datePublished\":\"2024-03-20T13:00:35+00:00\",\"breadcrumb\":{\"@id\":\"https:\\\/\\\/www.betaminic.com\\\/es\\\/shootingbets\\\/preguntas-frecuentes\\\/#breadcrumb\"},\"inLanguage\":\"es\",\"potentialAction\":[{\"@type\":\"ReadAction\",\"target\":[\"https:\\\/\\\/www.betaminic.com\\\/es\\\/shootingbets\\\/preguntas-frecuentes\\\/\"]}]},{\"@type\":\"BreadcrumbList\",\"@id\":\"https:\\\/\\\/www.betaminic.com\\\/es\\\/shootingbets\\\/preguntas-frecuentes\\\/#breadcrumb\",\"itemListElement\":[{\"@type\":\"ListItem\",\"position\":1,\"name\":\"Home\",\"item\":\"https:\\\/\\\/www.betaminic.com\\\/es\\\/\"},{\"@type\":\"ListItem\",\"position\":2,\"name\":\"ShootingBets\",\"item\":\"https:\\\/\\\/www.betaminic.com\\\/es\\\/shootingbets\\\/\"},{\"@type\":\"ListItem\",\"position\":3,\"name\":\"Preguntas Frecuentes\"}]},{\"@type\":\"WebSite\",\"@id\":\"https:\\\/\\\/www.betaminic.com\\\/es\\\/#website\",\"url\":\"https:\\\/\\\/www.betaminic.com\\\/es\\\/\",\"name\":\"Betaminic.com\",\"description\":\"\",\"publisher\":{\"@id\":\"https:\\\/\\\/www.betaminic.com\\\/es\\\/#organization\"},\"potentialAction\":[{\"@type\":\"SearchAction\",\"target\":{\"@type\":\"EntryPoint\",\"urlTemplate\":\"https:\\\/\\\/www.betaminic.com\\\/es\\\/?s={search_term_string}\"},\"query-input\":{\"@type\":\"PropertyValueSpecification\",\"valueRequired\":true,\"valueName\":\"search_term_string\"}}],\"inLanguage\":\"es\"},{\"@type\":\"Organization\",\"@id\":\"https:\\\/\\\/www.betaminic.com\\\/es\\\/#organization\",\"name\":\"Betaminic Bigdata Solutions, S.L.\",\"alternateName\":\"Betaminic\",\"url\":\"https:\\\/\\\/www.betaminic.com\\\/es\\\/\",\"logo\":{\"@type\":\"ImageObject\",\"inLanguage\":\"es\",\"@id\":\"https:\\\/\\\/www.betaminic.com\\\/es\\\/#\\\/schema\\\/logo\\\/image\\\/\",\"url\":\"https:\\\/\\\/www.betaminic.com\\\/wp-content\\\/uploads\\\/2017\\\/09\\\/betaminic-front-logo.png\",\"contentUrl\":\"https:\\\/\\\/www.betaminic.com\\\/wp-content\\\/uploads\\\/2017\\\/09\\\/betaminic-front-logo.png\",\"width\":250,\"height\":67,\"caption\":\"Betaminic Bigdata Solutions, S.L.\"},\"image\":{\"@id\":\"https:\\\/\\\/www.betaminic.com\\\/es\\\/#\\\/schema\\\/logo\\\/image\\\/\"},\"sameAs\":[\"https:\\\/\\\/www.facebook.com\\\/betaminic\\\/\",\"https:\\\/\\\/x.com\\\/betaminic\",\"https:\\\/\\\/www.youtube.com\\\/channel\\\/UCO8zcebQOIOw2Bqi-wpMafQ\"]}]}<\/script>\n<!-- \/ Yoast SEO plugin. -->","yoast_head_json":{"title":"Preguntas Frecuentes - Betaminic.com","robots":{"index":"index","follow":"follow","max-snippet":"max-snippet:-1","max-image-preview":"max-image-preview:large","max-video-preview":"max-video-preview:-1"},"canonical":"https:\/\/www.betaminic.com\/es\/shootingbets\/preguntas-frecuentes\/","og_locale":"es_ES","og_type":"article","og_title":"Preguntas Frecuentes - Betaminic.com","og_description":"[vc_row][vc_column][vc_column_text] [\/vc_column_text][\/vc_column][\/vc_row][vc_row][vc_column][vc_empty_space height=\u00bb48px\u00bb][\/vc_column][\/vc_row]","og_url":"https:\/\/www.betaminic.com\/es\/shootingbets\/preguntas-frecuentes\/","og_site_name":"Betaminic.com","article_publisher":"https:\/\/www.facebook.com\/betaminic\/","twitter_card":"summary_large_image","twitter_site":"@betaminic","twitter_misc":{"Tiempo de lectura":"1 minuto"},"schema":{"@context":"https:\/\/schema.org","@graph":[{"@type":"WebPage","@id":"https:\/\/www.betaminic.com\/es\/shootingbets\/preguntas-frecuentes\/","url":"https:\/\/www.betaminic.com\/es\/shootingbets\/preguntas-frecuentes\/","name":"Preguntas Frecuentes - Betaminic.com","isPartOf":{"@id":"https:\/\/www.betaminic.com\/es\/#website"},"datePublished":"2024-03-20T13:00:35+00:00","breadcrumb":{"@id":"https:\/\/www.betaminic.com\/es\/shootingbets\/preguntas-frecuentes\/#breadcrumb"},"inLanguage":"es","potentialAction":[{"@type":"ReadAction","target":["https:\/\/www.betaminic.com\/es\/shootingbets\/preguntas-frecuentes\/"]}]},{"@type":"BreadcrumbList","@id":"https:\/\/www.betaminic.com\/es\/shootingbets\/preguntas-frecuentes\/#breadcrumb","itemListElement":[{"@type":"ListItem","position":1,"name":"Home","item":"https:\/\/www.betaminic.com\/es\/"},{"@type":"ListItem","position":2,"name":"ShootingBets","item":"https:\/\/www.betaminic.com\/es\/shootingbets\/"},{"@type":"ListItem","position":3,"name":"Preguntas Frecuentes"}]},{"@type":"WebSite","@id":"https:\/\/www.betaminic.com\/es\/#website","url":"https:\/\/www.betaminic.com\/es\/","name":"Betaminic.com","description":"","publisher":{"@id":"https:\/\/www.betaminic.com\/es\/#organization"},"potentialAction":[{"@type":"SearchAction","target":{"@type":"EntryPoint","urlTemplate":"https:\/\/www.betaminic.com\/es\/?s={search_term_string}"},"query-input":{"@type":"PropertyValueSpecification","valueRequired":true,"valueName":"search_term_string"}}],"inLanguage":"es"},{"@type":"Organization","@id":"https:\/\/www.betaminic.com\/es\/#organization","name":"Betaminic Bigdata Solutions, S.L.","alternateName":"Betaminic","url":"https:\/\/www.betaminic.com\/es\/","logo":{"@type":"ImageObject","inLanguage":"es","@id":"https:\/\/www.betaminic.com\/es\/#\/schema\/logo\/image\/","url":"https:\/\/www.betaminic.com\/wp-content\/uploads\/2017\/09\/betaminic-front-logo.png","contentUrl":"https:\/\/www.betaminic.com\/wp-content\/uploads\/2017\/09\/betaminic-front-logo.png","width":250,"height":67,"caption":"Betaminic Bigdata Solutions, S.L."},"image":{"@id":"https:\/\/www.betaminic.com\/es\/#\/schema\/logo\/image\/"},"sameAs":["https:\/\/www.facebook.com\/betaminic\/","https:\/\/x.com\/betaminic","https:\/\/www.youtube.com\/channel\/UCO8zcebQOIOw2Bqi-wpMafQ"]}]}},"_links":{"self":[{"href":"https:\/\/www.betaminic.com\/es\/wp-json\/wp\/v2\/pages\/36624","targetHints":{"allow":["GET"]}}],"collection":[{"href":"https:\/\/www.betaminic.com\/es\/wp-json\/wp\/v2\/pages"}],"about":[{"href":"https:\/\/www.betaminic.com\/es\/wp-json\/wp\/v2\/types\/page"}],"author":[{"embeddable":true,"href":"https:\/\/www.betaminic.com\/es\/wp-json\/wp\/v2\/users\/37"}],"replies":[{"embeddable":true,"href":"https:\/\/www.betaminic.com\/es\/wp-json\/wp\/v2\/comments?post=36624"}],"version-history":[{"count":3,"href":"https:\/\/www.betaminic.com\/es\/wp-json\/wp\/v2\/pages\/36624\/revisions"}],"predecessor-version":[{"id":37004,"href":"https:\/\/www.betaminic.com\/es\/wp-json\/wp\/v2\/pages\/36624\/revisions\/37004"}],"up":[{"embeddable":true,"href":"https:\/\/www.betaminic.com\/es\/wp-json\/wp\/v2\/pages\/36407"}],"wp:attachment":[{"href":"https:\/\/www.betaminic.com\/es\/wp-json\/wp\/v2\/media?parent=36624"}],"curies":[{"name":"wp","href":"https:\/\/api.w.org\/{rel}","templated":true}]}}