{"id":40102,"date":"2025-05-11T19:08:57","date_gmt":"2025-05-11T17:08:57","guid":{"rendered":"https:\/\/www.betaminic.com\/?page_id=40102"},"modified":"2026-01-17T11:52:48","modified_gmt":"2026-01-17T10:52:48","slug":"apuestas-automatizadas","status":"publish","type":"page","link":"https:\/\/www.betaminic.com\/es\/apuestas-automatizadas\/","title":{"rendered":"Apuestas automatizadas"},"content":{"rendered":"<h3 class=\"wp-block-heading\"><strong>Apuestas automatizadas en los picks de Betaminic<\/strong><\/h3><p>Ahorra tiempo y esfuerzo al realizar apuestas en los picks de estrategia de Betaminic automatizando el proceso. Puedes vincular tus picks de Betaminic a los servicios que comprobar\u00e1n autom\u00e1ticamente si hay nuevos picks y realizar\u00e1n las apuestas por ti en Betfair Exchange o en el sportsbook PS3838.<\/p><p>Los picks de Betaminic generados en la herramienta <strong><a href=\"https:\/\/www.betaminic.com\/es\/betamin-builder\/\" target=\"_blank\" rel=\"noopener\">Betamin Builder<\/a><\/strong> pueden apostarse manualmente o de forma automatizada.<\/p><p>Si activas la automatizaci\u00f3n, tus picks de Betaminic se enviar\u00e1n al servicio que elijas.<\/p><p>Hay dos opciones para la automatizaci\u00f3n:<\/p><ol class=\"wp-block-list\"><li><strong><a href=\"https:\/\/www.betaminic.com\/es\/noticias\/automatiza-tus-apuestas-de-betaminic-con-bf-bot-manager\/\" target=\"_blank\" rel=\"noopener\">Usar Betfair Exchange con Bf Bot Manager<\/a><\/strong>.<\/li><\/ol><h4 class=\"wp-block-heading\"><strong>Betfair Exchange<\/strong><\/h4><p>Betfair Exchange es una plataforma de apuestas entre pares donde las personas apuestan entre s\u00ed, no contra una casa de apuestas. Betfair Exchange cobra una comisi\u00f3n sobre las ganancias del ganador. De esta forma, a Betfair no le importa si ganas o pierdes, por lo que no banean a los ganadores. El \u00fanico l\u00edmite de apuesta es la liquidez del mercado p\u00fablico.<\/p><div class=\"wp-block-image\"><figure class=\"aligncenter\"><img decoding=\"async\" width=\"944\" height=\"287\" src=\"https:\/\/www.betaminic.com\/wp-content\/uploads\/2025\/04\/Screenshot-2025-04-24-185138.png\" alt=\"\" class=\"wp-image-39870\" srcset=\"https:\/\/www.betaminic.com\/wp-content\/uploads\/2025\/04\/Screenshot-2025-04-24-185138.png 944w, https:\/\/www.betaminic.com\/wp-content\/uploads\/2025\/04\/Screenshot-2025-04-24-185138-600x182.png 600w, https:\/\/www.betaminic.com\/wp-content\/uploads\/2025\/04\/Screenshot-2025-04-24-185138-300x91.png 300w, https:\/\/www.betaminic.com\/wp-content\/uploads\/2025\/04\/Screenshot-2025-04-24-185138-768x233.png 768w\" sizes=\"(max-width: 944px) 100vw, 944px\" \/><\/figure><\/div><h4 class=\"wp-block-heading\"><strong>Bf Bot Manager<\/strong><\/h4><p>Bf Bot Manager (BFBM) es un software por suscripci\u00f3n que se descarga en tu PC y se configura para realizar apuestas autom\u00e1ticamente en Betfair Exchange. Requiere una cuenta en Betfair Exchange para funcionar y el software debe estar ejecut\u00e1ndose las 24 horas del d\u00eda para poder realizar apuestas. Algunas personas lo ejecutan en su PC personal. Otras lo hacen en un servidor privado virtual (VPS), de forma que no necesitan tener su PC encendido todo el d\u00eda.<\/p><p>Bf Bot Manager ofrece una prueba gratuita sin compromiso de 7 d\u00edas. La suscripci\u00f3n m\u00e1s rentable es la opci\u00f3n anual, que equivale a solo \u00a310 al mes, una cantidad razonable si consideras el tiempo que ahorrar\u00e1s cada d\u00eda.<\/p><p>Bf Bot Manager es un software muy avanzado en el que puedes personalizar tus bots de muchas maneras, incluyendo cu\u00e1ndo apostar, qu\u00e9 tipo de condiciones y madurez del mercado esperar, qu\u00e9 tipo de plan de staking utilizar, entre muchas otras opciones. Es una verdadera herramienta profesional de apuestas. Por supuesto, podemos ayudarte con la configuraci\u00f3n de tus bots de Betaminic.<\/p><div class=\"wp-block-image\"><figure class=\"aligncenter\"><img decoding=\"async\" width=\"1135\" height=\"469\" src=\"https:\/\/www.betaminic.com\/wp-content\/uploads\/2025\/04\/Screenshot-2025-04-24-185308.png\" alt=\"\" class=\"wp-image-39873\" srcset=\"https:\/\/www.betaminic.com\/wp-content\/uploads\/2025\/04\/Screenshot-2025-04-24-185308.png 1135w, https:\/\/www.betaminic.com\/wp-content\/uploads\/2025\/04\/Screenshot-2025-04-24-185308-600x248.png 600w, https:\/\/www.betaminic.com\/wp-content\/uploads\/2025\/04\/Screenshot-2025-04-24-185308-300x124.png 300w, https:\/\/www.betaminic.com\/wp-content\/uploads\/2025\/04\/Screenshot-2025-04-24-185308-1024x423.png 1024w, https:\/\/www.betaminic.com\/wp-content\/uploads\/2025\/04\/Screenshot-2025-04-24-185308-768x317.png 768w\" sizes=\"(max-width: 1135px) 100vw, 1135px\" \/><\/figure><\/div><h4 class=\"wp-block-heading\"><strong><a href=\"https:\/\/www.betaminic.com\/es\/noticias\/automatiza-tus-apuestas-de-betaminic-con-bf-bot-manager\/\" target=\"_blank\" rel=\"noopener\">Lee la gu\u00eda de configuraci\u00f3n del enlace entre Bf Bot Manager y Betaminic aqu\u00ed.<\/a><\/strong><\/h4><h4 class=\"wp-block-heading\"><strong>Tabla comparativa<\/strong><\/h4><figure class=\"wp-block-table aligncenter\"><table><tbody><tr><td class=\"has-text-align-center\" data-align=\"center\">\n<p style=\"text-align: center;\"><strong>Bf Bot Manager<\/strong><\/p>\n<\/td><\/tr><tr><td class=\"has-text-align-center\" data-align=\"center\"><img decoding=\"async\" class=\"aligncenter wp-image-39879 size-medium\" src=\"https:\/\/www.betaminic.com\/wp-content\/uploads\/2025\/04\/Screenshot-2025-04-24-185617-300x45.png\" alt=\"\" width=\"300\" height=\"45\" srcset=\"https:\/\/www.betaminic.com\/wp-content\/uploads\/2025\/04\/Screenshot-2025-04-24-185617-300x45.png 300w, https:\/\/www.betaminic.com\/wp-content\/uploads\/2025\/04\/Screenshot-2025-04-24-185617-600x89.png 600w, https:\/\/www.betaminic.com\/wp-content\/uploads\/2025\/04\/Screenshot-2025-04-24-185617.png 672w\" sizes=\"(max-width: 300px) 100vw, 300px\" \/><\/td><\/tr><tr><td class=\"has-text-align-center\" data-align=\"center\">Enlace a la gu\u00eda de configuraci\u00f3n<\/td><\/tr><tr><td class=\"has-text-align-center\" data-align=\"center\"><a href=\"http:\/\/www.bfbotmanager.com\">www.bfbotmanager.com<\/a><\/td><\/tr><tr><td class=\"has-text-align-center\" data-align=\"center\" colspan=\"2\">\u00bfCon qu\u00e9 casa de apuestas funciona?<\/td><\/tr><tr><td class=\"has-text-align-center\" data-align=\"center\"><strong>Betfair Exchange<\/strong><br><br><img decoding=\"async\" width=\"250\" height=\"68\" class=\"wp-image-40141\" style=\"width: 250px;\" src=\"https:\/\/www.betaminic.com\/wp-content\/uploads\/2025\/05\/Screenshot-2025-05-01-141233.png\" alt=\"\"><\/td><\/tr><tr><td class=\"has-text-align-center\" data-align=\"center\" colspan=\"2\"><p style=\"text-align: center;\"><strong>Pa\u00edses restringidos*<\/strong><\/p> (*Sigue siempre las leyes de apuestas de tu pa\u00eds y comprueba si han cambiado los t\u00e9rminos y condiciones de la casa de apuestas.)<\/td><\/tr><tr><td class=\"has-text-align-center\" data-align=\"center\"><span style=\"font-size: 14px;\">Canad\u00e1, China, Costa de Marfil, Cuba, RD del Congo, Eritrea, Francia, Groenlandia, Ir\u00e1n, Irak, Israel, Jap\u00f3n, L\u00edbano, Libia, Corea del Norte, Portugal, Somalia, Sud\u00e1n, Turqu\u00eda<\/span><\/td><\/tr><tr><td class=\"has-text-align-center\" data-align=\"center\"><span style=\"font-size: 14px;\">Existen versiones limitadas de Betfair para Italia y Espa\u00f1a. La liquidez de Betfair Italia y Betfair Espa\u00f1a es menor ya que no se comparte con el resto del mundo.<\/span><\/td><\/tr><tr><td class=\"has-text-align-center\" data-align=\"center\" colspan=\"2\"><strong>Instalaci\u00f3n<\/strong><\/td><\/tr><tr><td class=\"has-text-align-center\" data-align=\"center\">El software de BFBM debe descargarse e instalarse en un PC o VPS (Servidor Privado Virtual). El software debe estar activo y conectado a internet para que funcione.<\/td><\/tr><tr><td class=\"has-text-align-center\" data-align=\"center\" colspan=\"2\"><strong>Precio<\/strong><\/td><\/tr><tr><td class=\"has-text-align-center\" data-align=\"center\">\u00a310 al mes con suscripci\u00f3n de 12 meses<br>\u00a329.95 por 1 mes<br>\u00a359.95 por 3 meses (\u00a320 al mes)<br>\u00a389.95 por 6 meses (\u00a315 al mes)<br>\u00a3119.95 por 12 meses (\u00a310 al mes)<\/td><\/tr><tr><td class=\"has-text-align-center\" data-align=\"center\" colspan=\"2\"><strong>Caracter\u00edsticas<\/strong><\/td><\/tr><tr><td class=\"has-text-align-center\" data-align=\"center\">Altamente personalizable<\/td><\/tr><tr><td class=\"has-text-align-center\" data-align=\"center\" colspan=\"2\"><strong>Planes de staking<\/strong><\/td><\/tr><tr><td class=\"has-text-align-center\" data-align=\"center\">1 point staking plan<br>Bookies bank staking plan <br>Coup master staking plan <br>D\u2019Alembert <br>Dutching for target profit <br>Fibonacci Staking <br>First and last recovery <br>Kelly staking plan <br>Labouchere\/ Reverse Labouchere <br>Lay 1-4 <br>Lay Up Down Staking Plan <br>Level stakes <br>Maria staking plan <br>Moving average staking plan <br>Odds Staking Ladder <br>Overall loss recovery <br>Overall P\/L Parlay<br>Overall P\/L Simple Sequence <br>Percent of betting bank \/ ratchet staking <br>Pro staking plan <br>Retirement staking plan <br>Reversed recovery staking plan <br>Square root staking <br>Step staking plan <br>Sweeper \u2013 the six point plan <br>Target Profit Staking <br>Whitaker staking plan <\/td><\/tr><\/tbody><\/table><\/figure><h4 class=\"wp-block-heading\"><strong>\u00bfC\u00f3mo consigo una cuenta en Betfair Exchange?<\/strong><\/h4><p>Puedes ir directamente al sitio web de Betfair y registrarte desde este enlace.<\/p><figure class=\"wp-block-embed\"><div class=\"wp-block-embed__wrapper\">\nhttps:\/\/www.betfair.com\/exchange\/plus\n<\/div><\/figure><div class=\"wp-block-columns is-layout-flex wp-container-core-columns-is-layout-9d6595d7 wp-block-columns-is-layout-flex\"><div class=\"wp-block-column is-layout-flow wp-block-column-is-layout-flow\" style=\"flex-basis:100%\"><\/div><\/div><div class=\"wp-block-columns is-layout-flex wp-container-core-columns-is-layout-9d6595d7 wp-block-columns-is-layout-flex\"><div class=\"wp-block-column is-layout-flow wp-block-column-is-layout-flow\" style=\"flex-basis:100%\"><\/div><\/div><h4 class=\"wp-block-heading\"><strong>Gu\u00eda de configuraci\u00f3n del enlace Bf Bot Manager &#8211; Betaminic<\/strong><\/h4>\n<p><!-- \/wp:post-content --><\/p>\n<p><!-- wp:paragraph --><\/p>\n<p>Consulta <strong><a href=\"https:\/\/www.betaminic.com\/es\/noticias\/automatiza-tus-apuestas-de-betaminic-con-bf-bot-manager\/\" target=\"_blank\" rel=\"noopener\">nuestra gu\u00eda completa y detallada<\/a><\/strong> sobre c\u00f3mo configurar tu bot de Bf Bot Manager para Betfair Exchange:<\/p>\n<p><!-- \/wp:paragraph --><\/p>\n<p><!-- wp:image {\"id\":39885} --><\/p>\n<figure class=\"wp-block-image\"><img decoding=\"async\" width=\"300\" height=\"106\" class=\"wp-image-39885\" src=\"https:\/\/www.betaminic.com\/wp-content\/uploads\/2025\/04\/Screenshot-2025-04-24-191433-300x106.png\" alt=\"\" srcset=\"https:\/\/www.betaminic.com\/wp-content\/uploads\/2025\/04\/Screenshot-2025-04-24-191433-300x106.png 300w, https:\/\/www.betaminic.com\/wp-content\/uploads\/2025\/04\/Screenshot-2025-04-24-191433-600x211.png 600w, https:\/\/www.betaminic.com\/wp-content\/uploads\/2025\/04\/Screenshot-2025-04-24-191433.png 724w\" sizes=\"(max-width: 300px) 100vw, 300px\" \/><\/figure>\n<p><!-- \/wp:image --><\/p>\n<p><!-- wp:heading {\"level\":4} --><\/p>\n<h4 class=\"wp-block-heading\">\u00a0<\/h4>\n<p><!-- \/wp:heading --><\/p>\n<p><!-- wp:paragraph --><\/p>\n<p><!-- \/wp:paragraph --><\/p>\n<p><!-- wp:image {\"id\":39851} --><\/p>\n<figure class=\"wp-block-image\"><\/figure>\n<p><!-- \/wp:image --><\/p>","protected":false},"excerpt":{"rendered":"<p class=\"post-excerpt\">Apuestas automatizadas en los picks de Betaminic Ahorra tiempo y esfuerzo al realizar apuestas en los picks de estrategia de Betaminic automatizando el proceso. Puedes vincular tus picks de Betaminic a los servicios que comprobar\u00e1n autom\u00e1ticamente si hay nuevos picks y realizar\u00e1n las apuestas por ti en Betfair Exchange o en el sportsbook PS3838. Los&#8230;\n<\/p>","protected":false},"author":1844,"featured_media":40073,"parent":0,"menu_order":0,"comment_status":"closed","ping_status":"closed","template":"","meta":{"footnotes":""},"class_list":["post-40102","page","type-page","status-publish","has-post-thumbnail","hentry"],"yoast_head":"<!-- This site is optimized with the Yoast SEO plugin v27.5 - https:\/\/yoast.com\/product\/yoast-seo-wordpress\/ -->\n<title>Apuestas automatizadas - Betaminic.com<\/title>\n<meta name=\"description\" content=\"Automatiza tus picks de estrategia de Betaminic con Bf Bot Manager para Betfair Exchange o Smartbet en mercados de Pinnacle. \u00a1Ahorra tiempo!\" \/>\n<meta name=\"robots\" content=\"index, follow, max-snippet:-1, max-image-preview:large, max-video-preview:-1\" \/>\n<link rel=\"canonical\" href=\"https:\/\/www.betaminic.com\/es\/apuestas-automatizadas\/\" \/>\n<meta property=\"og:locale\" content=\"es_ES\" \/>\n<meta property=\"og:type\" content=\"article\" \/>\n<meta property=\"og:title\" content=\"Apuestas automatizadas - Betaminic.com\" \/>\n<meta property=\"og:description\" content=\"Automatiza tus picks de estrategia de Betaminic con Bf Bot Manager para Betfair Exchange o Smartbet en mercados de Pinnacle. \u00a1Ahorra tiempo!\" \/>\n<meta property=\"og:url\" content=\"https:\/\/www.betaminic.com\/es\/apuestas-automatizadas\/\" \/>\n<meta property=\"og:site_name\" content=\"Betaminic.com\" \/>\n<meta property=\"article:publisher\" content=\"https:\/\/www.facebook.com\/betaminic\/\" \/>\n<meta property=\"article:modified_time\" content=\"2026-01-17T10:52:48+00:00\" \/>\n<meta property=\"og:image\" content=\"https:\/\/www.betaminic.com\/wp-content\/uploads\/2025\/04\/Automated_Betting.png\" \/>\n\t<meta property=\"og:image:width\" content=\"674\" \/>\n\t<meta property=\"og:image:height\" content=\"195\" \/>\n\t<meta property=\"og:image:type\" content=\"image\/png\" \/>\n<meta name=\"twitter:card\" content=\"summary_large_image\" \/>\n<meta name=\"twitter:site\" content=\"@betaminic\" \/>\n<meta name=\"twitter:label1\" content=\"Tiempo de lectura\" \/>\n\t<meta name=\"twitter:data1\" content=\"5 minutos\" \/>\n<script type=\"application\/ld+json\" class=\"yoast-schema-graph\">{\"@context\":\"https:\\\/\\\/schema.org\",\"@graph\":[{\"@type\":\"WebPage\",\"@id\":\"https:\\\/\\\/www.betaminic.com\\\/es\\\/apuestas-automatizadas\\\/\",\"url\":\"https:\\\/\\\/www.betaminic.com\\\/es\\\/apuestas-automatizadas\\\/\",\"name\":\"Apuestas automatizadas - Betaminic.com\",\"isPartOf\":{\"@id\":\"https:\\\/\\\/www.betaminic.com\\\/es\\\/#website\"},\"primaryImageOfPage\":{\"@id\":\"https:\\\/\\\/www.betaminic.com\\\/es\\\/apuestas-automatizadas\\\/#primaryimage\"},\"image\":{\"@id\":\"https:\\\/\\\/www.betaminic.com\\\/es\\\/apuestas-automatizadas\\\/#primaryimage\"},\"thumbnailUrl\":\"https:\\\/\\\/www.betaminic.com\\\/wp-content\\\/uploads\\\/2025\\\/04\\\/Automated_Betting.png\",\"datePublished\":\"2025-05-11T17:08:57+00:00\",\"dateModified\":\"2026-01-17T10:52:48+00:00\",\"description\":\"Automatiza tus picks de estrategia de Betaminic con Bf Bot Manager para Betfair Exchange o Smartbet en mercados de Pinnacle. \u00a1Ahorra tiempo!\",\"breadcrumb\":{\"@id\":\"https:\\\/\\\/www.betaminic.com\\\/es\\\/apuestas-automatizadas\\\/#breadcrumb\"},\"inLanguage\":\"es\",\"potentialAction\":[{\"@type\":\"ReadAction\",\"target\":[\"https:\\\/\\\/www.betaminic.com\\\/es\\\/apuestas-automatizadas\\\/\"]}]},{\"@type\":\"ImageObject\",\"inLanguage\":\"es\",\"@id\":\"https:\\\/\\\/www.betaminic.com\\\/es\\\/apuestas-automatizadas\\\/#primaryimage\",\"url\":\"https:\\\/\\\/www.betaminic.com\\\/wp-content\\\/uploads\\\/2025\\\/04\\\/Automated_Betting.png\",\"contentUrl\":\"https:\\\/\\\/www.betaminic.com\\\/wp-content\\\/uploads\\\/2025\\\/04\\\/Automated_Betting.png\",\"width\":674,\"height\":195},{\"@type\":\"BreadcrumbList\",\"@id\":\"https:\\\/\\\/www.betaminic.com\\\/es\\\/apuestas-automatizadas\\\/#breadcrumb\",\"itemListElement\":[{\"@type\":\"ListItem\",\"position\":1,\"name\":\"Home\",\"item\":\"https:\\\/\\\/www.betaminic.com\\\/es\\\/\"},{\"@type\":\"ListItem\",\"position\":2,\"name\":\"Apuestas automatizadas\"}]},{\"@type\":\"WebSite\",\"@id\":\"https:\\\/\\\/www.betaminic.com\\\/es\\\/#website\",\"url\":\"https:\\\/\\\/www.betaminic.com\\\/es\\\/\",\"name\":\"Betaminic.com\",\"description\":\"\",\"publisher\":{\"@id\":\"https:\\\/\\\/www.betaminic.com\\\/es\\\/#organization\"},\"potentialAction\":[{\"@type\":\"SearchAction\",\"target\":{\"@type\":\"EntryPoint\",\"urlTemplate\":\"https:\\\/\\\/www.betaminic.com\\\/es\\\/?s={search_term_string}\"},\"query-input\":{\"@type\":\"PropertyValueSpecification\",\"valueRequired\":true,\"valueName\":\"search_term_string\"}}],\"inLanguage\":\"es\"},{\"@type\":\"Organization\",\"@id\":\"https:\\\/\\\/www.betaminic.com\\\/es\\\/#organization\",\"name\":\"Betaminic Bigdata Solutions, S.L.\",\"alternateName\":\"Betaminic\",\"url\":\"https:\\\/\\\/www.betaminic.com\\\/es\\\/\",\"logo\":{\"@type\":\"ImageObject\",\"inLanguage\":\"es\",\"@id\":\"https:\\\/\\\/www.betaminic.com\\\/es\\\/#\\\/schema\\\/logo\\\/image\\\/\",\"url\":\"https:\\\/\\\/www.betaminic.com\\\/wp-content\\\/uploads\\\/2017\\\/09\\\/betaminic-front-logo.png\",\"contentUrl\":\"https:\\\/\\\/www.betaminic.com\\\/wp-content\\\/uploads\\\/2017\\\/09\\\/betaminic-front-logo.png\",\"width\":250,\"height\":67,\"caption\":\"Betaminic Bigdata Solutions, S.L.\"},\"image\":{\"@id\":\"https:\\\/\\\/www.betaminic.com\\\/es\\\/#\\\/schema\\\/logo\\\/image\\\/\"},\"sameAs\":[\"https:\\\/\\\/www.facebook.com\\\/betaminic\\\/\",\"https:\\\/\\\/x.com\\\/betaminic\",\"https:\\\/\\\/www.youtube.com\\\/channel\\\/UCO8zcebQOIOw2Bqi-wpMafQ\"]}]}<\/script>\n<!-- \/ Yoast SEO plugin. -->","yoast_head_json":{"title":"Apuestas automatizadas - Betaminic.com","description":"Automatiza tus picks de estrategia de Betaminic con Bf Bot Manager para Betfair Exchange o Smartbet en mercados de Pinnacle. \u00a1Ahorra tiempo!","robots":{"index":"index","follow":"follow","max-snippet":"max-snippet:-1","max-image-preview":"max-image-preview:large","max-video-preview":"max-video-preview:-1"},"canonical":"https:\/\/www.betaminic.com\/es\/apuestas-automatizadas\/","og_locale":"es_ES","og_type":"article","og_title":"Apuestas automatizadas - Betaminic.com","og_description":"Automatiza tus picks de estrategia de Betaminic con Bf Bot Manager para Betfair Exchange o Smartbet en mercados de Pinnacle. \u00a1Ahorra tiempo!","og_url":"https:\/\/www.betaminic.com\/es\/apuestas-automatizadas\/","og_site_name":"Betaminic.com","article_publisher":"https:\/\/www.facebook.com\/betaminic\/","article_modified_time":"2026-01-17T10:52:48+00:00","og_image":[{"width":674,"height":195,"url":"https:\/\/www.betaminic.com\/wp-content\/uploads\/2025\/04\/Automated_Betting.png","type":"image\/png"}],"twitter_card":"summary_large_image","twitter_site":"@betaminic","twitter_misc":{"Tiempo de lectura":"5 minutos"},"schema":{"@context":"https:\/\/schema.org","@graph":[{"@type":"WebPage","@id":"https:\/\/www.betaminic.com\/es\/apuestas-automatizadas\/","url":"https:\/\/www.betaminic.com\/es\/apuestas-automatizadas\/","name":"Apuestas automatizadas - Betaminic.com","isPartOf":{"@id":"https:\/\/www.betaminic.com\/es\/#website"},"primaryImageOfPage":{"@id":"https:\/\/www.betaminic.com\/es\/apuestas-automatizadas\/#primaryimage"},"image":{"@id":"https:\/\/www.betaminic.com\/es\/apuestas-automatizadas\/#primaryimage"},"thumbnailUrl":"https:\/\/www.betaminic.com\/wp-content\/uploads\/2025\/04\/Automated_Betting.png","datePublished":"2025-05-11T17:08:57+00:00","dateModified":"2026-01-17T10:52:48+00:00","description":"Automatiza tus picks de estrategia de Betaminic con Bf Bot Manager para Betfair Exchange o Smartbet en mercados de Pinnacle. \u00a1Ahorra tiempo!","breadcrumb":{"@id":"https:\/\/www.betaminic.com\/es\/apuestas-automatizadas\/#breadcrumb"},"inLanguage":"es","potentialAction":[{"@type":"ReadAction","target":["https:\/\/www.betaminic.com\/es\/apuestas-automatizadas\/"]}]},{"@type":"ImageObject","inLanguage":"es","@id":"https:\/\/www.betaminic.com\/es\/apuestas-automatizadas\/#primaryimage","url":"https:\/\/www.betaminic.com\/wp-content\/uploads\/2025\/04\/Automated_Betting.png","contentUrl":"https:\/\/www.betaminic.com\/wp-content\/uploads\/2025\/04\/Automated_Betting.png","width":674,"height":195},{"@type":"BreadcrumbList","@id":"https:\/\/www.betaminic.com\/es\/apuestas-automatizadas\/#breadcrumb","itemListElement":[{"@type":"ListItem","position":1,"name":"Home","item":"https:\/\/www.betaminic.com\/es\/"},{"@type":"ListItem","position":2,"name":"Apuestas automatizadas"}]},{"@type":"WebSite","@id":"https:\/\/www.betaminic.com\/es\/#website","url":"https:\/\/www.betaminic.com\/es\/","name":"Betaminic.com","description":"","publisher":{"@id":"https:\/\/www.betaminic.com\/es\/#organization"},"potentialAction":[{"@type":"SearchAction","target":{"@type":"EntryPoint","urlTemplate":"https:\/\/www.betaminic.com\/es\/?s={search_term_string}"},"query-input":{"@type":"PropertyValueSpecification","valueRequired":true,"valueName":"search_term_string"}}],"inLanguage":"es"},{"@type":"Organization","@id":"https:\/\/www.betaminic.com\/es\/#organization","name":"Betaminic Bigdata Solutions, S.L.","alternateName":"Betaminic","url":"https:\/\/www.betaminic.com\/es\/","logo":{"@type":"ImageObject","inLanguage":"es","@id":"https:\/\/www.betaminic.com\/es\/#\/schema\/logo\/image\/","url":"https:\/\/www.betaminic.com\/wp-content\/uploads\/2017\/09\/betaminic-front-logo.png","contentUrl":"https:\/\/www.betaminic.com\/wp-content\/uploads\/2017\/09\/betaminic-front-logo.png","width":250,"height":67,"caption":"Betaminic Bigdata Solutions, S.L."},"image":{"@id":"https:\/\/www.betaminic.com\/es\/#\/schema\/logo\/image\/"},"sameAs":["https:\/\/www.facebook.com\/betaminic\/","https:\/\/x.com\/betaminic","https:\/\/www.youtube.com\/channel\/UCO8zcebQOIOw2Bqi-wpMafQ"]}]}},"_links":{"self":[{"href":"https:\/\/www.betaminic.com\/es\/wp-json\/wp\/v2\/pages\/40102","targetHints":{"allow":["GET"]}}],"collection":[{"href":"https:\/\/www.betaminic.com\/es\/wp-json\/wp\/v2\/pages"}],"about":[{"href":"https:\/\/www.betaminic.com\/es\/wp-json\/wp\/v2\/types\/page"}],"author":[{"embeddable":true,"href":"https:\/\/www.betaminic.com\/es\/wp-json\/wp\/v2\/users\/1844"}],"replies":[{"embeddable":true,"href":"https:\/\/www.betaminic.com\/es\/wp-json\/wp\/v2\/comments?post=40102"}],"version-history":[{"count":8,"href":"https:\/\/www.betaminic.com\/es\/wp-json\/wp\/v2\/pages\/40102\/revisions"}],"predecessor-version":[{"id":42213,"href":"https:\/\/www.betaminic.com\/es\/wp-json\/wp\/v2\/pages\/40102\/revisions\/42213"}],"wp:featuredmedia":[{"embeddable":true,"href":"https:\/\/www.betaminic.com\/es\/wp-json\/wp\/v2\/media\/40073"}],"wp:attachment":[{"href":"https:\/\/www.betaminic.com\/es\/wp-json\/wp\/v2\/media?parent=40102"}],"curies":[{"name":"wp","href":"https:\/\/api.w.org\/{rel}","templated":true}]}}