{"id":740,"date":"2017-07-28T14:03:49","date_gmt":"2017-07-28T14:03:49","guid":{"rendered":"https:\/\/www.betaminic.com\/como-funciona\/"},"modified":"2019-10-15T18:36:30","modified_gmt":"2019-10-15T16:36:30","slug":"como-funciona","status":"publish","type":"page","link":"https:\/\/www.betaminic.com\/es\/betamin-builder\/como-funciona\/","title":{"rendered":"C\u00f3mo funciona"},"content":{"rendered":"<section class=\"wpb-content-wrapper\">[vc_row offset_top=\u00bb180&#8243; css=\u00bb.vc_custom_1506945318907{padding-top: 50px !important;padding-bottom: 50px !important;}\u00bb][vc_column][vc_row_inner][vc_column_inner width=\u00bb1\/2&#8243; class=\u00bbhome_video_banner\u00bb][vc_single_image image=\u00bb20643&#8243; link=\u00bbhttps:\/\/www.betaminic.com\/es\/como-crear-estrategias-rentables-con-betamin-builder\/\u00bb onclick=\u00bbcustom_link\u00bb][\/vc_column_inner][vc_column_inner width=\u00bb1\/2&#8243;]<h2 class=\"block-title text-dark text-center front-heading-title\">C\u00f3mo crear estrategias rentables con Betamin Builder<\/h2>[vc_column_text]Aprende todos los pasos necesarios para crear estrategias tan rentables como la que te mostramos con la ayuda de Betamin Builder. Escoge los filtros que desees, analiza los gr\u00e1ficos y revisa los datos resumen de la estrategia antes de guardarla.<\/p>\n<p>Crea estrategias en pocos minutos buscando tendencias que hayan funcionado a pasado, chequeando el Max Drawdown obtenido para intentar minimizar el riesgo y viendo la evoluci\u00f3n del Rdo mediante tres tipos de gr\u00e1ficas diferentes.\u00a0\n<p><a href=\"https:\/\/www.betaminic.com\/es\/como-crear-estrategias-rentables-con-betamin-builder\/\" target=\"_blank\" rel=\"noopener\">[Leer m\u00e1s]<\/a>[\/vc_column_text][\/vc_column_inner][\/vc_row_inner][\/vc_column][\/vc_row][vc_row offset_top=\u00bb180&#8243; css=\u00bb.vc_custom_1506945318907{padding-top: 50px !important;padding-bottom: 50px !important;}\u00bb][vc_column][vc_row_inner class=\u00bbhome_video_banner\u00bb][vc_column_inner width=\u00bb1\/2&#8243; class=\u00bbhome_video_banner\u00bb]<h2 class=\"block-title text-dark text-center front-heading-title\">C\u00f3mo recibir los Picks de las estrategias<\/h2>[vc_column_text]Este tutorial te mostrar\u00e1 de una forma sencilla c\u00f3mo recibir los picks de las estrategias\u00a0para que\u00a0no te pierdas una sola alerta\u00a0y est\u00e9s avisado al instante cada\u00a0vez que\u00a0haya un nuevo pick.<\/p>\n<p>Podr\u00e1s recibir los picks directamente en tu cuenta de correo, y tambi\u00e9n estar\u00e1n disponibles en el apartado \u00abMis Picks\u00bb dentro de la herramienta.<\/p>\n<p><a href=\"https:\/\/www.betaminic.com\/es\/como-recibir-los-picks-de-las-estrategias\/\" target=\"_blank\" rel=\"noopener\">[Leer m\u00e1s]<\/a>[\/vc_column_text][\/vc_column_inner][vc_column_inner width=\u00bb1\/2&#8243;][vc_single_image image=\u00bb20645&#8243; link=\u00bbhttps:\/\/www.betaminic.com\/es\/como-recibir-los-picks-de-las-estrategias\/\u00bb onclick=\u00bbcustom_link\u00bb][\/vc_column_inner][\/vc_row_inner][\/vc_column][\/vc_row][vc_row offset_top=\u00bb180&#8243; css=\u00bb.vc_custom_1506945318907{padding-top: 50px !important;padding-bottom: 50px !important;}\u00bb][vc_column][vc_row_inner][vc_column_inner width=\u00bb1\/2&#8243; class=\u00bbhome_video_banner\u00bb][vc_single_image image=\u00bb20647&#8243; link=\u00bbhttps:\/\/www.betaminic.com\/es\/como-agregar-estrategias\/\u00bb onclick=\u00bbcustom_link\u00bb][\/vc_column_inner][vc_column_inner width=\u00bb1\/2&#8243;]<h2 class=\"block-title text-dark text-center front-heading-title\">C\u00f3mo agregar estrategias<\/h2>[vc_column_text]Te presentamos una funci\u00f3n bastante \u00fatil para tomar una decisi\u00f3n a la hora de seguir m\u00e1s de una estrategia. Con el AGREGADOR de Estrategias podr\u00e1s combinar varios sistemas para crear tu propia cartera de estrategias, diversificando el riesgo y optimizando los beneficios.<\/p>\n<p>Te recomendamos que combines mercados de apuestas diferentes para suavizar las malas rachas e incrementar los beneficios a largo plazo.<\/p>\n<p><a href=\"https:\/\/www.betaminic.com\/es\/como-agregar-estrategias\/\" target=\"_blank\" rel=\"noopener\">[Leer m\u00e1s]<\/a>[\/vc_column_text][\/vc_column_inner][\/vc_row_inner][\/vc_column][\/vc_row][vc_row offset_top=\u00bb180&#8243; css=\u00bb.vc_custom_1506945318907{padding-top: 50px !important;padding-bottom: 50px !important;}\u00bb][vc_column][vc_row_inner class=\u00bbhome_video_banner\u00bb][vc_column_inner width=\u00bb1\/2&#8243; class=\u00bbhome_video_banner\u00bb]<h2 class=\"block-title text-dark text-center front-heading-title\">Aprende a ganar con sistemas de apuestas<\/h2>[vc_column_text]En el siguiente v\u00eddeo te mostramos c\u00f3mo puedes aprovecharte del Big Data para ganar en las apuestas deportivas. Aprende las bases en menos de 10 minutos.<\/p>\n<p>El v\u00eddeo est\u00e1 en ingl\u00e9s, pero puedes seleccionar los subt\u00edtulos en espa\u00f1ol si as\u00ed lo deseas.<\/p>\n<p><a href=\"https:\/\/www.youtube.com\/watch?v=g12aiybc764\" target=\"_blank\" rel=\"noopener\">[Ver v\u00eddeo completo]<\/a>[\/vc_column_text][\/vc_column_inner][vc_column_inner width=\u00bb1\/2&#8243;][vc_single_image onclick=\u00bbcustom_link\u00bb image=\u00bb20649&#8243; link=\u00bbhttps:\/\/www.youtube.com\/watch?v=g12aiybc764&#8243;]<div class=\"video-popup text-dark text-center play_btns_link\"><a href=\"https:\/\/www.youtube.com\/watch?v=g12aiybc764\" class=\"video-popup-btn\"><i class=\"material-icons play_circle_filled\"><\/i><\/a><\/div>[\/vc_column_inner][\/vc_row_inner][\/vc_column][\/vc_row][vc_row offset_top=\u00bb180&#8243; css=\u00bb.vc_custom_1507115578824{padding-top: 50px !important;padding-bottom: 50px !important;background-color: #f5f5f5 !important;}\u00bb][vc_column][vc_row_inner class=\u00bbhome_video_banner\u00bb][vc_column_inner class=\u00bbhome_video_banner\u00bb][vc_column_text]\n<div class=\"text-center\"><img decoding=\"async\" class=\"alignnone size-medium wp-image-687\" style=\"vertical-align: middle; margin: 0px 11px 0px 0px;\" src=\"https:\/\/www.betaminic.com\/wp-content\/uploads\/2016\/10\/Logo-Betamin-Builder-1-300x80.png\" alt=\"\" width=\"200\" height=\"80\" \/><a class=\"btn btn-solid btn-rounded btn-light btn-nl\" href=\"https:\/\/www.betaminic.com\/es\/iniciar-sesion\/\">\u00a1Comencemos, es GRATIS!<\/a><\/div>\n[\/vc_column_text][\/vc_column_inner][\/vc_row_inner][\/vc_column][\/vc_row]\n<\/section>","protected":false},"excerpt":{"rendered":"<p class=\"post-excerpt\">[vc_row offset_top=\u00bb180&#8243; css=\u00bb.vc_custom_1506945318907{padding-top: 50px !important;padding-bottom: 50px !important;}\u00bb][vc_column][vc_row_inner][vc_column_inner width=\u00bb1\/2&#8243; class=\u00bbhome_video_banner\u00bb][vc_single_image image=\u00bb20643&#8243; link=\u00bbhttps:\/\/www.betaminic.com\/es\/como-crear-estrategias-rentables-con-betamin-builder\/\u00bb onclick=\u00bbcustom_link\u00bb][\/vc_column_inner][vc_column_inner width=\u00bb1\/2&#8243;][vc_column_text]Aprende todos los pasos necesarios para crear estrategias tan rentables como la que te mostramos con la ayuda de Betamin Builder. Escoge los filtros que desees, analiza los gr\u00e1ficos y revisa los datos resumen de la estrategia antes de guardarla. Crea estrategias en&#8230;\n<\/p>","protected":false},"author":1,"featured_media":0,"parent":19623,"menu_order":0,"comment_status":"closed","ping_status":"closed","template":"","meta":{"footnotes":""},"class_list":["post-740","page","type-page","status-publish","hentry"],"yoast_head":"<!-- This site is optimized with the Yoast SEO plugin v27.5 - https:\/\/yoast.com\/product\/yoast-seo-wordpress\/ -->\n<title>C\u00f3mo funciona - Betaminic.com<\/title>\n<meta name=\"robots\" content=\"index, follow, max-snippet:-1, max-image-preview:large, max-video-preview:-1\" \/>\n<link rel=\"canonical\" href=\"https:\/\/www.betaminic.com\/es\/betamin-builder\/como-funciona\/\" \/>\n<meta property=\"og:locale\" content=\"es_ES\" \/>\n<meta property=\"og:type\" content=\"article\" \/>\n<meta property=\"og:title\" content=\"C\u00f3mo funciona - Betaminic.com\" \/>\n<meta property=\"og:description\" content=\"[vc_row offset_top=\u00bb180&#8243; css=\u00bb.vc_custom_1506945318907{padding-top: 50px !important;padding-bottom: 50px !important;}\u00bb][vc_column][vc_row_inner][vc_column_inner width=\u00bb1\/2&#8243; class=\u00bbhome_video_banner\u00bb][vc_single_image image=\u00bb20643&#8243; link=\u00bbhttps:\/\/www.betaminic.com\/es\/como-crear-estrategias-rentables-con-betamin-builder\/\u00bb onclick=\u00bbcustom_link\u00bb][\/vc_column_inner][vc_column_inner width=\u00bb1\/2&#8243;][vc_column_text]Aprende todos los pasos necesarios para crear estrategias tan rentables como la que te mostramos con la ayuda de Betamin Builder. Escoge los filtros que desees, analiza los gr\u00e1ficos y revisa los datos resumen de la estrategia antes de guardarla. Crea estrategias en...\" \/>\n<meta property=\"og:url\" content=\"https:\/\/www.betaminic.com\/es\/betamin-builder\/como-funciona\/\" \/>\n<meta property=\"og:site_name\" content=\"Betaminic.com\" \/>\n<meta property=\"article:publisher\" content=\"https:\/\/www.facebook.com\/betaminic\/\" \/>\n<meta property=\"article:modified_time\" content=\"2019-10-15T16:36:30+00:00\" \/>\n<meta property=\"og:image\" content=\"https:\/\/www.betaminic.com\/wp-content\/uploads\/2016\/10\/Logo-Betamin-Builder-1-300x80.png\" \/>\n<meta name=\"twitter:card\" content=\"summary_large_image\" \/>\n<meta name=\"twitter:site\" content=\"@betaminic\" \/>\n<meta name=\"twitter:label1\" content=\"Tiempo de lectura\" \/>\n\t<meta name=\"twitter:data1\" content=\"3 minutos\" \/>\n<script type=\"application\/ld+json\" class=\"yoast-schema-graph\">{\"@context\":\"https:\\\/\\\/schema.org\",\"@graph\":[{\"@type\":\"WebPage\",\"@id\":\"https:\\\/\\\/www.betaminic.com\\\/es\\\/betamin-builder\\\/como-funciona\\\/\",\"url\":\"https:\\\/\\\/www.betaminic.com\\\/es\\\/betamin-builder\\\/como-funciona\\\/\",\"name\":\"C\u00f3mo funciona - Betaminic.com\",\"isPartOf\":{\"@id\":\"https:\\\/\\\/www.betaminic.com\\\/es\\\/#website\"},\"primaryImageOfPage\":{\"@id\":\"https:\\\/\\\/www.betaminic.com\\\/es\\\/betamin-builder\\\/como-funciona\\\/#primaryimage\"},\"image\":{\"@id\":\"https:\\\/\\\/www.betaminic.com\\\/es\\\/betamin-builder\\\/como-funciona\\\/#primaryimage\"},\"thumbnailUrl\":\"https:\\\/\\\/www.betaminic.com\\\/wp-content\\\/uploads\\\/2016\\\/10\\\/Logo-Betamin-Builder-1-300x80.png\",\"datePublished\":\"2017-07-28T14:03:49+00:00\",\"dateModified\":\"2019-10-15T16:36:30+00:00\",\"breadcrumb\":{\"@id\":\"https:\\\/\\\/www.betaminic.com\\\/es\\\/betamin-builder\\\/como-funciona\\\/#breadcrumb\"},\"inLanguage\":\"es\",\"potentialAction\":[{\"@type\":\"ReadAction\",\"target\":[\"https:\\\/\\\/www.betaminic.com\\\/es\\\/betamin-builder\\\/como-funciona\\\/\"]}]},{\"@type\":\"ImageObject\",\"inLanguage\":\"es\",\"@id\":\"https:\\\/\\\/www.betaminic.com\\\/es\\\/betamin-builder\\\/como-funciona\\\/#primaryimage\",\"url\":\"https:\\\/\\\/www.betaminic.com\\\/wp-content\\\/uploads\\\/2016\\\/10\\\/Logo-Betamin-Builder-1-300x80.png\",\"contentUrl\":\"https:\\\/\\\/www.betaminic.com\\\/wp-content\\\/uploads\\\/2016\\\/10\\\/Logo-Betamin-Builder-1-300x80.png\"},{\"@type\":\"BreadcrumbList\",\"@id\":\"https:\\\/\\\/www.betaminic.com\\\/es\\\/betamin-builder\\\/como-funciona\\\/#breadcrumb\",\"itemListElement\":[{\"@type\":\"ListItem\",\"position\":1,\"name\":\"Home\",\"item\":\"https:\\\/\\\/www.betaminic.com\\\/es\\\/\"},{\"@type\":\"ListItem\",\"position\":2,\"name\":\"Betamin Builder\",\"item\":\"https:\\\/\\\/www.betaminic.com\\\/es\\\/betamin-builder\\\/\"},{\"@type\":\"ListItem\",\"position\":3,\"name\":\"C\u00f3mo funciona\"}]},{\"@type\":\"WebSite\",\"@id\":\"https:\\\/\\\/www.betaminic.com\\\/es\\\/#website\",\"url\":\"https:\\\/\\\/www.betaminic.com\\\/es\\\/\",\"name\":\"Betaminic.com\",\"description\":\"\",\"publisher\":{\"@id\":\"https:\\\/\\\/www.betaminic.com\\\/es\\\/#organization\"},\"potentialAction\":[{\"@type\":\"SearchAction\",\"target\":{\"@type\":\"EntryPoint\",\"urlTemplate\":\"https:\\\/\\\/www.betaminic.com\\\/es\\\/?s={search_term_string}\"},\"query-input\":{\"@type\":\"PropertyValueSpecification\",\"valueRequired\":true,\"valueName\":\"search_term_string\"}}],\"inLanguage\":\"es\"},{\"@type\":\"Organization\",\"@id\":\"https:\\\/\\\/www.betaminic.com\\\/es\\\/#organization\",\"name\":\"Betaminic Bigdata Solutions, S.L.\",\"alternateName\":\"Betaminic\",\"url\":\"https:\\\/\\\/www.betaminic.com\\\/es\\\/\",\"logo\":{\"@type\":\"ImageObject\",\"inLanguage\":\"es\",\"@id\":\"https:\\\/\\\/www.betaminic.com\\\/es\\\/#\\\/schema\\\/logo\\\/image\\\/\",\"url\":\"https:\\\/\\\/www.betaminic.com\\\/wp-content\\\/uploads\\\/2017\\\/09\\\/betaminic-front-logo.png\",\"contentUrl\":\"https:\\\/\\\/www.betaminic.com\\\/wp-content\\\/uploads\\\/2017\\\/09\\\/betaminic-front-logo.png\",\"width\":250,\"height\":67,\"caption\":\"Betaminic Bigdata Solutions, S.L.\"},\"image\":{\"@id\":\"https:\\\/\\\/www.betaminic.com\\\/es\\\/#\\\/schema\\\/logo\\\/image\\\/\"},\"sameAs\":[\"https:\\\/\\\/www.facebook.com\\\/betaminic\\\/\",\"https:\\\/\\\/x.com\\\/betaminic\",\"https:\\\/\\\/www.youtube.com\\\/channel\\\/UCO8zcebQOIOw2Bqi-wpMafQ\"]}]}<\/script>\n<!-- \/ Yoast SEO plugin. -->","yoast_head_json":{"title":"C\u00f3mo funciona - Betaminic.com","robots":{"index":"index","follow":"follow","max-snippet":"max-snippet:-1","max-image-preview":"max-image-preview:large","max-video-preview":"max-video-preview:-1"},"canonical":"https:\/\/www.betaminic.com\/es\/betamin-builder\/como-funciona\/","og_locale":"es_ES","og_type":"article","og_title":"C\u00f3mo funciona - Betaminic.com","og_description":"[vc_row offset_top=\u00bb180&#8243; css=\u00bb.vc_custom_1506945318907{padding-top: 50px !important;padding-bottom: 50px !important;}\u00bb][vc_column][vc_row_inner][vc_column_inner width=\u00bb1\/2&#8243; class=\u00bbhome_video_banner\u00bb][vc_single_image image=\u00bb20643&#8243; link=\u00bbhttps:\/\/www.betaminic.com\/es\/como-crear-estrategias-rentables-con-betamin-builder\/\u00bb onclick=\u00bbcustom_link\u00bb][\/vc_column_inner][vc_column_inner width=\u00bb1\/2&#8243;][vc_column_text]Aprende todos los pasos necesarios para crear estrategias tan rentables como la que te mostramos con la ayuda de Betamin Builder. Escoge los filtros que desees, analiza los gr\u00e1ficos y revisa los datos resumen de la estrategia antes de guardarla. Crea estrategias en...","og_url":"https:\/\/www.betaminic.com\/es\/betamin-builder\/como-funciona\/","og_site_name":"Betaminic.com","article_publisher":"https:\/\/www.facebook.com\/betaminic\/","article_modified_time":"2019-10-15T16:36:30+00:00","og_image":[{"url":"https:\/\/www.betaminic.com\/wp-content\/uploads\/2016\/10\/Logo-Betamin-Builder-1-300x80.png","type":"","width":"","height":""}],"twitter_card":"summary_large_image","twitter_site":"@betaminic","twitter_misc":{"Tiempo de lectura":"3 minutos"},"schema":{"@context":"https:\/\/schema.org","@graph":[{"@type":"WebPage","@id":"https:\/\/www.betaminic.com\/es\/betamin-builder\/como-funciona\/","url":"https:\/\/www.betaminic.com\/es\/betamin-builder\/como-funciona\/","name":"C\u00f3mo funciona - Betaminic.com","isPartOf":{"@id":"https:\/\/www.betaminic.com\/es\/#website"},"primaryImageOfPage":{"@id":"https:\/\/www.betaminic.com\/es\/betamin-builder\/como-funciona\/#primaryimage"},"image":{"@id":"https:\/\/www.betaminic.com\/es\/betamin-builder\/como-funciona\/#primaryimage"},"thumbnailUrl":"https:\/\/www.betaminic.com\/wp-content\/uploads\/2016\/10\/Logo-Betamin-Builder-1-300x80.png","datePublished":"2017-07-28T14:03:49+00:00","dateModified":"2019-10-15T16:36:30+00:00","breadcrumb":{"@id":"https:\/\/www.betaminic.com\/es\/betamin-builder\/como-funciona\/#breadcrumb"},"inLanguage":"es","potentialAction":[{"@type":"ReadAction","target":["https:\/\/www.betaminic.com\/es\/betamin-builder\/como-funciona\/"]}]},{"@type":"ImageObject","inLanguage":"es","@id":"https:\/\/www.betaminic.com\/es\/betamin-builder\/como-funciona\/#primaryimage","url":"https:\/\/www.betaminic.com\/wp-content\/uploads\/2016\/10\/Logo-Betamin-Builder-1-300x80.png","contentUrl":"https:\/\/www.betaminic.com\/wp-content\/uploads\/2016\/10\/Logo-Betamin-Builder-1-300x80.png"},{"@type":"BreadcrumbList","@id":"https:\/\/www.betaminic.com\/es\/betamin-builder\/como-funciona\/#breadcrumb","itemListElement":[{"@type":"ListItem","position":1,"name":"Home","item":"https:\/\/www.betaminic.com\/es\/"},{"@type":"ListItem","position":2,"name":"Betamin Builder","item":"https:\/\/www.betaminic.com\/es\/betamin-builder\/"},{"@type":"ListItem","position":3,"name":"C\u00f3mo funciona"}]},{"@type":"WebSite","@id":"https:\/\/www.betaminic.com\/es\/#website","url":"https:\/\/www.betaminic.com\/es\/","name":"Betaminic.com","description":"","publisher":{"@id":"https:\/\/www.betaminic.com\/es\/#organization"},"potentialAction":[{"@type":"SearchAction","target":{"@type":"EntryPoint","urlTemplate":"https:\/\/www.betaminic.com\/es\/?s={search_term_string}"},"query-input":{"@type":"PropertyValueSpecification","valueRequired":true,"valueName":"search_term_string"}}],"inLanguage":"es"},{"@type":"Organization","@id":"https:\/\/www.betaminic.com\/es\/#organization","name":"Betaminic Bigdata Solutions, S.L.","alternateName":"Betaminic","url":"https:\/\/www.betaminic.com\/es\/","logo":{"@type":"ImageObject","inLanguage":"es","@id":"https:\/\/www.betaminic.com\/es\/#\/schema\/logo\/image\/","url":"https:\/\/www.betaminic.com\/wp-content\/uploads\/2017\/09\/betaminic-front-logo.png","contentUrl":"https:\/\/www.betaminic.com\/wp-content\/uploads\/2017\/09\/betaminic-front-logo.png","width":250,"height":67,"caption":"Betaminic Bigdata Solutions, S.L."},"image":{"@id":"https:\/\/www.betaminic.com\/es\/#\/schema\/logo\/image\/"},"sameAs":["https:\/\/www.facebook.com\/betaminic\/","https:\/\/x.com\/betaminic","https:\/\/www.youtube.com\/channel\/UCO8zcebQOIOw2Bqi-wpMafQ"]}]}},"_links":{"self":[{"href":"https:\/\/www.betaminic.com\/es\/wp-json\/wp\/v2\/pages\/740","targetHints":{"allow":["GET"]}}],"collection":[{"href":"https:\/\/www.betaminic.com\/es\/wp-json\/wp\/v2\/pages"}],"about":[{"href":"https:\/\/www.betaminic.com\/es\/wp-json\/wp\/v2\/types\/page"}],"author":[{"embeddable":true,"href":"https:\/\/www.betaminic.com\/es\/wp-json\/wp\/v2\/users\/1"}],"replies":[{"embeddable":true,"href":"https:\/\/www.betaminic.com\/es\/wp-json\/wp\/v2\/comments?post=740"}],"version-history":[{"count":36,"href":"https:\/\/www.betaminic.com\/es\/wp-json\/wp\/v2\/pages\/740\/revisions"}],"predecessor-version":[{"id":20672,"href":"https:\/\/www.betaminic.com\/es\/wp-json\/wp\/v2\/pages\/740\/revisions\/20672"}],"up":[{"embeddable":true,"href":"https:\/\/www.betaminic.com\/es\/wp-json\/wp\/v2\/pages\/19623"}],"wp:attachment":[{"href":"https:\/\/www.betaminic.com\/es\/wp-json\/wp\/v2\/media?parent=740"}],"curies":[{"name":"wp","href":"https:\/\/api.w.org\/{rel}","templated":true}]}}