{"id":754,"date":"2017-09-27T17:25:31","date_gmt":"2017-09-27T17:25:31","guid":{"rendered":"https:\/\/www.betaminic.com\/aviso-legal-y-politica-de-privacidad\/"},"modified":"2020-06-17T17:25:09","modified_gmt":"2020-06-17T15:25:09","slug":"informacion-legal","status":"publish","type":"page","link":"https:\/\/www.betaminic.com\/es\/informacion-legal\/","title":{"rendered":"Informaci\u00f3n Legal"},"content":{"rendered":"<p>&nbsp;<\/p>\n<p><strong>1. DATOS GENERALES<\/strong><\/p>\n<p>En virtud del cumplimiento de la Ley 34\/2002, de 11 de Julio, de Servicios de Sociedad de la Informaci\u00f3n y Comercio Electr\u00f3nico (en adelante LSSICE), te informamos que el titular de la presente p\u00e1gina web es BETAMINIC BIGDATA SOLUTIONS, S.L., cuyos datos identificativos son los siguientes:<\/p>\n<p><strong>BETAMINIC BIGDATA SOLUTIONS, S.L.<\/strong><\/p>\n<p>Calle Condes de Barcelona n\u00ba1, 2\u00ba 28019 Madrid (Espa\u00f1a)<\/p>\n<p>NIF: B87929881<\/p>\n<p>Correo Electr\u00f3nico: <a href=\"mailto:in**@*******ic.com\" data-original-string=\"EVaRgRn606dQrFkExDd86g==8e9ofaBU07lZ+O9S\/b4Lgu9PJ5qIYHebLxr6EF08GUJgSs=\" title=\"Este contacto ha sido codificado por Anti-Spam by CleanTalk. Haz clic para decodificar. Para finalizar la decodificaci\u00f3n, aseg\u00farate de que JavaScript est\u00e1 activado en tu navegador.\"><span \n                data-original-string='JtW1IQZtEBhmZ5dgGAw\/yQ==8e9w9il6nDU3yrXszXq1l2Fb1i+ersIrw3jb2xBT7OpbbU='\n                class='apbct-email-encoder'\n                title='Este contacto ha sido codificado por Anti-Spam by CleanTalk. Haz clic para decodificar. Para finalizar la decodificaci\u00f3n, aseg\u00farate de que JavaScript est\u00e1 activado en tu navegador.'>in<span class=\"apbct-blur\">**<\/span>@<span class=\"apbct-blur\">*******<\/span>ic.com<\/span><\/a><\/p>\n<p><strong>2. CONDICIONES DE USO DE LA P\u00c1GINA WEB<\/strong><\/p>\n<p><strong>Generalidades<\/strong><\/p>\n<p>BETAMINIC BIGDATA SOLUTIONS, S.L. (en adelante BETAMINIC) pone a disposici\u00f3n de los usuarios de Internet de manera gratuita la P\u00e1gina Web BETAMINIC (en adelante Web BETAMINIC), a trav\u00e9s de la cual proporciona informaci\u00f3n acerca de sus productos y servicios y ofrece la posibilidad de su contrataci\u00f3n.<\/p>\n<p>El acceso a la Web BETAMINIC implica la aceptaci\u00f3n de las presentes Condiciones de Uso, que podr\u00e1n ser modificadas o sustituidas por su titular en cualquier momento mediante la publicaci\u00f3n de dichas modificaciones en la Web BETAMINIC. Por ello, BETAMINIC recomienda al usuario leerlas atentamente cada vez que acceda al Sitio Web. Estas condiciones estar\u00e1n siempre en un sitio visible y f\u00e1cilmente accesible para cuantas consultas quieras realizar. El usuario se compromete a utilizar la Web BETAMINIC y sus servicios y contenidos sin infringir la legislaci\u00f3n vigente, la buena fe y el orden p\u00fablico.<\/p>\n<p>Te autorizamos la visualizaci\u00f3n, impresi\u00f3n y descarga parcial del contenido de la p\u00e1gina web, s\u00f3lo y exclusivamente si concurren las siguientes condiciones:<\/p>\n<ul>\n<li>Que sea compatible con los fines de la p\u00e1gina web, sin que de cualquier forma se puede da\u00f1ar, inutilizar, sobrecargar o deteriorar el presente sitio web.<\/li>\n<li>Que se realice con el exclusivo \u00e1nimo de obtener la informaci\u00f3n contenida para uso personal y privado. Se proh\u00edbe expresamente su utilizaci\u00f3n con fines comerciales o para su distribuci\u00f3n, comunicaci\u00f3n p\u00fablica, transformaci\u00f3n o descompilaci\u00f3n.<\/li>\n<li>Que ninguno de los contenidos relacionados en la p\u00e1gina web sean modificados de manera alguna.<\/li>\n<li>Que ning\u00fan gr\u00e1fico, icono o imagen disponible en la p\u00e1gina web sea utilizado, copiado o distribuido separadamente del resto de im\u00e1genes que lo acompa\u00f1an.<\/li>\n<\/ul>\n<p><strong>Limitaci\u00f3n de la responsabilidad<\/strong><\/p>\n<p>La Web BETAMINIC no garantiza la inexistencia de interrupciones o errores en el acceso a <em>la p\u00e1gina web<\/em> o a su contenido, ni que \u00e9sta se encuentre actualizada, ya que la informaci\u00f3n deber ser considerada como divulgativa y orientadora.<\/p>\n<p>La Web BETAMINIC llevar\u00e1 a cabo, siempre que no concurran causas que lo hagan imposible o de dif\u00edcil ejecuci\u00f3n, y tan pronto tengas noticia de los errores, desconexiones o falta de actualizaci\u00f3n en los contenidos, todas a aquellas labores tendentes a subsanar los errores, restablecer la comunicaci\u00f3n y actualizar los contenidos.<\/p>\n<p>Tanto el acceso a la Web BETAMINIC como el uso indebido que pueda efectuarse de la informaci\u00f3n contenida en la misma es de la exclusiva responsabilidad de quien lo realiza. La Web BETAMINIC no responder\u00e1 de ninguna consecuencia, da\u00f1o o perjuicio que pudieran derivarse de dicho acceso o uso.<\/p>\n<p>La Web BETAMINIC no se hace responsable de los errores de seguridad que se puedan producir ni de los da\u00f1os que puedan causarse al sistema inform\u00e1tico del usuario (hardware y software), o a los ficheros o documentos almacenados en el mismo, como consecuencia de:<\/p>\n<ul>\n<li>La presencia de un virus en el ordenador del usuario que sea utilizado para la conexi\u00f3n a los servicios y contenidos de <em>la p\u00e1gina web<\/em>;<\/li>\n<li>Un mal funcionamiento del navegador;<\/li>\n<li>Del uso de versiones no actualizadas del mismo.<\/li>\n<\/ul>\n<p><strong>Propiedad Intelectual <\/strong><\/p>\n<p>Los contenidos, documentaci\u00f3n, im\u00e1genes, gr\u00e1ficos, logos y dise\u00f1os que forman la Web BETAMINIC (en adelante elementos corporativos) son propiedad de BETAMINIC y se encuentran debidamente protegidos de conformidad con la Ley Espa\u00f1ola e Internacional sobre Propiedad Intelectual, por lo que queda expresamente prohibida su reproducci\u00f3n o uso, en cualquiera de sus formas, sin la previa y expresa autorizaci\u00f3n de BETAMINIC.<\/p>\n<p>El acceso a esta Web Betaminic \u00a0no otorga a los usuarios ning\u00fan derecho, ni titularidad sobre los derechos de propiedad intelectual de los elementos corporativos aparte de los usos permitidos en las condiciones generales.<\/p>\n<p><strong>Enlaces<\/strong><\/p>\n<p>La Web BETAMINIC \u00a0no se hace responsable, en su caso, del contenido de otros sitios web vinculados o accesibles desde este sitio web a trav\u00e9s de enlaces de hipertexto. La inclusi\u00f3n de v\u00ednculos con otros sitios web no implica la aprobaci\u00f3n de sus contenidos por la Web BETAMINIC.<\/p>\n<p>La finalidad de estos enlaces es impulsar el acceso a otras fuentes de informaci\u00f3n en internet, realizando estas acciones sin \u00e1nimo de lucro.<\/p>\n<p>En el caso de que cualquier usuario, cliente o un tercero, considerara que el contenido o los servicios prestados por las p\u00e1ginas enlazadas son il\u00edcitos o lesionan bienes o derechos del propio usuario, de un cliente o de un tercero susceptibles de indemnizaci\u00f3n, y, en particular, los que lesionen los principios que se enumeran a continuaci\u00f3n:<\/p>\n<ul>\n<li>La salvaguarda del orden p\u00fablico, la investigaci\u00f3n penal, la seguridad p\u00fablica y la defensa nacional.<\/li>\n<li>La protecci\u00f3n de la salud p\u00fablica o de las personas f\u00edsicas o jur\u00eddicas que tengan la condici\u00f3n de consumidores y usuarios, incluso cuando act\u00faen como inversores.<\/li>\n<li>El respeto a la dignidad de la persona y el principio de no discriminaci\u00f3n por motivos de raza, sexo, religi\u00f3n, opini\u00f3n, nacionalidad, discapacidad o cualquier otra circunstancia personal o social.<\/li>\n<li>La protecci\u00f3n de la juventud y la infancia.<\/li>\n<\/ul>\n<p>podr\u00e1s ponerlo en conocimiento de BETAMINIC, no obstante, la recepci\u00f3n por esta de dicha comunicaci\u00f3n no supondr\u00e1 conocimiento a los efectos de la responsabilidad prevista en el art\u00edculo 17 de la LSSICE.<\/p>\n<p><strong>3. LEGISLACI\u00d3N<\/strong><\/p>\n<p>El presente Aviso Legal y las Condiciones de Compra se rigen por la legislaci\u00f3n espa\u00f1ola. Asimismo, las partes se someten, a su elecci\u00f3n, para la resoluci\u00f3n de los conflictos y con renuncia a cualquier otro fuero, a los juzgados y tribunales del domicilio de Madrid.<\/p>\n<p>&nbsp;<\/p>\n","protected":false},"excerpt":{"rendered":"<p class=\"post-excerpt\">&nbsp; 1. DATOS GENERALES En virtud del cumplimiento de la Ley 34\/2002, de 11 de Julio, de Servicios de Sociedad de la Informaci\u00f3n y Comercio Electr\u00f3nico (en adelante LSSICE), te informamos que el titular de la presente p\u00e1gina web es BETAMINIC BIGDATA SOLUTIONS, S.L., cuyos datos identificativos son los siguientes: BETAMINIC BIGDATA SOLUTIONS, S.L. Calle&#8230;\n<\/p>","protected":false},"author":1844,"featured_media":0,"parent":0,"menu_order":0,"comment_status":"closed","ping_status":"closed","template":"","meta":{"footnotes":""},"class_list":["post-754","page","type-page","status-publish","hentry"],"yoast_head":"<!-- This site is optimized with the Yoast SEO plugin v27.5 - https:\/\/yoast.com\/product\/yoast-seo-wordpress\/ -->\n<title>Informaci\u00f3n Legal - Betaminic.com<\/title>\n<meta name=\"robots\" content=\"noindex, follow\" \/>\n<meta property=\"og:locale\" content=\"es_ES\" \/>\n<meta property=\"og:type\" content=\"article\" \/>\n<meta property=\"og:title\" content=\"Informaci\u00f3n Legal - Betaminic.com\" \/>\n<meta property=\"og:description\" content=\"&nbsp; 1. DATOS GENERALES En virtud del cumplimiento de la Ley 34\/2002, de 11 de Julio, de Servicios de Sociedad de la Informaci\u00f3n y Comercio Electr\u00f3nico (en adelante LSSICE), te informamos que el titular de la presente p\u00e1gina web es BETAMINIC BIGDATA SOLUTIONS, S.L., cuyos datos identificativos son los siguientes: BETAMINIC BIGDATA SOLUTIONS, S.L. Calle...\" \/>\n<meta property=\"og:url\" content=\"https:\/\/www.betaminic.com\/es\/informacion-legal\/\" \/>\n<meta property=\"og:site_name\" content=\"Betaminic.com\" \/>\n<meta property=\"article:publisher\" content=\"https:\/\/www.facebook.com\/betaminic\/\" \/>\n<meta property=\"article:modified_time\" content=\"2020-06-17T15:25:09+00:00\" \/>\n<meta name=\"twitter:card\" content=\"summary_large_image\" \/>\n<meta name=\"twitter:site\" content=\"@betaminic\" \/>\n<meta name=\"twitter:label1\" content=\"Tiempo de lectura\" \/>\n\t<meta name=\"twitter:data1\" content=\"5 minutos\" \/>\n<script type=\"application\/ld+json\" class=\"yoast-schema-graph\">{\"@context\":\"https:\\\/\\\/schema.org\",\"@graph\":[{\"@type\":\"WebPage\",\"@id\":\"https:\\\/\\\/www.betaminic.com\\\/es\\\/informacion-legal\\\/\",\"url\":\"https:\\\/\\\/www.betaminic.com\\\/es\\\/informacion-legal\\\/\",\"name\":\"Informaci\u00f3n Legal - Betaminic.com\",\"isPartOf\":{\"@id\":\"https:\\\/\\\/www.betaminic.com\\\/es\\\/#website\"},\"datePublished\":\"2017-09-27T17:25:31+00:00\",\"dateModified\":\"2020-06-17T15:25:09+00:00\",\"breadcrumb\":{\"@id\":\"https:\\\/\\\/www.betaminic.com\\\/es\\\/informacion-legal\\\/#breadcrumb\"},\"inLanguage\":\"es\",\"potentialAction\":[{\"@type\":\"ReadAction\",\"target\":[\"https:\\\/\\\/www.betaminic.com\\\/es\\\/informacion-legal\\\/\"]}]},{\"@type\":\"BreadcrumbList\",\"@id\":\"https:\\\/\\\/www.betaminic.com\\\/es\\\/informacion-legal\\\/#breadcrumb\",\"itemListElement\":[{\"@type\":\"ListItem\",\"position\":1,\"name\":\"Home\",\"item\":\"https:\\\/\\\/www.betaminic.com\\\/es\\\/\"},{\"@type\":\"ListItem\",\"position\":2,\"name\":\"Informaci\u00f3n Legal\"}]},{\"@type\":\"WebSite\",\"@id\":\"https:\\\/\\\/www.betaminic.com\\\/es\\\/#website\",\"url\":\"https:\\\/\\\/www.betaminic.com\\\/es\\\/\",\"name\":\"Betaminic.com\",\"description\":\"\",\"publisher\":{\"@id\":\"https:\\\/\\\/www.betaminic.com\\\/es\\\/#organization\"},\"potentialAction\":[{\"@type\":\"SearchAction\",\"target\":{\"@type\":\"EntryPoint\",\"urlTemplate\":\"https:\\\/\\\/www.betaminic.com\\\/es\\\/?s={search_term_string}\"},\"query-input\":{\"@type\":\"PropertyValueSpecification\",\"valueRequired\":true,\"valueName\":\"search_term_string\"}}],\"inLanguage\":\"es\"},{\"@type\":\"Organization\",\"@id\":\"https:\\\/\\\/www.betaminic.com\\\/es\\\/#organization\",\"name\":\"Betaminic Bigdata Solutions, S.L.\",\"alternateName\":\"Betaminic\",\"url\":\"https:\\\/\\\/www.betaminic.com\\\/es\\\/\",\"logo\":{\"@type\":\"ImageObject\",\"inLanguage\":\"es\",\"@id\":\"https:\\\/\\\/www.betaminic.com\\\/es\\\/#\\\/schema\\\/logo\\\/image\\\/\",\"url\":\"https:\\\/\\\/www.betaminic.com\\\/wp-content\\\/uploads\\\/2017\\\/09\\\/betaminic-front-logo.png\",\"contentUrl\":\"https:\\\/\\\/www.betaminic.com\\\/wp-content\\\/uploads\\\/2017\\\/09\\\/betaminic-front-logo.png\",\"width\":250,\"height\":67,\"caption\":\"Betaminic Bigdata Solutions, S.L.\"},\"image\":{\"@id\":\"https:\\\/\\\/www.betaminic.com\\\/es\\\/#\\\/schema\\\/logo\\\/image\\\/\"},\"sameAs\":[\"https:\\\/\\\/www.facebook.com\\\/betaminic\\\/\",\"https:\\\/\\\/x.com\\\/betaminic\",\"https:\\\/\\\/www.youtube.com\\\/channel\\\/UCO8zcebQOIOw2Bqi-wpMafQ\"]}]}<\/script>\n<!-- \/ Yoast SEO plugin. -->","yoast_head_json":{"title":"Informaci\u00f3n Legal - Betaminic.com","robots":{"index":"noindex","follow":"follow"},"og_locale":"es_ES","og_type":"article","og_title":"Informaci\u00f3n Legal - Betaminic.com","og_description":"&nbsp; 1. DATOS GENERALES En virtud del cumplimiento de la Ley 34\/2002, de 11 de Julio, de Servicios de Sociedad de la Informaci\u00f3n y Comercio Electr\u00f3nico (en adelante LSSICE), te informamos que el titular de la presente p\u00e1gina web es BETAMINIC BIGDATA SOLUTIONS, S.L., cuyos datos identificativos son los siguientes: BETAMINIC BIGDATA SOLUTIONS, S.L. Calle...","og_url":"https:\/\/www.betaminic.com\/es\/informacion-legal\/","og_site_name":"Betaminic.com","article_publisher":"https:\/\/www.facebook.com\/betaminic\/","article_modified_time":"2020-06-17T15:25:09+00:00","twitter_card":"summary_large_image","twitter_site":"@betaminic","twitter_misc":{"Tiempo de lectura":"5 minutos"},"schema":{"@context":"https:\/\/schema.org","@graph":[{"@type":"WebPage","@id":"https:\/\/www.betaminic.com\/es\/informacion-legal\/","url":"https:\/\/www.betaminic.com\/es\/informacion-legal\/","name":"Informaci\u00f3n Legal - Betaminic.com","isPartOf":{"@id":"https:\/\/www.betaminic.com\/es\/#website"},"datePublished":"2017-09-27T17:25:31+00:00","dateModified":"2020-06-17T15:25:09+00:00","breadcrumb":{"@id":"https:\/\/www.betaminic.com\/es\/informacion-legal\/#breadcrumb"},"inLanguage":"es","potentialAction":[{"@type":"ReadAction","target":["https:\/\/www.betaminic.com\/es\/informacion-legal\/"]}]},{"@type":"BreadcrumbList","@id":"https:\/\/www.betaminic.com\/es\/informacion-legal\/#breadcrumb","itemListElement":[{"@type":"ListItem","position":1,"name":"Home","item":"https:\/\/www.betaminic.com\/es\/"},{"@type":"ListItem","position":2,"name":"Informaci\u00f3n Legal"}]},{"@type":"WebSite","@id":"https:\/\/www.betaminic.com\/es\/#website","url":"https:\/\/www.betaminic.com\/es\/","name":"Betaminic.com","description":"","publisher":{"@id":"https:\/\/www.betaminic.com\/es\/#organization"},"potentialAction":[{"@type":"SearchAction","target":{"@type":"EntryPoint","urlTemplate":"https:\/\/www.betaminic.com\/es\/?s={search_term_string}"},"query-input":{"@type":"PropertyValueSpecification","valueRequired":true,"valueName":"search_term_string"}}],"inLanguage":"es"},{"@type":"Organization","@id":"https:\/\/www.betaminic.com\/es\/#organization","name":"Betaminic Bigdata Solutions, S.L.","alternateName":"Betaminic","url":"https:\/\/www.betaminic.com\/es\/","logo":{"@type":"ImageObject","inLanguage":"es","@id":"https:\/\/www.betaminic.com\/es\/#\/schema\/logo\/image\/","url":"https:\/\/www.betaminic.com\/wp-content\/uploads\/2017\/09\/betaminic-front-logo.png","contentUrl":"https:\/\/www.betaminic.com\/wp-content\/uploads\/2017\/09\/betaminic-front-logo.png","width":250,"height":67,"caption":"Betaminic Bigdata Solutions, S.L."},"image":{"@id":"https:\/\/www.betaminic.com\/es\/#\/schema\/logo\/image\/"},"sameAs":["https:\/\/www.facebook.com\/betaminic\/","https:\/\/x.com\/betaminic","https:\/\/www.youtube.com\/channel\/UCO8zcebQOIOw2Bqi-wpMafQ"]}]}},"_links":{"self":[{"href":"https:\/\/www.betaminic.com\/es\/wp-json\/wp\/v2\/pages\/754","targetHints":{"allow":["GET"]}}],"collection":[{"href":"https:\/\/www.betaminic.com\/es\/wp-json\/wp\/v2\/pages"}],"about":[{"href":"https:\/\/www.betaminic.com\/es\/wp-json\/wp\/v2\/types\/page"}],"author":[{"embeddable":true,"href":"https:\/\/www.betaminic.com\/es\/wp-json\/wp\/v2\/users\/1844"}],"replies":[{"embeddable":true,"href":"https:\/\/www.betaminic.com\/es\/wp-json\/wp\/v2\/comments?post=754"}],"version-history":[{"count":7,"href":"https:\/\/www.betaminic.com\/es\/wp-json\/wp\/v2\/pages\/754\/revisions"}],"predecessor-version":[{"id":22415,"href":"https:\/\/www.betaminic.com\/es\/wp-json\/wp\/v2\/pages\/754\/revisions\/22415"}],"wp:attachment":[{"href":"https:\/\/www.betaminic.com\/es\/wp-json\/wp\/v2\/media?parent=754"}],"curies":[{"name":"wp","href":"https:\/\/api.w.org\/{rel}","templated":true}]}}